{"id":352,"date":"2025-10-25T09:42:08","date_gmt":"2025-10-25T01:42:08","guid":{"rendered":"http:\/\/zsj.hyhdemo.top\/?post_type=product&#038;p=352"},"modified":"2025-11-03T15:08:38","modified_gmt":"2025-11-03T07:08:38","slug":"gb2-25-%d8%a7%d9%84%d9%83%d9%87%d8%b1%d8%a8%d8%a7%d8%a6%d9%8a%d8%a9","status":"publish","type":"product","link":"https:\/\/www.cgbmgroup.com\/ar\/product\/gb2-25-%d8%a7%d9%84%d9%83%d9%87%d8%b1%d8%a8%d8%a7%d8%a6%d9%8a%d8%a9\/","title":{"rendered":"\u0645\u0627\u0643\u064a\u0646\u0629 \u0627\u0644\u0628\u0644\u0648\u0643 \u0627\u0644\u0623\u0648\u062a\u0648\u0645\u0627\u062a\u064a\u0643\u064a\u0629 \u0627\u0644\u0643\u0647\u0631\u0628\u0627\u0626\u064a\u0629 GB2-25"},"content":{"rendered":"<p>\u064a\u062a\u0639\u0627\u0645\u0644 \u0627\u0644\u0646\u0638\u0627\u0645 \u0645\u0639 \u0627\u0644\u0623\u0633\u0645\u0646\u062a \u0648\u0627\u0644\u0631\u0645\u0644 \u0648\u0627\u0644\u062d\u0635\u0649 \u0648\u0627\u0644\u0631\u0645\u0627\u062f \u0627\u0644\u0645\u062a\u0637\u0627\u064a\u0631 \u0648\u0627\u0644\u062e\u0628\u062b \u0648\u0627\u0644\u062f\u0642\u0627\u0626\u0642 \u0627\u0644\u0645\u0639\u0627\u062f \u062a\u062f\u0648\u064a\u0631\u0647\u0627\u061b \u062d\u064a\u062b \u064a\u062a\u0645 \u062a\u062d\u0633\u064a\u0646 \u0646\u0633\u0628 \u0627\u0644\u0645\u0627\u0621\/\u0627\u0644\u0623\u0633\u0645\u0646\u062a \u0645\u0646 \u0623\u062c\u0644 \u0627\u0644\u0642\u0648\u0629 \u0648\u0627\u0644\u062a\u0634\u0637\u064a\u0628. \u0627\u0644\u0645\u0646\u062a\u062c\u0627\u062a \u0627\u0644\u0646\u0645\u0648\u0630\u062c\u064a\u0629: \u0643\u062a\u0644\u0629 \u0645\u062c\u0648\u0641\u0629 390\u00d7190\u00d7190 \u00d7 190\u00d7190\u060c \u0648\u0631\u0635\u0641 200\u00d7100\u00d760\u060c \u0648\u0623\u062d\u062c\u0627\u0631 \u0627\u0644\u0631\u0635\u064a\u0641\u060c \u0648\u0627\u0644\u0637\u0648\u0628 \u0627\u0644\u0635\u0644\u0628\u060c \u0648\u0623\u0631\u0636\u064a\u0627\u062a \u0627\u0644\u0639\u0634\u0628. \u0627\u0644\u0633\u0644\u0627\u0645\u0629 \u0645\u062f\u0645\u062c\u0629 \u0645\u0646 \u062e\u0644\u0627\u0644 \u0627\u0644\u0633\u062a\u0627\u0626\u0631 \u0627\u0644\u0636\u0648\u0626\u064a\u0629\u060c \u0648\u062f\u0648\u0627\u0626\u0631 \u0627\u0644\u0637\u0648\u0627\u0631\u0626\u060c \u0648\u0648\u0633\u0627\u0626\u0644 \u0627\u0644\u062d\u0645\u0627\u064a\u0629 \u0645\u0646 \u0639\u0632\u0645 \u0627\u0644\u062f\u0648\u0631\u0627\u0646\/\u0627\u0644\u0636\u063a\u0637. \u064a\u0642\u0644\u0644 \u0627\u0644\u062f\u0639\u0645 \u0639\u0646 \u0628\u064f\u0639\u062f \u0648\u0648\u0627\u062c\u0647\u0629 \u0627\u0644\u0645\u0633\u062a\u062e\u062f\u0645 \u0645\u062a\u0639\u062f\u062f\u0629 \u0627\u0644\u0644\u063a\u0627\u062a \u0645\u0646 \u0648\u0642\u062a \u0627\u0644\u062a\u0634\u063a\u064a\u0644 \u0648\u062a\u0643\u0627\u0644\u064a\u0641 \u0627\u0644\u062a\u062f\u0631\u064a\u0628. \u0645\u062a\u0648\u0627\u0641\u0642 \u0645\u0639 CE\/ISO.<\/p>\n<p>&nbsp;<\/p>\n<table style=\"border-collapse: collapse; width: 659.27pt;\" border=\"0\" width=\"879\" cellspacing=\"0\" cellpadding=\"0\">\n<tbody>\n<tr style=\"height: 13.50pt;\">\n<td class=\"et2\" style=\"height: 13.50pt; width: 246.00pt;\" width=\"328\" height=\"18\">\u0627\u0644\u0628\u0646\u062f<\/td>\n<td class=\"et2\" style=\"width: 413.25pt;\" width=\"551\">\u0627\u0644\u0645\u0648\u0627\u0635\u0641\u0627\u062a<\/td>\n<\/tr>\n<tr style=\"height: 13.50pt;\">\n<td style=\"height: 13.50pt;\" height=\"18\">\u0637\u0631\u064a\u0642\u0629 \u0627\u0644\u062a\u062d\u0643\u0645<\/td>\n<td>\u0627\u0644\u062a\u062d\u0643\u0645 \u0627\u0644\u064a\u062f\u0648\u064a<\/td>\n<\/tr>\n<tr style=\"height: 13.50pt;\">\n<td style=\"height: 13.50pt;\" height=\"18\">\u062f\u0648\u0631\u0629 \u0627\u0644\u062a\u0634\u0643\u064a\u0644<\/td>\n<td>30~40s<\/td>\n<\/tr>\n<tr style=\"height: 13.50pt;\">\n<td style=\"height: 13.50pt;\" height=\"18\">\u0642\u0648\u0629 \u0627\u0644\u0636\u063a\u0637 \u0627\u0644\u0642\u0635\u0648\u0649<\/td>\n<td>75 \u0643\u064a\u0644\u0648 \u0646\u064a\u0648\u062a\u0646<\/td>\n<\/tr>\n<tr style=\"height: 13.50pt;\">\n<td style=\"height: 13.50pt;\" height=\"18\">\u0642\u0648\u0629 \u0627\u0644\u062a\u0641\u0643\u064a\u0643 \u0627\u0644\u0642\u0635\u0648\u0649<\/td>\n<td>75 \u0643\u064a\u0644\u0648 \u0646\u064a\u0648\u062a\u0646<\/td>\n<\/tr>\n<tr style=\"height: 13.50pt;\">\n<td style=\"height: 13.50pt;\" height=\"18\">\u0627\u0644\u0636\u063a\u0637 \u0627\u0644\u0645\u0642\u062f\u0631<\/td>\n<td>16 \u0645\u064a\u062c\u0627 \u0628\u0627\u0633\u0643\u0627\u0644<\/td>\n<\/tr>\n<tr style=\"height: 13.50pt;\">\n<td style=\"height: 13.50pt;\" height=\"18\">\u0623\u0642\u0635\u0649 \u062f\u0631\u062c\u0629 \u062d\u0631\u0627\u0631\u0629 \u0627\u0644\u0632\u064a\u062a \u0627\u0644\u0645\u0633\u0645\u0648\u062d \u0628\u0647\u0627<\/td>\n<td>60\u2103<\/td>\n<\/tr>\n<tr style=\"height: 13.50pt;\">\n<td style=\"height: 13.50pt;\" height=\"18\">\u0627\u0644\u0637\u0648\u0628 \u0627\u0644\u0645\u062a\u0634\u0627\u0628\u0643<\/td>\n<td>300\u00d7150\u00d7200 (2 \u0642\u0637\u0639\u0629\/\u0642\u0627\u0644\u0628)<\/td>\n<\/tr>\n<tr style=\"height: 13.50pt;\">\n<td style=\"height: 13.50pt;\" height=\"18\">\u0637\u0648\u0628 \u0645\u062c\u0648\u0641<\/td>\n<td>240\u00d7115\u00d7115\u00d790 (2 \u0642\u0637\u0639\u0629\/\u0642\u0627\u0644\u0628)<\/td>\n<\/tr>\n<tr style=\"height: 13.50pt;\">\n<td style=\"height: 13.50pt;\" height=\"18\">\u0627\u0644\u0637\u0648\u0628 \u0627\u0644\u0642\u064a\u0627\u0633\u064a<\/td>\n<td>240\u00d7115\u00d7115\u00d753 (4 \u0642\u0637\u0639\/\u0642\u0627\u0644\u0628)<\/td>\n<\/tr>\n<tr style=\"height: 13.50pt;\">\n<td style=\"height: 13.50pt;\" height=\"18\">\u0642\u0631\u0645\u064a\u062f \u0627\u0644\u0631\u0635\u0641<\/td>\n<td>200 \u00d7 100 \u00d7 60 (2 \u0642\u0637\u0639\u0629\/\u0642\u0627\u0644\u0628)<\/td>\n<\/tr>\n<tr style=\"height: 13.50pt;\">\n<td style=\"height: 13.50pt;\" height=\"18\">\u0628\u0631\u064a\u0643<\/td>\n<td>225 \u00d7 112.5 \u00d7 112.5 \u00d7 60 (2 \u0642\u0637\u0639\u0629\/\u0642\u0627\u0644\u0628)<\/td>\n<\/tr>\n<tr style=\"height: 13.50pt;\">\n<td style=\"height: 13.50pt;\" height=\"18\">\u0627\u0644\u0645\u0636\u062e\u0629 \u0627\u0644\u0647\u064a\u062f\u0631\u0648\u0644\u064a\u0643\u064a\u0629<\/td>\n<td>\u0645\u0636\u062e\u0629 \u0627\u0644\u062a\u0631\u0648\u0633 CBT-F310\u060c \u0645\u0636\u062e\u0629 \u0627\u0644\u062a\u0631\u0648\u0633 CBT-F310\u060c \u0627\u0644\u0625\u0632\u0627\u062d\u0629 10 \u0645\u0644\/\u0644\u062a\u0631<\/td>\n<\/tr>\n<tr style=\"height: 13.50pt;\">\n<td style=\"height: 13.50pt;\" height=\"18\">\u0637\u0627\u0642\u0629 \u0627\u0644\u062a\u0634\u063a\u064a\u0644<\/td>\n<td>3 \u0643\u064a\u0644\u0648 \u0648\u0627\u062a<\/td>\n<\/tr>\n<tr style=\"height: 13.50pt;\">\n<td style=\"height: 13.50pt;\" height=\"18\">\u0645\u062d\u0631\u0643 \u0627\u0644\u0645\u062d\u0637\u0629 \u0627\u0644\u0647\u064a\u062f\u0631\u0648\u0644\u064a\u0643\u064a\u0629<\/td>\n<td>Y100L-2-4\u060c 3.0 \u0643\u064a\u0644\u0648 \u0648\u0627\u062a\u060c 1400 \u0644\u0641\u0629\/\u0627\u0644\u062f\u0642\u064a\u0642\u0629<\/td>\n<\/tr>\n<tr style=\"height: 13.50pt;\">\n<td style=\"height: 13.50pt;\" height=\"18\">\u0627\u0644\u0623\u0628\u0639\u0627\u062f \u0627\u0644\u0643\u0644\u064a\u0629<\/td>\n<td>\u0627\u0644\u0637\u0648\u0644 1200 \u00d7 \u0627\u0644\u0639\u0631\u0636 900 \u00d7 \u0627\u0644\u0639\u0631\u0636 900 \u00d7 \u0627\u0644\u0627\u0631\u062a\u0641\u0627\u0639 1460 \u0645\u0645<\/td>\n<\/tr>\n<\/tbody>\n<\/table>","protected":false},"excerpt":{"rendered":"<p>\u0635\u064f\u0645\u0645\u062a \u0645\u0627\u0643\u064a\u0646\u0629 \u0627\u0644\u0628\u0644\u0648\u0643 \u0644\u0645\u0635\u0627\u0646\u0639 \u0645\u0646\u062a\u062c\u0627\u062a \u0627\u0644\u062e\u0631\u0633\u0627\u0646\u0629 \u0639\u0627\u0644\u064a\u0629 \u0627\u0644\u0625\u0646\u062a\u0627\u062c\u064a\u0629\u060c \u0648\u0647\u064a \u062a\u0648\u0641\u0631 \u062c\u0648\u062f\u0629 \u0642\u0627\u0628\u0644\u0629 \u0644\u0644\u062a\u0643\u0631\u0627\u0631 \u0645\u0639 \u062a\u0642\u0644\u064a\u0644 \u0627\u0644\u0639\u0645\u0627\u0644\u0629 \u0648\u0627\u0633\u062a\u0647\u0644\u0627\u0643 \u0627\u0644\u0637\u0627\u0642\u0629. \u062a\u0639\u062a\u0645\u062f \u0637\u0627\u0648\u0644\u0629 \u0627\u0644\u0627\u0647\u062a\u0632\u0627\u0632 \u0639\u0644\u0649 \u0645\u062b\u064a\u0631\u0627\u062a \u0645\u062a\u0639\u062f\u062f\u0629 \u0627\u0644\u0646\u0642\u0627\u0637 \u0648\u0639\u0627\u0644\u064a\u0629 \u0627\u0644\u062a\u0631\u062f\u062f \u0645\u062a\u0632\u0627\u0645\u0646\u0629 \u0645\u0639 \u0627\u0644\u0636\u063a\u0637 \u0627\u0644\u0647\u064a\u062f\u0631\u0648\u0644\u064a\u0643\u064a \u0644\u0636\u063a\u0637 \u0627\u0644\u0645\u0632\u064a\u062c \u0628\u0633\u0631\u0639\u0629 \u0648\u0628\u0634\u0643\u0644 \u0645\u062a\u0633\u0627\u0648\u064d - \u0645\u0645\u0627 \u064a\u062d\u0642\u0642 \u0643\u062b\u0627\u0641\u0629 \u0639\u0627\u0644\u064a\u0629 \u0648\u0633\u0644\u0627\u0645\u0629 \u0627\u0644\u062d\u0648\u0627\u0641 \u0648\u0627\u0645\u062a\u0635\u0627\u0635 \u0645\u0646\u062e\u0641\u0636 \u0644\u0644\u0645\u0627\u0621. \u062a\u0639\u0645\u0644 \u0645\u062d\u0631\u0643\u0627\u062a \u0627\u0644\u062a\u0631\u062f\u062f \u0627\u0644\u0645\u062a\u063a\u064a\u0631 (VFDs) \u0639\u0644\u0649 \u062a\u062d\u0633\u064a\u0646 \u0633\u0639\u0629 \u0627\u0644\u0627\u0647\u062a\u0632\u0627\u0632 \u062d\u0633\u0628 \u0646\u0648\u0639 \u0627\u0644\u0645\u0646\u062a\u062c\u060c \u0645\u0645\u0627 \u064a\u062d\u0645\u064a \u0627\u0644\u0642\u0648\u0627\u0644\u0628 \u0645\u0639 \u062a\u0642\u0635\u064a\u0631 \u0632\u0645\u0646 \u0627\u0644\u062f\u0648\u0631\u0629.<\/p>\n<p>\u062a\u062a\u0636\u0645\u0646 \u0627\u0644\u0648\u062d\u062f\u0627\u062a \u0627\u0644\u0642\u0627\u0628\u0644\u0629 \u0644\u0644\u062a\u0643\u0648\u064a\u0646 \u0645\u0627 \u064a\u0644\u064a:<\/p>\n<ul>\n<li>\u062e\u0644\u0637 \u0627\u0644\u0631\u0643\u0627\u0645 \u0648\u0627\u0644\u062e\u0644\u0637 (\u062c\u0627\u0641\/\u0631\u0637\u0628\u060c \u062c\u0627\u0647\u0632 \u0644\u0644\u062e\u0644\u0637 \u0627\u0644\u0648\u062c\u0647\u064a)<\/li>\n<li>\u0645\u0648\u0632\u0639 \u0623\u0648\u062a\u0648\u0645\u0627\u062a\u064a\u0643\u064a \u0644\u0644\u0645\u0646\u0635\u0627\u062a \u0627\u0644\u0646\u0642\u0627\u0644\u0629 \u0648\u0645\u0632\u064a\u062a \u0627\u0644\u0641\u0631\u0634\u0627\u0629<\/li>\n<li>\u0645\u0635\u0639\u062f \u0627\u0644\u062c\u0627\u0646\u0628 \u0627\u0644\u0631\u0637\u0628\u060c \u0648\u0639\u0631\u0628\u0629 \u0627\u0644\u0623\u0635\u0627\u0628\u0639 \u0648\u0631\u0641\u0648\u0641 \u0627\u0644\u0645\u0639\u0627\u0644\u062c\u0629 (\u0628\u062e\u0627\u0631 \u0623\u0648 \u0637\u0628\u064a\u0639\u064a)<\/li>\n<li>\u062c\u0647\u0627\u0632 \u0625\u0646\u0632\u0627\u0644 \u0627\u0644\u062c\u0627\u0646\u0628 \u0627\u0644\u062c\u0627\u0641\u060c \u0648\u062e\u0637 \u0627\u0644\u062a\u062e\u0632\u064a\u0646 \u0627\u0644\u0645\u0624\u0642\u062a\u060c \u0648\u0627\u0644\u0645\u0643\u0639\u0628 \u0627\u0644\u0622\u0644\u064a<\/li>\n<li>\u0627\u0644\u0631\u0628\u0637 \u0627\u0644\u0645\u0636\u0645\u0646 \u0648\u0627\u0644\u062a\u063a\u0630\u064a\u0629 \u0627\u0644\u062e\u0627\u0631\u062c\u064a\u0629 \u0644\u0644\u0645\u0646\u0635\u0627\u062a \u0627\u0644\u0646\u0642\u0627\u0644\u0629 \u0627\u0644\u062c\u0627\u0647\u0632\u0629<\/li>\n<\/ul>","protected":false},"featured_media":353,"comment_status":"open","ping_status":"closed","template":"","meta":[],"product_brand":[],"product_cat":[15],"product_tag":[],"class_list":{"0":"post-352","1":"product","2":"type-product","3":"status-publish","4":"has-post-thumbnail","6":"product_cat-concrete-block-machines","8":"first","9":"instock","10":"shipping-taxable","11":"product-type-simple"},"_links":{"self":[{"href":"https:\/\/www.cgbmgroup.com\/ar\/wp-json\/wp\/v2\/product\/352","targetHints":{"allow":["GET"]}}],"collection":[{"href":"https:\/\/www.cgbmgroup.com\/ar\/wp-json\/wp\/v2\/product"}],"about":[{"href":"https:\/\/www.cgbmgroup.com\/ar\/wp-json\/wp\/v2\/types\/product"}],"replies":[{"embeddable":true,"href":"https:\/\/www.cgbmgroup.com\/ar\/wp-json\/wp\/v2\/comments?post=352"}],"wp:featuredmedia":[{"embeddable":true,"href":"https:\/\/www.cgbmgroup.com\/ar\/wp-json\/wp\/v2\/media\/353"}],"wp:attachment":[{"href":"https:\/\/www.cgbmgroup.com\/ar\/wp-json\/wp\/v2\/media?parent=352"}],"wp:term":[{"taxonomy":"product_brand","embeddable":true,"href":"https:\/\/www.cgbmgroup.com\/ar\/wp-json\/wp\/v2\/product_brand?post=352"},{"taxonomy":"product_cat","embeddable":true,"href":"https:\/\/www.cgbmgroup.com\/ar\/wp-json\/wp\/v2\/product_cat?post=352"},{"taxonomy":"product_tag","embeddable":true,"href":"https:\/\/www.cgbmgroup.com\/ar\/wp-json\/wp\/v2\/product_tag?post=352"}],"curies":[{"name":"wp","href":"https:\/\/api.w.org\/{rel}","templated":true}]}}