{"id":562,"date":"2025-11-03T11:18:54","date_gmt":"2025-11-03T03:18:54","guid":{"rendered":"http:\/\/zsj.hyhdemo.top\/?post_type=product&#038;p=562"},"modified":"2025-11-03T11:18:54","modified_gmt":"2025-11-03T03:18:54","slug":"%d9%85%d8%a7%d9%83%d9%8a%d9%86%d8%a9-%d8%b6%d8%ba%d8%b7-%d9%87%d9%8a%d8%af%d8%b1%d9%88%d9%84%d9%8a%d9%83%d9%8a%d8%a9-gb1000-800-600t","status":"publish","type":"product","link":"https:\/\/www.cgbmgroup.com\/ar\/product\/%d9%85%d8%a7%d9%83%d9%8a%d9%86%d8%a9-%d8%b6%d8%ba%d8%b7-%d9%87%d9%8a%d8%af%d8%b1%d9%88%d9%84%d9%8a%d9%83%d9%8a%d8%a9-gb1000-800-600t\/","title":{"rendered":"\u0645\u0627\u0643\u064a\u0646\u0629 \u0627\u0644\u0636\u063a\u0637 \u0627\u0644\u0647\u064a\u062f\u0631\u0648\u0644\u064a\u0643\u064a GB1000\/800\/600T"},"content":{"rendered":"<table width=\"648\">\n<tbody>\n<tr>\n<td width=\"189\">GB1000\/800\/800\/600T<\/td>\n<td width=\"153\"><\/td>\n<td width=\"153\"><\/td>\n<td width=\"153\"><\/td>\n<\/tr>\n<tr>\n<td>\u0627\u0644\u0645\u0639\u0644\u0645\u0629 \u0627\u0644\u0631\u0626\u064a\u0633\u064a\u0629<\/td>\n<td>1000T<\/td>\n<td>800T<\/td>\n<td>600T<\/td>\n<\/tr>\n<tr>\n<td>\u0627\u0644\u062d\u062f \u0627\u0644\u0623\u0642\u0635\u0649 \u0644\u0644\u0636\u063a\u0637<\/td>\n<td>10000 \u0643\u064a\u0644\u0648 \u0646\u064a\u0648\u062a\u0646<\/td>\n<td>8000 \u0643\u064a\u0644\u0648 \u0646\u064a\u0648\u062a\u0646<\/td>\n<td>6000 \u0643\u064a\u0644\u0648 \u0646\u064a\u0648\u062a\u0646<\/td>\n<\/tr>\n<tr>\n<td>\u062f\u0648\u0631\u0629 \u0627\u0644\u062a\u0634\u0643\u064a\u0644<\/td>\n<td>19-25S<\/td>\n<td>19-25S<\/td>\n<td>19-25S<\/td>\n<\/tr>\n<tr>\n<td>\u0623\u0633\u0637\u0648\u0627\u0646\u0629 \u0627\u0644\u0645\u0636\u064a\u0641<\/td>\n<td>600m<\/td>\n<td>580 \u0645\u0645<\/td>\n<td>500 \u0645\u0645<\/td>\n<\/tr>\n<tr>\n<td>\u0627\u0644\u0646\u0645\u0648\u0630\u062c \u0627\u0644\u0635\u062d\u0641\u064a<\/td>\n<td>\u0636\u063a\u0637 \u0627\u0644\u062f\u0648\u0628\u0648\u0644\u064a<\/td>\n<td>\u0636\u063a\u0637 \u0648\u0627\u062d\u062f<\/td>\n<td>\u0636\u063a\u0637 \u0648\u0627\u062d\u062f<\/td>\n<\/tr>\n<tr>\n<td>\u0637\u0627\u0642\u0629 \u0627\u0644\u0645\u062d\u0631\u0643 \u0627\u0644\u0631\u0626\u064a\u0633\u064a<\/td>\n<td>55 \u0643\u064a\u0644\u0648 \u0648\u0627\u062a<\/td>\n<td>45 \u0643\u064a\u0644\u0648 \u0648\u0627\u062a<\/td>\n<td>37 \u0643\u064a\u0644\u0648 \u0648\u0627\u062a<\/td>\n<\/tr>\n<tr>\n<td>\u062d\u062c\u0645 \u0627\u0644\u0645\u0646\u0635\u0629<\/td>\n<td>\u0645\u0646\u0635\u0629 \u0646\u0642\u0627\u0644\u0629 \u0645\u062c\u0627\u0646\u064a\u0629<\/td>\n<td>1000\u00d7880\u00d720 \u0645\u0645<\/td>\n<td>920\u00d7580\u00d720 \u0645\u0645<\/td>\n<\/tr>\n<tr>\n<td>\u0645\u062d\u0631\u0643 \u0641\u0627\u064a\u0628\u0631\u062a\u064a\u0648\u0646<\/td>\n<td>\u0644\u0627 \u064a\u0648\u062c\u062f<\/td>\n<td>7.5 \u0643\u064a\u0644\u0648 \u0648\u0627\u062a \u00d7 2 \u00d7 7.5 \u0643\u064a\u0644\u0648 \u0648\u0627\u062a<\/td>\n<td>5.5 \u0643\u064a\u0644\u0648\u0648\u0627\u0637\u00d72<\/td>\n<\/tr>\n<tr>\n<td colspan=\"4\">\u0627\u0644\u0625\u0646\u062a\u0627\u062c\u064a\u0629<\/td>\n<\/tr>\n<tr>\n<td>238\u00d7115\u00d750 \u0642\u0631\u0645\u064a\u062f \u0633\u062a\u0627\u0646\u062f\u0631\u062f 238\u00d7115\u00d750<\/td>\n<td>32 \u062c\u0647\u0627\u0632 \u0643\u0645\u0628\u064a\u0648\u062a\u0631<\/td>\n<td>39 \u062c\u0647\u0627\u0632 \u0643\u0645\u0628\u064a\u0648\u062a\u0631<\/td>\n<td>24 \u062c\u0647\u0627\u0632 \u0643\u0645\u0628\u064a\u0648\u062a\u0631<\/td>\n<\/tr>\n<tr>\n<td>200\u00d7100\u00d760 \u0642\u0631\u0645\u064a\u062f \u0631\u0635\u0641 200\u00d7100\u00d760<\/td>\n<td>16 \u062c\u0647\u0627\u0632 \u0643\u0645\u0628\u064a\u0648\u062a\u0631<\/td>\n<td>28 \u062c\u0647\u0627\u0632 \u0643\u0645\u0628\u064a\u0648\u062a\u0631<\/td>\n<td>16 \u062c\u0647\u0627\u0632 \u0643\u0645\u0628\u064a\u0648\u062a\u0631<\/td>\n<\/tr>\n<\/tbody>\n<\/table>","protected":false},"excerpt":{"rendered":"<p>GB1000\/800\/600T Main Parameter 1000T 800T 600T Max Pressure 10000KN 8000KN 6000KN Forming Cycle 19-25S 19-25S 19-25S Host Cylinder 600m 580mm 500mm Press Form Dobule Pressure Single Pressure Single Pressure Main Motor Power 55KW 45KW 37KW Pallet Size Pallet Free 1000\u00d7880\u00d720mm 920\u00d7580\u00d720mm Vibertion Motor NON 7.5KW\u00d72 5.5KW\u00d72 Productivity 238\u00d7115\u00d750 Standar Brick 32 pc 39 pc 24 [&hellip;]<\/p>\n","protected":false},"featured_media":563,"comment_status":"open","ping_status":"closed","template":"","meta":[],"product_brand":[],"product_cat":[15],"product_tag":[],"class_list":{"0":"post-562","1":"product","2":"type-product","3":"status-publish","4":"has-post-thumbnail","6":"product_cat-concrete-block-machines","8":"first","9":"instock","10":"shipping-taxable","11":"product-type-simple"},"_links":{"self":[{"href":"https:\/\/www.cgbmgroup.com\/ar\/wp-json\/wp\/v2\/product\/562","targetHints":{"allow":["GET"]}}],"collection":[{"href":"https:\/\/www.cgbmgroup.com\/ar\/wp-json\/wp\/v2\/product"}],"about":[{"href":"https:\/\/www.cgbmgroup.com\/ar\/wp-json\/wp\/v2\/types\/product"}],"replies":[{"embeddable":true,"href":"https:\/\/www.cgbmgroup.com\/ar\/wp-json\/wp\/v2\/comments?post=562"}],"wp:featuredmedia":[{"embeddable":true,"href":"https:\/\/www.cgbmgroup.com\/ar\/wp-json\/wp\/v2\/media\/563"}],"wp:attachment":[{"href":"https:\/\/www.cgbmgroup.com\/ar\/wp-json\/wp\/v2\/media?parent=562"}],"wp:term":[{"taxonomy":"product_brand","embeddable":true,"href":"https:\/\/www.cgbmgroup.com\/ar\/wp-json\/wp\/v2\/product_brand?post=562"},{"taxonomy":"product_cat","embeddable":true,"href":"https:\/\/www.cgbmgroup.com\/ar\/wp-json\/wp\/v2\/product_cat?post=562"},{"taxonomy":"product_tag","embeddable":true,"href":"https:\/\/www.cgbmgroup.com\/ar\/wp-json\/wp\/v2\/product_tag?post=562"}],"curies":[{"name":"wp","href":"https:\/\/api.w.org\/{rel}","templated":true}]}}