{"id":571,"date":"2025-11-03T11:38:10","date_gmt":"2025-11-03T03:38:10","guid":{"rendered":"http:\/\/zsj.hyhdemo.top\/?post_type=product&#038;p=571"},"modified":"2025-11-03T11:38:51","modified_gmt":"2025-11-03T03:38:51","slug":"%d8%ae%d9%84%d8%a7%d8%b7%d8%a9-%d8%a7%d9%84%d8%ae%d8%b1%d8%b3%d8%a7%d9%86%d8%a9-jq","status":"publish","type":"product","link":"https:\/\/www.cgbmgroup.com\/ar\/product\/%d8%ae%d9%84%d8%a7%d8%b7%d8%a9-%d8%a7%d9%84%d8%ae%d8%b1%d8%b3%d8%a7%d9%86%d8%a9-jq\/","title":{"rendered":"\u062e\u0644\u0627\u0637\u0629 \u0627\u0644\u062e\u0631\u0633\u0627\u0646\u0629 JQ"},"content":{"rendered":"<table style=\"border-collapse: collapse; width: 792px; height: 263px;\" border=\"0\" width=\"512\" cellspacing=\"0\" cellpadding=\"0\">\n<tbody>\n<tr style=\"height: 18.75pt;\">\n<td class=\"et2\" style=\"height: 18.75pt; width: 384.00pt;\" colspan=\"4\" width=\"512\" height=\"25\">\u0627\u0644\u0645\u0639\u0644\u0645\u0629 \u0627\u0644\u062a\u0642\u0646\u064a\u0629 \u0627\u0644\u0631\u0626\u064a\u0633\u064a\u0629<\/td>\n<\/tr>\n<tr style=\"height: 13.50pt;\">\n<td class=\"et3\" style=\"height: 13.50pt;\" height=\"18\"><\/td>\n<td class=\"et3\">350<\/td>\n<td class=\"et3\">500<\/td>\n<td class=\"et3\">1000<\/td>\n<\/tr>\n<tr style=\"height: 13.50pt;\">\n<td class=\"et3\" style=\"height: 13.50pt;\" height=\"18\">\u0633\u0639\u0629 \u0627\u0644\u0625\u062e\u0631\u0627\u062c (\u0644\u062a\u0631)<\/td>\n<td class=\"et3\">350<\/td>\n<td class=\"et3\">500<\/td>\n<td class=\"et3\">1000<\/td>\n<\/tr>\n<tr style=\"height: 13.50pt;\">\n<td class=\"et3\" style=\"height: 13.50pt;\" height=\"18\">\u0633\u0639\u0629 \u0627\u0644\u062a\u063a\u0630\u064a\u0629 (\u0644\u062a\u0631)<\/td>\n<td class=\"et3\">500<\/td>\n<td class=\"et3\">800<\/td>\n<td class=\"et3\">750<\/td>\n<\/tr>\n<tr style=\"height: 13.50pt;\">\n<td class=\"et3\" style=\"height: 13.50pt;\" height=\"18\">\u062f\u0648\u0631\u0629 (\u062f\u0648\u0631\u0627\u062a) \u0627\u0644\u0639\u0645\u0644 (\u0627\u0644\u062f\u0648\u0631\u0627\u062a)<\/td>\n<td class=\"et3\">50<\/td>\n<td class=\"et3\">50<\/td>\n<td class=\"et3\">50<\/td>\n<\/tr>\n<tr style=\"height: 13.50pt;\">\n<td class=\"et3\" style=\"height: 13.50pt;\" height=\"18\">\u0627\u0644\u062c\u0647\u062f \u0627\u0644\u0645\u0642\u0646\u0646<\/td>\n<td class=\"et3\">\u0642\u0627\u0628\u0644 \u0644\u0644\u062a\u0639\u062f\u064a\u0644<\/td>\n<td class=\"et3\">\u0642\u0627\u0628\u0644 \u0644\u0644\u062a\u0639\u062f\u064a\u0644<\/td>\n<td class=\"et3\">\u0642\u0627\u0628\u0644 \u0644\u0644\u062a\u0639\u062f\u064a\u0644<\/td>\n<\/tr>\n<tr style=\"height: 13.50pt;\">\n<td class=\"et3\" style=\"height: 13.50pt;\" height=\"18\">\u0627\u0644\u0648\u0632\u0646 \u0627\u0644\u0625\u062c\u0645\u0627\u0644\u064a (\u0628\u0627\u0644\u0643\u064a\u0644\u0648\u063a\u0631\u0627\u0645\u0627\u062a)<\/td>\n<td class=\"et3\">400<\/td>\n<td class=\"et3\">600<\/td>\n<td class=\"et3\">1000<\/td>\n<\/tr>\n<tr style=\"height: 13.50pt;\">\n<td class=\"et3\" style=\"height: 13.50pt;\" height=\"18\">\u0627\u0644\u0637\u0627\u0642\u0629 (KW)<\/td>\n<td class=\"et3\">7.5<\/td>\n<td class=\"et3\">11<\/td>\n<td class=\"et3\">15<\/td>\n<\/tr>\n<tr style=\"height: 13.50pt;\">\n<td class=\"et3\" style=\"height: 13.50pt;\" height=\"18\">\u0627\u0644\u062d\u062c\u0645 \u0627\u0644\u0643\u0644\u064a (\u0645\u0645)<\/td>\n<td class=\"et3\">1250\u00d71250\u00d71250\u00d71300<\/td>\n<td class=\"et3\">1500 \u00d7 1500 \u00d7 1500 \u00d7 1300<\/td>\n<td class=\"et3\">1800 \u00d7 1800 \u00d7 1800 \u00d7 1300<\/td>\n<\/tr>\n<\/tbody>\n<\/table>","protected":false},"excerpt":{"rendered":"<p>Main Technical Parameter 350 500 1000 Output capacity(L) 350 500 1000 Feeding capacity(L) 500 800 750 Working cycle(S) 50 50 50 Rated voltage Adjustable Adjustable Adjustable Total weight(kgs) 400 600 1000 Power(KW) 7.5 11 15 Overall size(mm) 1250x1250x1300 1500x1500x1300 1800x1800x1300<\/p>","protected":false},"featured_media":572,"comment_status":"open","ping_status":"closed","template":"","meta":[],"product_brand":[],"product_cat":[21],"product_tag":[],"class_list":{"0":"post-571","1":"product","2":"type-product","3":"status-publish","4":"has-post-thumbnail","6":"product_cat-mobile-block-machine","8":"first","9":"instock","10":"shipping-taxable","11":"product-type-simple"},"_links":{"self":[{"href":"https:\/\/www.cgbmgroup.com\/ar\/wp-json\/wp\/v2\/product\/571","targetHints":{"allow":["GET"]}}],"collection":[{"href":"https:\/\/www.cgbmgroup.com\/ar\/wp-json\/wp\/v2\/product"}],"about":[{"href":"https:\/\/www.cgbmgroup.com\/ar\/wp-json\/wp\/v2\/types\/product"}],"replies":[{"embeddable":true,"href":"https:\/\/www.cgbmgroup.com\/ar\/wp-json\/wp\/v2\/comments?post=571"}],"wp:featuredmedia":[{"embeddable":true,"href":"https:\/\/www.cgbmgroup.com\/ar\/wp-json\/wp\/v2\/media\/572"}],"wp:attachment":[{"href":"https:\/\/www.cgbmgroup.com\/ar\/wp-json\/wp\/v2\/media?parent=571"}],"wp:term":[{"taxonomy":"product_brand","embeddable":true,"href":"https:\/\/www.cgbmgroup.com\/ar\/wp-json\/wp\/v2\/product_brand?post=571"},{"taxonomy":"product_cat","embeddable":true,"href":"https:\/\/www.cgbmgroup.com\/ar\/wp-json\/wp\/v2\/product_cat?post=571"},{"taxonomy":"product_tag","embeddable":true,"href":"https:\/\/www.cgbmgroup.com\/ar\/wp-json\/wp\/v2\/product_tag?post=571"}],"curies":[{"name":"wp","href":"https:\/\/api.w.org\/{rel}","templated":true}]}}