{"id":585,"date":"2025-11-03T13:39:13","date_gmt":"2025-11-03T05:39:13","guid":{"rendered":"http:\/\/zsj.hyhdemo.top\/?post_type=product&#038;p=585"},"modified":"2025-11-03T13:39:13","modified_gmt":"2025-11-03T05:39:13","slug":"%d9%88%d8%ad%d8%af%d8%a9-%d8%aa%d8%ba%d8%b0%d9%8a%d8%a9-%d8%a7%d9%84%d9%85%d9%86%d8%b5%d8%a7%d8%aa-%d8%a7%d9%84%d9%86%d9%82%d8%a7%d9%84%d8%a9","status":"publish","type":"product","link":"https:\/\/www.cgbmgroup.com\/ar\/product\/%d9%88%d8%ad%d8%af%d8%a9-%d8%aa%d8%ba%d8%b0%d9%8a%d8%a9-%d8%a7%d9%84%d9%85%d9%86%d8%b5%d8%a7%d8%aa-%d8%a7%d9%84%d9%86%d9%82%d8%a7%d9%84%d8%a9\/","title":{"rendered":"\u0648\u062d\u062f\u0629 \u062a\u063a\u0630\u064a\u0629 \u0627\u0644\u0645\u0646\u0635\u0627\u062a"},"content":{"rendered":"<table>\n<thead>\n<tr>\n<th>\u0627\u0644\u0645\u0639\u0644\u0645\u0629 \u0627\u0644\u062a\u0642\u0646\u064a\u0629 \u0627\u0644\u0631\u0626\u064a\u0633\u064a\u0629<\/th>\n<th>\u0627\u0644\u0642\u064a\u0645\u0629<\/th>\n<\/tr>\n<\/thead>\n<tbody>\n<tr>\n<td><strong>\u0627\u0644\u0628\u064f\u0639\u062f<\/strong><\/td>\n<td>4000 \u00d7 2500 \u00d7 2300 \u00d7 2300 \u0645\u0645<\/td>\n<\/tr>\n<tr>\n<td><strong>\u0646\u0637\u0627\u0642 \u0627\u0644\u0646\u0627\u0642\u0644<\/strong><\/td>\n<td>\u0637\u0648\u0644 &lt; 1.5 \u0645 \u0628 &lt; 1.1 \u0645<\/td>\n<\/tr>\n<tr>\n<td><strong>\u0642\u0648\u0629 \u0627\u0644\u0645\u062d\u0631\u0643<\/strong><\/td>\n<td>1.5 \u0643\u064a\u0644\u0648\u0648\u0627\u0637<\/td>\n<\/tr>\n<\/tbody>\n<\/table>","protected":false},"excerpt":{"rendered":"<p>Main Technical Parameter Value Dimension 4000\u00d72500\u00d72300mm Conveyor Range L &lt; 1.5m\u2003B &lt; 1.1m Motor Power 1.5 kW<\/p>","protected":false},"featured_media":587,"comment_status":"open","ping_status":"closed","template":"","meta":[],"product_brand":[],"product_cat":[20],"product_tag":[],"class_list":{"0":"post-585","1":"product","2":"type-product","3":"status-publish","4":"has-post-thumbnail","6":"product_cat-supporting-equipment","8":"first","9":"instock","10":"shipping-taxable","11":"product-type-simple"},"_links":{"self":[{"href":"https:\/\/www.cgbmgroup.com\/ar\/wp-json\/wp\/v2\/product\/585","targetHints":{"allow":["GET"]}}],"collection":[{"href":"https:\/\/www.cgbmgroup.com\/ar\/wp-json\/wp\/v2\/product"}],"about":[{"href":"https:\/\/www.cgbmgroup.com\/ar\/wp-json\/wp\/v2\/types\/product"}],"replies":[{"embeddable":true,"href":"https:\/\/www.cgbmgroup.com\/ar\/wp-json\/wp\/v2\/comments?post=585"}],"wp:featuredmedia":[{"embeddable":true,"href":"https:\/\/www.cgbmgroup.com\/ar\/wp-json\/wp\/v2\/media\/587"}],"wp:attachment":[{"href":"https:\/\/www.cgbmgroup.com\/ar\/wp-json\/wp\/v2\/media?parent=585"}],"wp:term":[{"taxonomy":"product_brand","embeddable":true,"href":"https:\/\/www.cgbmgroup.com\/ar\/wp-json\/wp\/v2\/product_brand?post=585"},{"taxonomy":"product_cat","embeddable":true,"href":"https:\/\/www.cgbmgroup.com\/ar\/wp-json\/wp\/v2\/product_cat?post=585"},{"taxonomy":"product_tag","embeddable":true,"href":"https:\/\/www.cgbmgroup.com\/ar\/wp-json\/wp\/v2\/product_tag?post=585"}],"curies":[{"name":"wp","href":"https:\/\/api.w.org\/{rel}","templated":true}]}}