{"id":517,"date":"2025-10-30T17:25:51","date_gmt":"2025-10-30T09:25:51","guid":{"rendered":"http:\/\/zsj.hyhdemo.top\/?post_type=product&#038;p=517"},"modified":"2025-10-30T17:26:32","modified_gmt":"2025-10-30T09:26:32","slug":"qt4-15-bloquera-automatica","status":"publish","type":"product","link":"https:\/\/www.cgbmgroup.com\/es\/producto\/qt4-15-bloquera-automatica\/","title":{"rendered":"QT4-15 M\u00e1quina autom\u00e1tica de bloques"},"content":{"rendered":"<table width=\"655\">\n<tbody>\n<tr>\n<td colspan=\"6\" width=\"655\">QT4-15 Par\u00e1metro<\/td>\n<\/tr>\n<tr>\n<td>Ciclo de moldeo<\/td>\n<td colspan=\"2\">15-20s<\/td>\n<td>Presi\u00f3n nominal<\/td>\n<td colspan=\"2\">16-21MPa<\/td>\n<\/tr>\n<tr>\n<td>Viberaci\u00f3n<\/td>\n<td colspan=\"2\">Vibraci\u00f3n de la mesa<\/td>\n<td>Frenquency<\/td>\n<td colspan=\"2\">4600-5200tiempo\/min.<\/td>\n<\/tr>\n<tr>\n<td>Fuerza emocionante<\/td>\n<td colspan=\"2\">75KN<\/td>\n<td>Potencia total<\/td>\n<td colspan=\"2\">\u00a031KW<\/td>\n<\/tr>\n<tr>\n<td>Dimensi\u00f3n<\/td>\n<td colspan=\"2\">\u00a07100*1520*2950mm<\/td>\n<td>Tama\u00f1o de la paleta<\/td>\n<td colspan=\"2\">900*700*30mm<\/td>\n<\/tr>\n<tr>\n<td colspan=\"6\">QT4-15 Productividad<\/td>\n<\/tr>\n<tr>\n<td width=\"108\">Tipo<\/td>\n<td width=\"111\">Fotograf\u00eda<\/td>\n<td width=\"108\">Tama\u00f1o (mm)<\/td>\n<td width=\"108\">Por molde<\/td>\n<td width=\"108\">CANT\/Hora<\/td>\n<td width=\"108\">CANT\/8hrs<\/td>\n<\/tr>\n<tr>\n<td width=\"108\">Bloque hueco<\/td>\n<td width=\"111\"><img decoding=\"async\" class=\"alignnone size-full wp-image-521\" src=\"http:\/\/zsj.hyhdemo.top\/wp-content\/uploads\/2025\/10\/WPS\u56fe\u72471.png\" alt=\"\" width=\"55\" height=\"41\" \/><\/td>\n<td width=\"108\">390*190*190<\/td>\n<td width=\"108\">4 piezas<\/td>\n<td width=\"108\">960 unidades<\/td>\n<td width=\"108\">7680 unidades<\/td>\n<\/tr>\n<tr>\n<td width=\"108\">Ladrillo adoqu\u00edn<\/td>\n<td width=\"111\"><img decoding=\"async\" class=\"alignnone size-full wp-image-518\" src=\"http:\/\/zsj.hyhdemo.top\/wp-content\/uploads\/2025\/10\/2.png\" alt=\"\" width=\"65\" height=\"49\" \/><\/td>\n<td width=\"108\">225*125*60<\/td>\n<td width=\"108\">12 piezas<\/td>\n<td width=\"108\">1800 unidades<\/td>\n<td width=\"108\">14400 unidades<\/td>\n<\/tr>\n<tr>\n<td width=\"108\">Adoqu\u00edn de color<\/td>\n<td width=\"111\"><img decoding=\"async\" class=\"alignnone size-full wp-image-519\" src=\"http:\/\/zsj.hyhdemo.top\/wp-content\/uploads\/2025\/10\/3.png\" alt=\"\" width=\"60\" height=\"37\" \/><\/td>\n<td width=\"108\">200*100*60<\/td>\n<td width=\"108\">14 piezas<\/td>\n<td width=\"108\">2100 piezas<\/td>\n<td width=\"108\">16800 unidades<\/td>\n<\/tr>\n<tr>\n<td width=\"108\">Ladrillo macizo<\/td>\n<td width=\"111\"><img loading=\"lazy\" decoding=\"async\" class=\"alignnone size-full wp-image-520\" src=\"http:\/\/zsj.hyhdemo.top\/wp-content\/uploads\/2025\/10\/4.png\" alt=\"\" width=\"68\" height=\"58\" \/><\/td>\n<td width=\"108\">240*115*53<\/td>\n<td width=\"108\">28 piezas<\/td>\n<td width=\"108\">6720 unidades<\/td>\n<td width=\"108\">53760 unidades<\/td>\n<\/tr>\n<\/tbody>\n<\/table>","protected":false},"excerpt":{"rendered":"<p>1. Adopta control PLC inteligente, interfaz hombre-m\u00e1quina, diagn\u00f3stico autom\u00e1tico de fallos.<br \/>\n2. El control de la v\u00e1lvula proporcional electro-hidr\u00e1ulico s\u00f3lo se utiliza en el sistema de vibraci\u00f3n, que realiza Galio de baja frecuencia y moldeo por vibraci\u00f3n de alta frecuencia.<br \/>\n3. Instalar varias filas de sistema de distribuci\u00f3n con horquillas mezcladoras, que pueden inyectar material de forma r\u00e1pida y uniforme en la caja del molde.<br \/>\n4. Equipado con dispositivo de almacenamiento y distribuci\u00f3n de material, suministro controlado por ordenador para evitar que el material se vea afectado por factores externos y garantizar un suministro uniforme y constante.<br \/>\n5. Cambiando el molde, se pueden producir varios bloques, ladrillos est\u00e1ndar, ladrillos porosos, ladrillos para plantar c\u00e9sped.<\/p>","protected":false},"featured_media":523,"comment_status":"open","ping_status":"closed","template":"","meta":[],"product_brand":[],"product_cat":[15],"product_tag":[],"class_list":{"0":"post-517","1":"product","2":"type-product","3":"status-publish","4":"has-post-thumbnail","6":"product_cat-concrete-block-machines","8":"first","9":"instock","10":"shipping-taxable","11":"product-type-simple"},"_links":{"self":[{"href":"https:\/\/www.cgbmgroup.com\/es\/wp-json\/wp\/v2\/product\/517","targetHints":{"allow":["GET"]}}],"collection":[{"href":"https:\/\/www.cgbmgroup.com\/es\/wp-json\/wp\/v2\/product"}],"about":[{"href":"https:\/\/www.cgbmgroup.com\/es\/wp-json\/wp\/v2\/types\/product"}],"replies":[{"embeddable":true,"href":"https:\/\/www.cgbmgroup.com\/es\/wp-json\/wp\/v2\/comments?post=517"}],"wp:featuredmedia":[{"embeddable":true,"href":"https:\/\/www.cgbmgroup.com\/es\/wp-json\/wp\/v2\/media\/523"}],"wp:attachment":[{"href":"https:\/\/www.cgbmgroup.com\/es\/wp-json\/wp\/v2\/media?parent=517"}],"wp:term":[{"taxonomy":"product_brand","embeddable":true,"href":"https:\/\/www.cgbmgroup.com\/es\/wp-json\/wp\/v2\/product_brand?post=517"},{"taxonomy":"product_cat","embeddable":true,"href":"https:\/\/www.cgbmgroup.com\/es\/wp-json\/wp\/v2\/product_cat?post=517"},{"taxonomy":"product_tag","embeddable":true,"href":"https:\/\/www.cgbmgroup.com\/es\/wp-json\/wp\/v2\/product_tag?post=517"}],"curies":[{"name":"wp","href":"https:\/\/api.w.org\/{rel}","templated":true}]}}