{"id":525,"date":"2025-11-03T09:20:45","date_gmt":"2025-11-03T01:20:45","guid":{"rendered":"http:\/\/zsj.hyhdemo.top\/?post_type=product&#038;p=525"},"modified":"2025-11-03T09:21:43","modified_gmt":"2025-11-03T01:21:43","slug":"qt4-20-bloquera-automatica","status":"publish","type":"product","link":"https:\/\/www.cgbmgroup.com\/es\/producto\/qt4-20-bloquera-automatica\/","title":{"rendered":"QT4-20 M\u00e1quina bloquera autom\u00e1tica"},"content":{"rendered":"<table width=\"713\">\n<tbody>\n<tr>\n<td colspan=\"6\" width=\"713\">QT4-20 Par\u00e1metro<\/td>\n<\/tr>\n<tr>\n<td>Ciclo de moldeo<\/td>\n<td colspan=\"2\">20s<\/td>\n<td>Presi\u00f3n nominal<\/td>\n<td colspan=\"2\">16-21MPa<\/td>\n<\/tr>\n<tr>\n<td>Viberaci\u00f3n<\/td>\n<td colspan=\"2\">Vibraci\u00f3n de la mesa<\/td>\n<td>Frenquency<\/td>\n<td colspan=\"2\">4600 r\/min.<\/td>\n<\/tr>\n<tr>\n<td>Fuerza emocionante<\/td>\n<td colspan=\"2\">60KN<\/td>\n<td>Potencia de acogida<\/td>\n<td colspan=\"2\">16,4 KW<\/td>\n<\/tr>\n<tr>\n<td>Dimensi\u00f3n<\/td>\n<td colspan=\"2\">4000*1500*2860mm<\/td>\n<td>Tama\u00f1o de la paleta<\/td>\n<td colspan=\"2\">850*550*30mm<\/td>\n<\/tr>\n<tr>\n<td colspan=\"6\">QT4-20 Productividad<\/td>\n<\/tr>\n<tr>\n<td width=\"115\">Tipo<\/td>\n<td width=\"115\">Fotograf\u00eda<\/td>\n<td width=\"138\">Tama\u00f1o (mm)<\/td>\n<td width=\"115\">Por molde<\/td>\n<td width=\"115\">CANT\/Hora<\/td>\n<td width=\"115\">CANT\/D\u00eda(8hrs)<\/td>\n<\/tr>\n<tr>\n<td width=\"115\">Bloque hueco<\/td>\n<td width=\"115\"><img decoding=\"async\" class=\"alignnone wp-image-527\" src=\"http:\/\/zsj.hyhdemo.top\/wp-content\/uploads\/2025\/11\/1.webp\" alt=\"\" width=\"65\" height=\"45\" \/><\/td>\n<td width=\"138\">390*100*190<\/td>\n<td width=\"115\">8 piezas<\/td>\n<td width=\"115\">1440 unidades<\/td>\n<td width=\"115\">11520 unidades<\/td>\n<\/tr>\n<tr>\n<td width=\"115\">Bloque hueco<\/td>\n<td width=\"115\"><img decoding=\"async\" class=\"alignnone wp-image-527\" src=\"http:\/\/zsj.hyhdemo.top\/wp-content\/uploads\/2025\/11\/1.webp\" alt=\"\" width=\"60\" height=\"42\" \/><\/td>\n<td width=\"138\">5&#8243;= 410*130*200<\/td>\n<td width=\"115\">5 piezas<\/td>\n<td width=\"115\">900 unidades<\/td>\n<td width=\"115\">7200 unidades<\/td>\n<\/tr>\n<tr>\n<td width=\"115\">Bloque hueco<\/td>\n<td width=\"115\"><img decoding=\"async\" class=\"alignnone wp-image-527\" src=\"http:\/\/zsj.hyhdemo.top\/wp-content\/uploads\/2025\/11\/1.webp\" alt=\"\" width=\"61\" height=\"43\" \/><\/td>\n<td width=\"138\">6&#8243;= 410*150*200<\/td>\n<td width=\"115\">5 piezas<\/td>\n<td width=\"115\">900 unidades<\/td>\n<td width=\"115\">7200 unidades<\/td>\n<\/tr>\n<tr>\n<td width=\"115\">Ladrillo adoqu\u00edn<\/td>\n<td width=\"115\"><img loading=\"lazy\" decoding=\"async\" class=\"alignnone size-full wp-image-518\" src=\"http:\/\/zsj.hyhdemo.top\/wp-content\/uploads\/2025\/10\/2.png\" alt=\"\" width=\"65\" height=\"49\" \/><\/td>\n<td width=\"138\">225*125*60<\/td>\n<td width=\"115\">12 piezas<\/td>\n<td width=\"115\">1800 unidades<\/td>\n<td width=\"115\">14400 unidades<\/td>\n<\/tr>\n<tr>\n<td width=\"115\">Adoqu\u00edn de color<\/td>\n<td width=\"115\"><img loading=\"lazy\" decoding=\"async\" class=\"alignnone size-full wp-image-519\" src=\"http:\/\/zsj.hyhdemo.top\/wp-content\/uploads\/2025\/10\/3.png\" alt=\"\" width=\"60\" height=\"37\" \/><\/td>\n<td width=\"138\">200*100*60<\/td>\n<td width=\"115\">14 piezas<\/td>\n<td width=\"115\">2100 piezas<\/td>\n<td width=\"115\">16800 unidades<\/td>\n<\/tr>\n<tr>\n<td width=\"115\">Ladrillo macizo<\/td>\n<td width=\"115\"><img loading=\"lazy\" decoding=\"async\" class=\"alignnone size-full wp-image-520\" src=\"http:\/\/zsj.hyhdemo.top\/wp-content\/uploads\/2025\/10\/4.png\" alt=\"\" width=\"68\" height=\"58\" \/><\/td>\n<td width=\"138\">240*115*53<\/td>\n<td width=\"115\">26 piezas<\/td>\n<td width=\"115\">6240 unidades<\/td>\n<td width=\"115\">49920 unidades<\/td>\n<\/tr>\n<\/tbody>\n<\/table>","protected":false},"excerpt":{"rendered":"<p>1.La m\u00e1quina formadora de bloques tipo QT4-18 es un nuevo tipo de equipo especial desarrollado por nuestra empresa para producir bloques de hormig\u00f3n. Esta m\u00e1quina puede utilizar ampliamente cenizas volantes, escoria, ganga de carb\u00f3n u otra escoria de residuos industriales, arena, piedra, cemento y otros materiales para producir bloques huecos de varias especificaciones y ladrillos de pavimento, ladrillos de plantaci\u00f3n de c\u00e9sped, bordes de carreteras de varias especificaciones cambiando el molde. Piedra, ladrillo est\u00e1ndar, etc.<br \/>\n2. Adoptando la transmisi\u00f3n hidr\u00e1ulica, la supervisi\u00f3n sin contacto del interruptor de proximidad, la m\u00e1quina que recoge, la electricidad, la luz, el l\u00edquido, y la tecnolog\u00eda de alta frecuencia de la vibraci\u00f3n para alcanzar la alimentaci\u00f3n del tablero, pa\u00f1o, vibraci\u00f3n de la presi\u00f3n, desmoldeo, ladrillo hacia fuera, el proceso de producci\u00f3n puede ahorrar grandemente recursos humanos. .<br \/>\n3. Los principales componentes el\u00e9ctricos e hidr\u00e1ulicos del equipo se seleccionan a partir de originales importados o productos nacionales famosos con buena fiabilidad.<br \/>\n4.Utilizando cuatro ejes verticales super-largos de gu\u00eda, sistema hidr\u00e1ulico de accionamiento, vibraci\u00f3n mec\u00e1nica a presi\u00f3n formando m\u00e9todo. La m\u00e1quina entera tiene las caracter\u00edsticas de la estructura compacta, funcionamiento confiable, operaci\u00f3n f\u00e1cil, eficacia alta, pocas aver\u00edas, y mantenimiento conveniente. La formaci\u00f3n del bloque es principalmente hidr\u00e1ulica, complementada por maquinaria, y completada por vibraci\u00f3n y presi\u00f3n. La presurizaci\u00f3n hidr\u00e1ulica combinada con la formaci\u00f3n de vibraci\u00f3n, la compacidad del bloque es grande, y la calidad es buena.<br \/>\n5. La resistencia a la tracci\u00f3n de los bloques producidos puede alcanzar m\u00e1s de 15Mpa (megapascales), alta compacidad, buena resistencia a las heladas e impermeabilidad, excelente aislamiento ac\u00fastico, aislamiento t\u00e9rmico y t\u00e9rmico, y dimensiones exactas. La estructura de sincronizaci\u00f3n forzada del molde garantiza un grosor constante del producto, un desmoldeo suave y un alto rendimiento.<br \/>\n6. La estructura del equipo es simple y pr\u00e1ctica, la apariencia es novedosa y hermosa, y todo el molde puede ser expulsado r\u00e1pidamente de una sola vez, lo que puede realizar el manejo centralizado de paletas, mejorar la eficiencia de producci\u00f3n, reducir el consumo de energ\u00eda y los costos de mano de obra, y es especialmente adecuado para la producci\u00f3n de ladrillos est\u00e1ndar. Y equipos de materiales de construcci\u00f3n.<\/p>","protected":false},"featured_media":526,"comment_status":"open","ping_status":"closed","template":"","meta":[],"product_brand":[],"product_cat":[15],"product_tag":[],"class_list":{"0":"post-525","1":"product","2":"type-product","3":"status-publish","4":"has-post-thumbnail","6":"product_cat-concrete-block-machines","8":"first","9":"instock","10":"shipping-taxable","11":"product-type-simple"},"_links":{"self":[{"href":"https:\/\/www.cgbmgroup.com\/es\/wp-json\/wp\/v2\/product\/525","targetHints":{"allow":["GET"]}}],"collection":[{"href":"https:\/\/www.cgbmgroup.com\/es\/wp-json\/wp\/v2\/product"}],"about":[{"href":"https:\/\/www.cgbmgroup.com\/es\/wp-json\/wp\/v2\/types\/product"}],"replies":[{"embeddable":true,"href":"https:\/\/www.cgbmgroup.com\/es\/wp-json\/wp\/v2\/comments?post=525"}],"wp:featuredmedia":[{"embeddable":true,"href":"https:\/\/www.cgbmgroup.com\/es\/wp-json\/wp\/v2\/media\/526"}],"wp:attachment":[{"href":"https:\/\/www.cgbmgroup.com\/es\/wp-json\/wp\/v2\/media?parent=525"}],"wp:term":[{"taxonomy":"product_brand","embeddable":true,"href":"https:\/\/www.cgbmgroup.com\/es\/wp-json\/wp\/v2\/product_brand?post=525"},{"taxonomy":"product_cat","embeddable":true,"href":"https:\/\/www.cgbmgroup.com\/es\/wp-json\/wp\/v2\/product_cat?post=525"},{"taxonomy":"product_tag","embeddable":true,"href":"https:\/\/www.cgbmgroup.com\/es\/wp-json\/wp\/v2\/product_tag?post=525"}],"curies":[{"name":"wp","href":"https:\/\/api.w.org\/{rel}","templated":true}]}}