{"id":528,"date":"2025-11-03T09:34:12","date_gmt":"2025-11-03T01:34:12","guid":{"rendered":"http:\/\/zsj.hyhdemo.top\/?post_type=product&#038;p=528"},"modified":"2025-11-03T09:41:51","modified_gmt":"2025-11-03T01:41:51","slug":"528","status":"publish","type":"product","link":"https:\/\/www.cgbmgroup.com\/es\/producto\/528\/","title":{"rendered":"QT4-25 M\u00e1quina bloquera autom\u00e1tica"},"content":{"rendered":"<table style=\"border-collapse: collapse; width: 324.02pt;\" border=\"0\" width=\"432\" cellspacing=\"0\" cellpadding=\"0\">\n<tbody>\n<tr style=\"height: 18.75pt;\">\n<td class=\"et2\" style=\"height: 18.75pt; width: 324.00pt;\" colspan=\"6\" width=\"432\" height=\"25\">Par\u00e1metro QT4-25<\/td>\n<\/tr>\n<tr style=\"height: 40.50pt;\">\n<td class=\"et3\" style=\"height: 40.50pt; width: 54.00pt;\" width=\"72\" height=\"54\">Ciclo de moldeo<\/td>\n<td class=\"et3\" style=\"width: 54.00pt;\" width=\"72\">20-25s<\/td>\n<td class=\"et3\" style=\"width: 54.00pt;\" width=\"72\">Presi\u00f3n nominal<\/td>\n<td class=\"et3\" style=\"width: 54.00pt;\" width=\"72\">16-21MPa<\/td>\n<td><\/td>\n<td><\/td>\n<\/tr>\n<tr style=\"height: 40.50pt;\">\n<td class=\"et4\" style=\"height: 40.50pt; width: 54.00pt;\" width=\"72\" height=\"54\">Vibraci\u00f3n<\/td>\n<td class=\"et4\" style=\"width: 54.00pt;\" width=\"72\">Vibraci\u00f3n de la mesa<\/td>\n<td class=\"et4\" style=\"width: 54.00pt;\" width=\"72\">Frecuencia<\/td>\n<td class=\"et4\" style=\"width: 54.00pt;\" width=\"72\">4600 r\/min<\/td>\n<td><\/td>\n<td><\/td>\n<\/tr>\n<tr style=\"height: 27.00pt;\">\n<td class=\"et4\" style=\"height: 27.00pt; width: 54.00pt;\" width=\"72\" height=\"36\">Fuerza emocionante<\/td>\n<td class=\"et4\" style=\"width: 54.00pt;\" width=\"72\">60KN<\/td>\n<td class=\"et4\" style=\"width: 54.00pt;\" width=\"72\">Potencia total<\/td>\n<td class=\"et4\" style=\"width: 54.00pt;\" width=\"72\">16,4 KW<\/td>\n<td><\/td>\n<td><\/td>\n<\/tr>\n<tr style=\"height: 27.00pt;\">\n<td class=\"et4\" style=\"height: 27.00pt; width: 54.00pt;\" width=\"72\" height=\"36\">Dimensi\u00f3n<\/td>\n<td class=\"et4\" style=\"width: 54.00pt;\" width=\"72\">4000<span class=\"font3\">1500<\/span><span class=\"font0\">2860 mm<\/span><\/td>\n<td class=\"et4\" style=\"width: 54.00pt;\" width=\"72\">Tama\u00f1o de la paleta<\/td>\n<td class=\"et4\" style=\"width: 54.00pt;\" width=\"72\">850<span class=\"font3\">550<\/span><span class=\"font0\">30 mm<\/span><\/td>\n<td><\/td>\n<td><\/td>\n<\/tr>\n<tr style=\"height: 18.75pt;\">\n<td class=\"et2\" style=\"height: 18.75pt;\" colspan=\"6\" height=\"25\">QT4-25 Productividad<\/td>\n<\/tr>\n<tr style=\"height: 27.00pt;\">\n<td class=\"et3\" style=\"height: 27.00pt; width: 54.00pt;\" width=\"72\" height=\"36\">Tipo<\/td>\n<td class=\"et3\" style=\"width: 54.00pt;\" width=\"72\">Fotograf\u00eda<\/td>\n<td class=\"et3\" style=\"width: 54.00pt;\" width=\"72\">Tama\u00f1o (mm)<\/td>\n<td class=\"et3\" style=\"width: 54.00pt;\" width=\"72\">Por molde<\/td>\n<td class=\"et3\" style=\"width: 54.00pt;\" width=\"72\">CANT\/Hora<\/td>\n<td class=\"et3\" style=\"width: 54.00pt;\" width=\"72\">CANT\/8hrs<\/td>\n<\/tr>\n<tr style=\"height: 40.50pt;\">\n<td class=\"et4\" style=\"height: 40.50pt; width: 54.00pt;\" width=\"72\" height=\"54\">Bloque hueco<\/td>\n<td class=\"et4\" style=\"width: 54.00pt;\" width=\"72\"><img decoding=\"async\" class=\"alignnone size-full wp-image-530\" src=\"http:\/\/zsj.hyhdemo.top\/wp-content\/uploads\/2025\/11\/1-1.webp\" alt=\"\" width=\"65\" height=\"45\" \/><\/td>\n<td class=\"et4\" style=\"width: 54.00pt;\" width=\"72\">4&#8243; = 410<span class=\"font3\">100<\/span><span class=\"font0\">200<\/span><\/td>\n<td class=\"et4\" style=\"width: 54.00pt;\" width=\"72\">7 piezas<\/td>\n<td class=\"et4\" style=\"width: 54.00pt;\" width=\"72\">1008 unidades<\/td>\n<td class=\"et4\" style=\"width: 54.00pt;\" width=\"72\">8064 unidades<\/td>\n<\/tr>\n<tr style=\"height: 40.50pt;\">\n<td class=\"et4\" style=\"height: 40.50pt; width: 54.00pt;\" width=\"72\" height=\"54\">Bloque hueco<\/td>\n<td class=\"et4\" style=\"width: 54.00pt;\" width=\"72\"><img decoding=\"async\" class=\"alignnone size-full wp-image-530\" src=\"http:\/\/zsj.hyhdemo.top\/wp-content\/uploads\/2025\/11\/1-1.webp\" alt=\"\" width=\"65\" height=\"45\" \/><\/td>\n<td class=\"et4\" style=\"width: 54.00pt;\" width=\"72\">5&#8243; = 410<span class=\"font3\">130<\/span><span class=\"font0\">200<\/span><\/td>\n<td class=\"et4\" style=\"width: 54.00pt;\" width=\"72\">5 piezas<\/td>\n<td class=\"et4\" style=\"width: 54.00pt;\" width=\"72\">720 unidades<\/td>\n<td class=\"et4\" style=\"width: 54.00pt;\" width=\"72\">5760 unidades<\/td>\n<\/tr>\n<tr style=\"height: 40.50pt;\">\n<td class=\"et4\" style=\"height: 40.50pt; width: 54.00pt;\" width=\"72\" height=\"54\">Bloque hueco<\/td>\n<td class=\"et4\" style=\"width: 54.00pt;\" width=\"72\"><img decoding=\"async\" class=\"alignnone size-full wp-image-530\" src=\"http:\/\/zsj.hyhdemo.top\/wp-content\/uploads\/2025\/11\/1-1.webp\" alt=\"\" width=\"65\" height=\"45\" \/><\/td>\n<td class=\"et4\" style=\"width: 54.00pt;\" width=\"72\">6&#8243; = 410<span class=\"font3\">150<\/span><span class=\"font0\">200<\/span><\/td>\n<td class=\"et4\" style=\"width: 54.00pt;\" width=\"72\">5 piezas<\/td>\n<td class=\"et4\" style=\"width: 54.00pt;\" width=\"72\">720 unidades<\/td>\n<td class=\"et4\" style=\"width: 54.00pt;\" width=\"72\">5760 unidades<\/td>\n<\/tr>\n<tr style=\"height: 27.00pt;\">\n<td class=\"et4\" style=\"height: 27.00pt; width: 54.00pt;\" width=\"72\" height=\"36\">Ladrillo adoqu\u00edn<\/td>\n<td class=\"et4\" style=\"width: 54.00pt;\" width=\"72\"><img decoding=\"async\" class=\"alignnone size-full wp-image-518\" src=\"http:\/\/zsj.hyhdemo.top\/wp-content\/uploads\/2025\/10\/2.png\" alt=\"\" width=\"65\" height=\"49\" \/><\/td>\n<td class=\"et4\" style=\"width: 54.00pt;\" align=\"right\" width=\"72\">22512560<\/td>\n<td class=\"et4\" style=\"width: 54.00pt;\" width=\"72\">12 piezas<\/td>\n<td class=\"et4\" style=\"width: 54.00pt;\" width=\"72\">1728 unidades<\/td>\n<td class=\"et4\" style=\"width: 54.00pt;\" width=\"72\">13824 unidades<\/td>\n<\/tr>\n<tr style=\"height: 27.00pt;\">\n<td class=\"et4\" style=\"height: 27.00pt; width: 54.00pt;\" width=\"72\" height=\"36\">Adoqu\u00edn de color<\/td>\n<td class=\"et4\" style=\"width: 54.00pt;\" width=\"72\"><img decoding=\"async\" class=\"alignnone size-full wp-image-519\" src=\"http:\/\/zsj.hyhdemo.top\/wp-content\/uploads\/2025\/10\/3.png\" alt=\"\" width=\"60\" height=\"37\" \/><\/td>\n<td class=\"et4\" style=\"width: 54.00pt;\" align=\"right\" width=\"72\">20010060<\/td>\n<td class=\"et4\" style=\"width: 54.00pt;\" width=\"72\">14 piezas<\/td>\n<td class=\"et4\" style=\"width: 54.00pt;\" width=\"72\">2016 pcs<\/td>\n<td class=\"et4\" style=\"width: 54.00pt;\" width=\"72\">16128 unidades<\/td>\n<\/tr>\n<tr style=\"height: 27.00pt;\">\n<td class=\"et4\" style=\"height: 27.00pt; width: 54.00pt;\" width=\"72\" height=\"36\">Ladrillo macizo<\/td>\n<td class=\"et4\" style=\"width: 54.00pt;\" width=\"72\"><img loading=\"lazy\" decoding=\"async\" class=\"alignnone size-full wp-image-520\" src=\"http:\/\/zsj.hyhdemo.top\/wp-content\/uploads\/2025\/10\/4.png\" alt=\"\" width=\"68\" height=\"58\" \/><\/td>\n<td class=\"et4\" style=\"width: 54.00pt;\" align=\"right\" width=\"72\">24011553<\/td>\n<td class=\"et4\" style=\"width: 54.00pt;\" width=\"72\">26 piezas<\/td>\n<td class=\"et4\" style=\"width: 54.00pt;\" width=\"72\">3744 unidades<\/td>\n<td class=\"et4\" style=\"width: 54.00pt;\" width=\"72\">29952 unidades<\/td>\n<\/tr>\n<\/tbody>\n<\/table>\n<p>&nbsp;<\/p>","protected":false},"excerpt":{"rendered":"<ol>\n<li>\u00a0La m\u00e1quina de ladrillos de cemento QT4-25 tiene una gran adaptabilidad y m\u00faltiples usos. No s\u00f3lo es adecuado para la producci\u00f3n de bloques de hormig\u00f3n, sino tambi\u00e9n para la producci\u00f3n de bloques como cenizas volantes, escoria, escoria y otros moldes. Puede producir varias especificaciones de muros. Bloque, ladrillo a escala, ladrillo hueco, ladrillo poroso, etc.<\/li>\n<li>La m\u00e1quina de ladrillos de cemento QT4-25 adopta una combinaci\u00f3n de tecnolog\u00eda de vibraci\u00f3n y dispositivo de ruptura de arco para lograr un control separado de la vibraci\u00f3n de la tela y la formaci\u00f3n, de modo que la tela es uniforme y la formaci\u00f3n es optimizada.<\/li>\n<li>Se adopta la forma de vibraci\u00f3n de compresi\u00f3n del molde de mesa, pero el hormig\u00f3n se licua completamente y se agota en dos o tres segundos para garantizar la alta densidad del producto. Es especialmente adecuado para la producci\u00f3n de ladrillos est\u00e1ndar de alta resistencia, que se pueden apilar despu\u00e9s de la formaci\u00f3n, ahorrando una gran cantidad de inversi\u00f3n paleta.<\/li>\n<li>Adopta una tecnolog\u00eda especial de vibraci\u00f3n de salida sint\u00e9tica de doble extremo para optimizar la disposici\u00f3n del vibrador, de modo que la fuerza de excitaci\u00f3n se distribuya uniformemente en la mesa de agitaci\u00f3n.<\/li>\n<li>Mejorar la generaci\u00f3n anterior de la tecnolog\u00eda de control electr\u00f3nico, sistema hidr\u00e1ulico fiable, m\u00e1quina integrada, electricidad, hidr\u00e1ulica, control autom\u00e1tico integrado, operaci\u00f3n simple y operaci\u00f3n confiable.<\/li>\n<\/ol>","protected":false},"featured_media":529,"comment_status":"open","ping_status":"closed","template":"","meta":[],"product_brand":[],"product_cat":[15],"product_tag":[],"class_list":{"0":"post-528","1":"product","2":"type-product","3":"status-publish","4":"has-post-thumbnail","6":"product_cat-concrete-block-machines","8":"first","9":"instock","10":"shipping-taxable","11":"product-type-simple"},"_links":{"self":[{"href":"https:\/\/www.cgbmgroup.com\/es\/wp-json\/wp\/v2\/product\/528","targetHints":{"allow":["GET"]}}],"collection":[{"href":"https:\/\/www.cgbmgroup.com\/es\/wp-json\/wp\/v2\/product"}],"about":[{"href":"https:\/\/www.cgbmgroup.com\/es\/wp-json\/wp\/v2\/types\/product"}],"replies":[{"embeddable":true,"href":"https:\/\/www.cgbmgroup.com\/es\/wp-json\/wp\/v2\/comments?post=528"}],"wp:featuredmedia":[{"embeddable":true,"href":"https:\/\/www.cgbmgroup.com\/es\/wp-json\/wp\/v2\/media\/529"}],"wp:attachment":[{"href":"https:\/\/www.cgbmgroup.com\/es\/wp-json\/wp\/v2\/media?parent=528"}],"wp:term":[{"taxonomy":"product_brand","embeddable":true,"href":"https:\/\/www.cgbmgroup.com\/es\/wp-json\/wp\/v2\/product_brand?post=528"},{"taxonomy":"product_cat","embeddable":true,"href":"https:\/\/www.cgbmgroup.com\/es\/wp-json\/wp\/v2\/product_cat?post=528"},{"taxonomy":"product_tag","embeddable":true,"href":"https:\/\/www.cgbmgroup.com\/es\/wp-json\/wp\/v2\/product_tag?post=528"}],"curies":[{"name":"wp","href":"https:\/\/api.w.org\/{rel}","templated":true}]}}