{"id":532,"date":"2025-11-03T10:03:28","date_gmt":"2025-11-03T02:03:28","guid":{"rendered":"http:\/\/zsj.hyhdemo.top\/?post_type=product&#038;p=532"},"modified":"2025-11-03T10:28:45","modified_gmt":"2025-11-03T02:28:45","slug":"qt4-26-bloquera-automatica","status":"publish","type":"product","link":"https:\/\/www.cgbmgroup.com\/es\/producto\/qt4-26-bloquera-automatica\/","title":{"rendered":"QT4-26 M\u00e1quina autom\u00e1tica de bloques"},"content":{"rendered":"<table style=\"border-collapse: collapse; width: 564.02pt;\" border=\"0\" width=\"752\" cellspacing=\"0\" cellpadding=\"0\">\n<tbody>\n<tr style=\"height: 18.75pt;\">\n<td class=\"et2\" style=\"height: 18.75pt; width: 564.00pt;\" colspan=\"6\" width=\"752\" height=\"25\">QT4-26 Par\u00e1metro<\/td>\n<\/tr>\n<tr style=\"height: 13.50pt;\">\n<td class=\"et3\" style=\"height: 13.50pt;\" height=\"18\">Ciclo de moldeo<\/td>\n<td class=\"et3\">26-30s<\/td>\n<td class=\"et3\">Presi\u00f3n nominal<\/td>\n<td class=\"et4\" colspan=\"3\">16-21MPa<\/td>\n<\/tr>\n<tr style=\"height: 13.50pt;\">\n<td class=\"et3\" style=\"height: 13.50pt;\" height=\"18\">Viberaci\u00f3n<\/td>\n<td class=\"et3\">Vibraci\u00f3n de la mesa<\/td>\n<td class=\"et3\">Frenquency<\/td>\n<td class=\"et4\" colspan=\"3\">4600 r\/min.<\/td>\n<\/tr>\n<tr style=\"height: 13.50pt;\">\n<td class=\"et3\" style=\"height: 13.50pt;\" height=\"18\">Fuerza emocionante<\/td>\n<td class=\"et3\">50KN<\/td>\n<td class=\"et3\">Potencia total<\/td>\n<td class=\"et4\" colspan=\"3\">16,4 KW<\/td>\n<\/tr>\n<tr style=\"height: 13.50pt;\">\n<td class=\"et3\" style=\"height: 13.50pt;\" height=\"18\">Dimensi\u00f3n<\/td>\n<td class=\"et3\">4000*1500*2860mm<\/td>\n<td class=\"et3\">Tama\u00f1o de la paleta<\/td>\n<td class=\"et4\" colspan=\"3\">850*550*30mm<\/td>\n<\/tr>\n<tr style=\"height: 18.75pt;\">\n<td class=\"et6\" style=\"height: 18.75pt; border-right: .5pt solid #000000;\" colspan=\"6\" height=\"25\">QT4-26 Productividad<\/td>\n<\/tr>\n<tr style=\"height: 13.50pt;\">\n<td class=\"et3\" style=\"height: 13.50pt;\" colspan=\"6\" height=\"18\">Tipo<\/td>\n<\/tr>\n<tr style=\"height: 13.50pt;\">\n<td class=\"et3\" style=\"height: 13.50pt;\" height=\"18\">Bloque hueco<\/td>\n<td class=\"et3\"><img decoding=\"async\" class=\"alignnone size-full wp-image-530\" src=\"http:\/\/zsj.hyhdemo.top\/wp-content\/uploads\/2025\/11\/1-1.webp\" alt=\"\" width=\"65\" height=\"45\" \/><\/td>\n<td class=\"et3\">4&#8243; = 410*100*200<\/td>\n<td class=\"et3\">7 piezas<\/td>\n<td class=\"et3\">840 unidades<\/td>\n<td class=\"et3\">6720 unidades<\/td>\n<\/tr>\n<tr style=\"height: 13.50pt;\">\n<td class=\"et3\" style=\"height: 13.50pt;\" height=\"18\">Bloque hueco<\/td>\n<td class=\"et3\"><img decoding=\"async\" class=\"alignnone size-full wp-image-530\" src=\"http:\/\/zsj.hyhdemo.top\/wp-content\/uploads\/2025\/11\/1-1.webp\" alt=\"\" width=\"65\" height=\"45\" \/><\/td>\n<td class=\"et3\">5&#8243; = 410*130*200<\/td>\n<td class=\"et3\">5 piezas<\/td>\n<td class=\"et3\">600 unidades<\/td>\n<td class=\"et3\">4800 piezas<\/td>\n<\/tr>\n<tr style=\"height: 13.50pt;\">\n<td class=\"et3\" style=\"height: 13.50pt;\" height=\"18\">Bloque hueco<\/td>\n<td class=\"et3\"><img decoding=\"async\" class=\"alignnone size-full wp-image-530\" src=\"http:\/\/zsj.hyhdemo.top\/wp-content\/uploads\/2025\/11\/1-1.webp\" alt=\"\" width=\"65\" height=\"45\" \/><\/td>\n<td class=\"et3\">6&#8243; = 410*150*200<\/td>\n<td class=\"et3\">5 piezas<\/td>\n<td class=\"et3\">600 unidades<\/td>\n<td class=\"et3\">4800 piezas<\/td>\n<\/tr>\n<tr style=\"height: 13.50pt;\">\n<td class=\"et3\" style=\"height: 13.50pt;\" height=\"18\">Ladrillo macizo<\/td>\n<td class=\"et3\"><img decoding=\"async\" class=\"alignnone size-full wp-image-520\" src=\"http:\/\/zsj.hyhdemo.top\/wp-content\/uploads\/2025\/10\/4.png\" alt=\"\" width=\"68\" height=\"58\" \/><\/td>\n<td class=\"et3\">240*115*53<\/td>\n<td class=\"et3\">21 unidades<\/td>\n<td class=\"et3\">2908 unidades<\/td>\n<td class=\"et3\">23262 unidades<\/td>\n<\/tr>\n<\/tbody>\n<\/table>","protected":false},"excerpt":{"rendered":"<div>QTJ4-26 m\u00e1quina de ladrillo hueco es un equipo especial para la producci\u00f3n de bloques huecos, y es uno de los equipos ideales para resolver nuevos materiales de pared en varias partes de China. Tiene las ventajas de menor inversi\u00f3n, resultados r\u00e1pidos, buena compactaci\u00f3n, alta resistencia y buena calidad de apariencia. El hormig\u00f3n seco y duro es vibrado y compactado bajo alta frecuencia y peque\u00f1a vibraci\u00f3n. La porosidad mec\u00e1nica se utiliza para reducir la porosidad interna para lograr la compacidad, y luego el cemento se hidrata completamente por curado. La estructura es simple, compacta, f\u00e1cil de operar, f\u00e1cil de mantener, menos mano de obra, alto rendimiento, peque\u00f1a inversi\u00f3n y r\u00e1pido retorno. Los bloques producidos son uniformes en densidad y de alta resistencia, y su rendimiento y la calidad del producto son comparables a los de los grandes equipos.<\/div>\n<div>Caracter\u00edsticas del producto:<\/div>\n<div>1. QTJ4-26 peque\u00f1a m\u00e1quina semiautom\u00e1tica de ladrillos sin quemar tiene una fuerte adaptabilidad y multiusos. No s\u00f3lo es adecuado para la producci\u00f3n de bloques de hormig\u00f3n, sino tambi\u00e9n para la producci\u00f3n de bloques tales como cenizas volantes, escoria, escoria y otros materiales, y la instalaci\u00f3n de diferentes moldes. Varias especificaciones de cuerpo fuerte r\u00e1pido, ladrillo de escala, ladrillo hueco, ladrillo poroso, etc.<\/div>\n<div>2. QTJ4-26 m\u00e1quina semiautom\u00e1tica de formaci\u00f3n de bloques y ladrillos sin quemar mejora la tecnolog\u00eda de vibraci\u00f3n del predecesor y el dispositivo de ruptura de arco para realizar el control separado de la vibraci\u00f3n de la tela y la formaci\u00f3n, por lo que la tela es m\u00e1s uniforme y la formaci\u00f3n es optimizada.<\/div>\n<div>3. QTJ4-26 Bloque semiautom\u00e1tico formando y ladrillo no cocido m\u00e1quina molde de compresi\u00f3n forma de vibraci\u00f3n, pero el hormig\u00f3n est\u00e1 completamente licuado y agotado en dos o tres segundos para asegurar la alta densidad del producto, especialmente adecuado para la producci\u00f3n de ladrillos est\u00e1ndar de alta resistencia Puede ser apilado, ahorrando una gran cantidad de inversi\u00f3n en paletas.<\/div>\n<div>4. QTJ4-26 La m\u00e1quina formadora de bloques y ladrillos no cocidos semiautom\u00e1tica adopta una tecnolog\u00eda especial de vibraci\u00f3n de salida sint\u00e9tica de doble extremo para optimizar la disposici\u00f3n del vibrador de modo que la fuerza de excitaci\u00f3n se distribuya uniformemente en la mesa de vibraci\u00f3n. 5. 5. La m\u00e1quina formadora de bloques y ladrillos no cocidos semiautom\u00e1tica QTJ4-26C utiliza tecnolog\u00eda avanzada de control electr\u00f3nico, sistema hidr\u00e1ulico confiable, control autom\u00e1tico integrado de la m\u00e1quina, electricidad, presi\u00f3n hidr\u00e1ulica, operaci\u00f3n simple y operaci\u00f3n confiable.<\/div>","protected":false},"featured_media":539,"comment_status":"open","ping_status":"closed","template":"","meta":[],"product_brand":[],"product_cat":[15],"product_tag":[],"class_list":{"0":"post-532","1":"product","2":"type-product","3":"status-publish","4":"has-post-thumbnail","6":"product_cat-concrete-block-machines","8":"first","9":"instock","10":"shipping-taxable","11":"product-type-simple"},"_links":{"self":[{"href":"https:\/\/www.cgbmgroup.com\/es\/wp-json\/wp\/v2\/product\/532","targetHints":{"allow":["GET"]}}],"collection":[{"href":"https:\/\/www.cgbmgroup.com\/es\/wp-json\/wp\/v2\/product"}],"about":[{"href":"https:\/\/www.cgbmgroup.com\/es\/wp-json\/wp\/v2\/types\/product"}],"replies":[{"embeddable":true,"href":"https:\/\/www.cgbmgroup.com\/es\/wp-json\/wp\/v2\/comments?post=532"}],"wp:featuredmedia":[{"embeddable":true,"href":"https:\/\/www.cgbmgroup.com\/es\/wp-json\/wp\/v2\/media\/539"}],"wp:attachment":[{"href":"https:\/\/www.cgbmgroup.com\/es\/wp-json\/wp\/v2\/media?parent=532"}],"wp:term":[{"taxonomy":"product_brand","embeddable":true,"href":"https:\/\/www.cgbmgroup.com\/es\/wp-json\/wp\/v2\/product_brand?post=532"},{"taxonomy":"product_cat","embeddable":true,"href":"https:\/\/www.cgbmgroup.com\/es\/wp-json\/wp\/v2\/product_cat?post=532"},{"taxonomy":"product_tag","embeddable":true,"href":"https:\/\/www.cgbmgroup.com\/es\/wp-json\/wp\/v2\/product_tag?post=532"}],"curies":[{"name":"wp","href":"https:\/\/api.w.org\/{rel}","templated":true}]}}