{"id":540,"date":"2025-11-03T10:22:36","date_gmt":"2025-11-03T02:22:36","guid":{"rendered":"http:\/\/zsj.hyhdemo.top\/?post_type=product&#038;p=540"},"modified":"2025-11-03T10:24:40","modified_gmt":"2025-11-03T02:24:40","slug":"qt4-35-bloquera-automatica","status":"publish","type":"product","link":"https:\/\/www.cgbmgroup.com\/es\/producto\/qt4-35-bloquera-automatica\/","title":{"rendered":"QT4-35 M\u00e1quina autom\u00e1tica de bloques"},"content":{"rendered":"<table width=\"652\">\n<tbody>\n<tr>\n<td colspan=\"6\" width=\"652\">QT4-35 Par\u00e1metro<\/td>\n<\/tr>\n<tr>\n<td>Ciclo de moldeo<\/td>\n<td colspan=\"2\">30-35s<\/td>\n<td>Presi\u00f3n nominal<\/td>\n<td colspan=\"2\">16-21MPa<\/td>\n<\/tr>\n<tr>\n<td>Viberaci\u00f3n<\/td>\n<td colspan=\"2\">Vibraci\u00f3n de la mesa<\/td>\n<td>Frenquency<\/td>\n<td colspan=\"2\">4600 r\/min.<\/td>\n<\/tr>\n<tr>\n<td>Potencia total<\/td>\n<td colspan=\"2\">14,1 KW<\/td>\n<td>Dimensi\u00f3n<\/td>\n<td colspan=\"2\">2650*1800*1350mm<\/td>\n<\/tr>\n<tr>\n<td>Peso<\/td>\n<td colspan=\"2\">2200KG<\/td>\n<td>Tama\u00f1o de la paleta<\/td>\n<td colspan=\"2\">850*550*30mm<\/td>\n<\/tr>\n<tr>\n<td colspan=\"6\">QT4-35 Productividad<\/td>\n<\/tr>\n<tr>\n<td width=\"108\">Tipo<\/td>\n<td width=\"108\">Fotograf\u00eda<\/td>\n<td width=\"108\">Tama\u00f1o (mm)<\/td>\n<td width=\"108\">Por molde<\/td>\n<td width=\"108\">CANT\/Hora<\/td>\n<td width=\"108\">CANT\/8hrs<\/td>\n<\/tr>\n<tr>\n<td width=\"108\">Bloque hueco<\/td>\n<td width=\"108\"><img decoding=\"async\" class=\"alignnone size-full wp-image-530\" src=\"http:\/\/zsj.hyhdemo.top\/wp-content\/uploads\/2025\/11\/1-1.webp\" alt=\"\" width=\"65\" height=\"45\" \/><\/td>\n<td width=\"108\">4&#8243;= 410*100*200<\/td>\n<td width=\"108\">7 piezas<\/td>\n<td width=\"108\">720 unidades<\/td>\n<td width=\"108\">5760 unidades<\/td>\n<\/tr>\n<tr>\n<td width=\"108\">Bloque hueco<\/td>\n<td width=\"108\"><img decoding=\"async\" class=\"alignnone size-full wp-image-530\" src=\"http:\/\/zsj.hyhdemo.top\/wp-content\/uploads\/2025\/11\/1-1.webp\" alt=\"\" width=\"65\" height=\"45\" \/><\/td>\n<td width=\"108\">5&#8243;= 410*130*200<\/td>\n<td width=\"108\">5 piezas<\/td>\n<td width=\"108\">514 unidades<\/td>\n<td width=\"108\">4114 unidades<\/td>\n<\/tr>\n<tr>\n<td width=\"108\">Bloque hueco<\/td>\n<td width=\"108\"><img decoding=\"async\" class=\"alignnone size-full wp-image-530\" src=\"http:\/\/zsj.hyhdemo.top\/wp-content\/uploads\/2025\/11\/1-1.webp\" alt=\"\" width=\"65\" height=\"45\" \/><\/td>\n<td width=\"108\">6&#8243;= 410*150*200<\/td>\n<td width=\"108\">5 piezas<\/td>\n<td width=\"108\">514 unidades<\/td>\n<td width=\"108\">4114 unidades<\/td>\n<\/tr>\n<tr>\n<td width=\"108\">Ladrillo macizo<\/td>\n<td width=\"108\"><img decoding=\"async\" class=\"alignnone size-full wp-image-520\" src=\"http:\/\/zsj.hyhdemo.top\/wp-content\/uploads\/2025\/10\/4.png\" alt=\"\" width=\"68\" height=\"58\" \/><\/td>\n<td width=\"108\">240*115*53<\/td>\n<td width=\"108\">21 unidades<\/td>\n<td width=\"108\">2160 unidades<\/td>\n<td width=\"108\">17280 unidades<\/td>\n<\/tr>\n<\/tbody>\n<\/table>","protected":false},"excerpt":{"rendered":"<p>La m\u00e1quina de ladrillos tipo 4-35 est\u00e1 dise\u00f1ada por nuestra empresa de acuerdo con las especificaciones de dise\u00f1o de las m\u00e1quinas de bloques huecos de tama\u00f1o peque\u00f1o y mediano en China. La m\u00e1quina de ladrillos es diferente del proceso tradicional de fabricaci\u00f3n de ladrillos de horno en el proceso de producci\u00f3n de ladrillos. Requiere proceso de cocci\u00f3n. La m\u00e1quina tiene una fuerte estabilidad y resistencia a la abrasi\u00f3n. El interruptor de disparo est\u00e1 instalado, lo que mejora en gran medida la calidad del producto, de alta presi\u00f3n, buen rendimiento y f\u00e1cil operaci\u00f3n. Tambi\u00e9n est\u00e1 equipado con un motor de freno electromagn\u00e9tico para eliminar eficazmente las r\u00e9plicas y mejorar en gran medida la eficiencia de producci\u00f3n. Ahorra mano de obra y energ\u00eda, tiene una inversi\u00f3n peque\u00f1a y resultados r\u00e1pidos. Es el modelo ideal para peque\u00f1os y medianos inversores.<\/p>\n<p>4-35 m\u00e1quina de ladrillo Se utiliza principalmente para las principales materias primas, tales como cenizas volantes, arena de r\u00edo, arena de mar, arena de monta\u00f1a, polvo de mineral, escoria, polvo de piedra, escoria de carb\u00f3n, ganga de carb\u00f3n, escoria de relaves, escoria qu\u00edmica, etc, a\u00f1adir una cierta proporci\u00f3n de cemento o ceniza blanca para hacer ladrillos Moldeo a presi\u00f3n. Las formas que se pueden prensar seg\u00fan diferentes moldes son ladrillos est\u00e1ndar, ladrillos porosos, ladrillos con agujeros ciegos, ladrillos huecos, ladrillos de pavimento y ladrillos con necesidades especiales; seg\u00fan el proceso de curado posterior, se pueden dividir en ladrillos de curado natural sin quemar y ladrillos de curado autoclave ( Ladrillos autoclave), etc. Es un equipo de procesamiento de materiales de pared respetuoso con el medio ambiente, en l\u00ednea con las pol\u00edticas industriales y la reforma de nuevos materiales de pared.<\/p>\n<p>2. Ventajas y caracter\u00edsticas de la m\u00e1quina de ladrillos sin cocer 4-35:<br \/>\n1) Dise\u00f1o razonable, estructura compacta, transmisi\u00f3n mec\u00e1nica completa, baja tasa de fallos.<br \/>\n2) Presionando hacia arriba y hacia abajo, fuerte vibraci\u00f3n, adecuado para la producci\u00f3n de bloques de alta resistencia despu\u00e9s del apilamiento (3-5 capas de altura).<br \/>\n3) M\u00e1quina multiusos, con diferentes moldes puede producir varias especificaciones de bloques.<br \/>\n4) La uniformidad y resistencia del bloque son elevadas, y su rendimiento es comparable al de los grandes equipos.<br \/>\n5) Aparatos el\u00e9ctricos, rodamientos, rendimiento estable y fiable.<br \/>\n6) Equipado con dispositivo de protecci\u00f3n autom\u00e1tica, alto factor de seguridad, no es f\u00e1cil da\u00f1ar la m\u00e1quina.<br \/>\n7) Alta tecnolog\u00eda y alta calidad.<\/p>\n<p>3.Principales par\u00e1metros t\u00e9cnicos de la m\u00e1quina de bloques de ladrillo 4-35:<br \/>\nDimensiones: 1200 \u00d7 1200 \u00d7 1600mm<br \/>\nCiclo de moldeo: 30 segundos \/ veces<br \/>\nCapacidad de producci\u00f3n dise\u00f1ada: 6000 \/ clase (baldosas de pavimento)<br \/>\nPotencia total del motor: 4,8 kW<br \/>\nCalidad de la m\u00e1quina: 1 tonelada<br \/>\nEspecificaciones de la paleta: 850 \u00d7 450 \u00d7 30 mm<br \/>\nProductividad:<br \/>\n240 \u00d7 115 \u00d7 53 24 piezas \/ molde 14000-17000 piezas \/ 8 horas<br \/>\n390x190x190 4 piezas \/ molde 2000-3000 piezas \/ 8 horas<br \/>\nBloque hexagonal con Longitud 200mm, 2 piezas \/ molde, 1900 piezas \/ 8 horas<br \/>\nBloque hexagonal con Longitud 300mm, 1 bloque \/ molde, 960 bloques \/ 8 horas<\/p>\n<p>&nbsp;<\/p>","protected":false},"featured_media":541,"comment_status":"open","ping_status":"closed","template":"","meta":[],"product_brand":[],"product_cat":[15],"product_tag":[],"class_list":{"0":"post-540","1":"product","2":"type-product","3":"status-publish","4":"has-post-thumbnail","6":"product_cat-concrete-block-machines","8":"first","9":"instock","10":"shipping-taxable","11":"product-type-simple"},"_links":{"self":[{"href":"https:\/\/www.cgbmgroup.com\/es\/wp-json\/wp\/v2\/product\/540","targetHints":{"allow":["GET"]}}],"collection":[{"href":"https:\/\/www.cgbmgroup.com\/es\/wp-json\/wp\/v2\/product"}],"about":[{"href":"https:\/\/www.cgbmgroup.com\/es\/wp-json\/wp\/v2\/types\/product"}],"replies":[{"embeddable":true,"href":"https:\/\/www.cgbmgroup.com\/es\/wp-json\/wp\/v2\/comments?post=540"}],"wp:featuredmedia":[{"embeddable":true,"href":"https:\/\/www.cgbmgroup.com\/es\/wp-json\/wp\/v2\/media\/541"}],"wp:attachment":[{"href":"https:\/\/www.cgbmgroup.com\/es\/wp-json\/wp\/v2\/media?parent=540"}],"wp:term":[{"taxonomy":"product_brand","embeddable":true,"href":"https:\/\/www.cgbmgroup.com\/es\/wp-json\/wp\/v2\/product_brand?post=540"},{"taxonomy":"product_cat","embeddable":true,"href":"https:\/\/www.cgbmgroup.com\/es\/wp-json\/wp\/v2\/product_cat?post=540"},{"taxonomy":"product_tag","embeddable":true,"href":"https:\/\/www.cgbmgroup.com\/es\/wp-json\/wp\/v2\/product_tag?post=540"}],"curies":[{"name":"wp","href":"https:\/\/api.w.org\/{rel}","templated":true}]}}