{"id":555,"date":"2025-11-03T10:57:21","date_gmt":"2025-11-03T02:57:21","guid":{"rendered":"http:\/\/zsj.hyhdemo.top\/?post_type=product&#038;p=555"},"modified":"2025-11-03T10:57:21","modified_gmt":"2025-11-03T02:57:21","slug":"qt8-15-bloquera-automatica","status":"publish","type":"product","link":"https:\/\/www.cgbmgroup.com\/es\/producto\/qt8-15-bloquera-automatica\/","title":{"rendered":"QT8-15 M\u00e1quina bloquera autom\u00e1tica"},"content":{"rendered":"<table width=\"692\">\n<tbody>\n<tr>\n<td colspan=\"6\" width=\"692\">QT8-15 Par\u00e1metro<\/td>\n<\/tr>\n<tr>\n<td>Ciclo de moldeo<\/td>\n<td colspan=\"2\">15-20s<\/td>\n<td>Presi\u00f3n nominal<\/td>\n<td colspan=\"2\">16-21MPa<\/td>\n<\/tr>\n<tr>\n<td>Viberaci\u00f3n<\/td>\n<td colspan=\"2\">Vibraci\u00f3n de la mesa<\/td>\n<td>Frenquency<\/td>\n<td colspan=\"2\">2800-5100tiempo\/min.<\/td>\n<\/tr>\n<tr>\n<td>Fuerza emocionante<\/td>\n<td colspan=\"2\">85KN<\/td>\n<td>Potencia total<\/td>\n<td colspan=\"2\">51KW<\/td>\n<\/tr>\n<tr>\n<td>Dimensi\u00f3n<\/td>\n<td colspan=\"2\">8300*2800*2900mm<\/td>\n<td>Tama\u00f1o de la paleta<\/td>\n<td colspan=\"2\">950*900*30mm<\/td>\n<\/tr>\n<tr>\n<td colspan=\"6\">QT8-15 Productividad<\/td>\n<\/tr>\n<tr>\n<td width=\"109\">Tipo<\/td>\n<td width=\"111\">Fotograf\u00eda<\/td>\n<td width=\"120\">Tama\u00f1o (mm)<\/td>\n<td width=\"111\">Por molde<\/td>\n<td width=\"120\">CANT\/Hora<\/td>\n<td width=\"120\">CANT\/D\u00eda(8hrs)<\/td>\n<\/tr>\n<tr>\n<td width=\"109\">Bloque hueco<\/td>\n<td width=\"111\"><img decoding=\"async\" class=\"alignnone size-full wp-image-521\" src=\"http:\/\/zsj.hyhdemo.top\/wp-content\/uploads\/2025\/10\/WPS\u56fe\u72471.png\" alt=\"\" width=\"55\" height=\"41\" \/><\/td>\n<td width=\"120\">390*190*190<\/td>\n<td width=\"111\">8 piezas<\/td>\n<td width=\"120\">1920 piezas<\/td>\n<td width=\"120\">15360 unidades<\/td>\n<\/tr>\n<tr>\n<td width=\"109\">Ladrillo adoqu\u00edn<\/td>\n<td width=\"111\"><img decoding=\"async\" class=\"alignnone size-full wp-image-518\" src=\"http:\/\/zsj.hyhdemo.top\/wp-content\/uploads\/2025\/10\/2.png\" alt=\"\" width=\"65\" height=\"49\" \/><\/td>\n<td width=\"120\">225*125*60<\/td>\n<td width=\"111\">21 unidades<\/td>\n<td width=\"120\">3150 unidades<\/td>\n<td width=\"120\">25200 unidades<\/td>\n<\/tr>\n<tr>\n<td width=\"109\">Adoqu\u00edn de color<\/td>\n<td width=\"111\"><img decoding=\"async\" class=\"alignnone size-full wp-image-519\" src=\"http:\/\/zsj.hyhdemo.top\/wp-content\/uploads\/2025\/10\/3.png\" alt=\"\" width=\"60\" height=\"37\" \/><\/td>\n<td width=\"120\">200*100*60<\/td>\n<td width=\"111\">28 piezas<\/td>\n<td width=\"120\">4200 piezas<\/td>\n<td width=\"120\">33600 unidades<\/td>\n<\/tr>\n<tr>\n<td width=\"109\">Ladrillo macizo<\/td>\n<td width=\"111\"><img loading=\"lazy\" decoding=\"async\" class=\"alignnone size-full wp-image-520\" src=\"http:\/\/zsj.hyhdemo.top\/wp-content\/uploads\/2025\/10\/4.png\" alt=\"\" width=\"68\" height=\"58\" \/><\/td>\n<td width=\"120\">240*115*53<\/td>\n<td width=\"111\">42 unidades<\/td>\n<td width=\"120\">10080 unidades<\/td>\n<td width=\"120\">80640 unidades<\/td>\n<\/tr>\n<\/tbody>\n<\/table>","protected":false},"excerpt":{"rendered":"<p>1. La m\u00e1quina de fabricaci\u00f3n de bloques de ladrillo de adoquines totalmente autom\u00e1tica puede producir varios bloques s\u00f3lidos, bloques huecos, adoquines y bordillos cambiando los moldes.<br \/>\n2. 2. La m\u00e1quina de fabricaci\u00f3n de bloques de adoquines completamente autom\u00e1tica adopta el sistema de moldeo por presi\u00f3n hidr\u00e1ulica, por lo que la m\u00e1quina de ladrillos tiene un estado de trabajo m\u00e1s estable y de mayor eficiencia, y los ladrillos producidos son de mejor calidad, mayor densidad y mayor resistencia.<br \/>\n3. Tecnolog\u00eda de corte de l\u00ednea precisa y tecnolog\u00eda de tratamiento de carburaci\u00f3n para prolongar la vida \u00fatil del molde y aumentar la precisi\u00f3n del bloque.<br \/>\n4. Interruptores utilizar\u00e1 Jap\u00f3n Omron o Francia Schneider banda, motor utilizar\u00e1 Siemens o ABB marca.<\/p>","protected":false},"featured_media":556,"comment_status":"open","ping_status":"closed","template":"","meta":[],"product_brand":[],"product_cat":[15],"product_tag":[],"class_list":{"0":"post-555","1":"product","2":"type-product","3":"status-publish","4":"has-post-thumbnail","6":"product_cat-concrete-block-machines","8":"first","9":"instock","10":"shipping-taxable","11":"product-type-simple"},"_links":{"self":[{"href":"https:\/\/www.cgbmgroup.com\/es\/wp-json\/wp\/v2\/product\/555","targetHints":{"allow":["GET"]}}],"collection":[{"href":"https:\/\/www.cgbmgroup.com\/es\/wp-json\/wp\/v2\/product"}],"about":[{"href":"https:\/\/www.cgbmgroup.com\/es\/wp-json\/wp\/v2\/types\/product"}],"replies":[{"embeddable":true,"href":"https:\/\/www.cgbmgroup.com\/es\/wp-json\/wp\/v2\/comments?post=555"}],"wp:featuredmedia":[{"embeddable":true,"href":"https:\/\/www.cgbmgroup.com\/es\/wp-json\/wp\/v2\/media\/556"}],"wp:attachment":[{"href":"https:\/\/www.cgbmgroup.com\/es\/wp-json\/wp\/v2\/media?parent=555"}],"wp:term":[{"taxonomy":"product_brand","embeddable":true,"href":"https:\/\/www.cgbmgroup.com\/es\/wp-json\/wp\/v2\/product_brand?post=555"},{"taxonomy":"product_cat","embeddable":true,"href":"https:\/\/www.cgbmgroup.com\/es\/wp-json\/wp\/v2\/product_cat?post=555"},{"taxonomy":"product_tag","embeddable":true,"href":"https:\/\/www.cgbmgroup.com\/es\/wp-json\/wp\/v2\/product_tag?post=555"}],"curies":[{"name":"wp","href":"https:\/\/api.w.org\/{rel}","templated":true}]}}