{"id":557,"date":"2025-11-03T11:05:34","date_gmt":"2025-11-03T03:05:34","guid":{"rendered":"http:\/\/zsj.hyhdemo.top\/?post_type=product&#038;p=557"},"modified":"2025-11-03T11:05:34","modified_gmt":"2025-11-03T03:05:34","slug":"qt10-15-bloquera-automatica","status":"publish","type":"product","link":"https:\/\/www.cgbmgroup.com\/es\/producto\/qt10-15-bloquera-automatica\/","title":{"rendered":"QT10-15 M\u00e1quina bloquera autom\u00e1tica"},"content":{"rendered":"<table width=\"692\">\n<tbody>\n<tr>\n<td colspan=\"6\" width=\"692\">QT10-15 Par\u00e1metro<\/td>\n<\/tr>\n<tr>\n<td>Ciclo de moldeo<\/td>\n<td colspan=\"2\">15-20s<\/td>\n<td>Presi\u00f3n nominal<\/td>\n<td colspan=\"2\">21MPa<\/td>\n<\/tr>\n<tr>\n<td>Viberaci\u00f3n<\/td>\n<td colspan=\"2\">Vibraci\u00f3n de la mesa<\/td>\n<td>Frenquency<\/td>\n<td colspan=\"2\">2800-5500tiempo\/min.<\/td>\n<\/tr>\n<tr>\n<td>Fuerza emocionante<\/td>\n<td colspan=\"2\">100KN<\/td>\n<td>Potencia total<\/td>\n<td colspan=\"2\">65 KW<\/td>\n<\/tr>\n<tr>\n<td>Dimensi\u00f3n<\/td>\n<td colspan=\"2\">\u00a09350x2520x2950mm<\/td>\n<td>Tama\u00f1o de la paleta<\/td>\n<td colspan=\"2\">1100*900*30mm<\/td>\n<\/tr>\n<tr>\n<td colspan=\"6\">QT10-15 Productividad<\/td>\n<\/tr>\n<tr>\n<td width=\"109\">Tipo<\/td>\n<td width=\"111\">Fotograf\u00eda<\/td>\n<td width=\"120\">Tama\u00f1o (mm)<\/td>\n<td width=\"111\">Por molde<\/td>\n<td width=\"120\">CANT\/Hora<\/td>\n<td width=\"120\">CANT\/D\u00eda(8hrs)<\/td>\n<\/tr>\n<tr>\n<td width=\"109\">Bloque hueco<\/td>\n<td width=\"111\"><img decoding=\"async\" class=\"alignnone size-full wp-image-521\" src=\"http:\/\/zsj.hyhdemo.top\/wp-content\/uploads\/2025\/10\/WPS\u56fe\u72471.png\" alt=\"\" width=\"55\" height=\"41\" \/><\/td>\n<td width=\"120\">390*190*190<\/td>\n<td width=\"111\">10 unidades<\/td>\n<td width=\"120\">1800-2400 piezas<\/td>\n<td width=\"120\">14400-19200 unidades<\/td>\n<\/tr>\n<tr>\n<td width=\"109\">Ladrillo adoqu\u00edn<\/td>\n<td width=\"111\"><img decoding=\"async\" class=\"alignnone size-full wp-image-518\" src=\"http:\/\/zsj.hyhdemo.top\/wp-content\/uploads\/2025\/10\/2.png\" alt=\"\" width=\"65\" height=\"49\" \/><\/td>\n<td width=\"120\">225*125*60<\/td>\n<td width=\"111\">24 unidades<\/td>\n<td width=\"120\">3456-5760 unidades<\/td>\n<td width=\"120\">27648-46080 unidades<\/td>\n<\/tr>\n<tr>\n<td width=\"109\">Adoqu\u00edn de color<\/td>\n<td width=\"111\"><img decoding=\"async\" class=\"alignnone size-full wp-image-519\" src=\"http:\/\/zsj.hyhdemo.top\/wp-content\/uploads\/2025\/10\/3.png\" alt=\"\" width=\"60\" height=\"37\" \/><\/td>\n<td width=\"120\">200*100*60<\/td>\n<td width=\"111\">31 piezas<\/td>\n<td width=\"120\">5580 unidades<\/td>\n<td width=\"120\">44640 unidades<\/td>\n<\/tr>\n<tr>\n<td width=\"109\">Ladrillo macizo<\/td>\n<td width=\"111\"><img loading=\"lazy\" decoding=\"async\" class=\"alignnone size-full wp-image-520\" src=\"http:\/\/zsj.hyhdemo.top\/wp-content\/uploads\/2025\/10\/4.png\" alt=\"\" width=\"68\" height=\"58\" \/><\/td>\n<td width=\"120\">240*115*53<\/td>\n<td width=\"111\">51 unidades<\/td>\n<td width=\"120\">9360-12480 unidades<\/td>\n<td width=\"120\">74880-99840 unidades<\/td>\n<\/tr>\n<\/tbody>\n<\/table>","protected":false},"excerpt":{"rendered":"<p>La m\u00e1quina de ladrillos huecos QT10-15 tiene un dise\u00f1o razonable, una estructura compacta y un equilibrio fiable. Con alta eficiencia y dise\u00f1o de sistema de vibraci\u00f3n fuerte, aumenta en gran medida la densidad y la eficiencia de producci\u00f3n del producto. La m\u00e1quina de fabricaci\u00f3n de ladrillos de hormig\u00f3n adopta el sistema de control PLC y est\u00e1 en las mejores condiciones de trabajo. La l\u00ednea de producci\u00f3n est\u00e1 equipada con un apilador hidr\u00e1ulico, que ahorra mano de obra y tiene una alta productividad.<br \/>\n1. El sistema el\u00e9ctrico utiliza el controlador programable PLC para controlar el dispositivo de entrada y salida de datos, el sistema de control incluye el control l\u00f3gico de seguridad y el sistema de diagn\u00f3stico de fallos.<br \/>\n2. Computadora importada y sellos electr\u00f3nicos, componentes hidr\u00e1ulicos con v\u00e1lvula proporcional de alto rendimiento din\u00e1mico, con el fin de controlar con precisi\u00f3n la acci\u00f3n de las piezas clave.<br \/>\n3. El cuerpo de esta m\u00e1quina de fabricaci\u00f3n de ladrillos de cenizas volantes utiliza piezas de acero de alta precisi\u00f3n y alta resistencia y tecnolog\u00eda de soldadura y materiales especiales para obtener una buena rigidez, resistencia a las vibraciones y larga vida \u00fatil.<br \/>\n4. La m\u00e1quina de planta de ladrillo de ceniza volante adopta la gu\u00eda de cuatro barras para asegurar el movimiento preciso de la cabeza de la prensa y el molde.<br \/>\n5. Por mec\u00e1nica, electricidad, tecnolog\u00eda de integraci\u00f3n de l\u00edquidos, el proceso de operaci\u00f3n de esta m\u00e1quina sigue siendo el mismo, formando as\u00ed productos con alta estabilidad, baja tasa de rechazo.<\/p>","protected":false},"featured_media":558,"comment_status":"open","ping_status":"closed","template":"","meta":[],"product_brand":[],"product_cat":[15],"product_tag":[],"class_list":{"0":"post-557","1":"product","2":"type-product","3":"status-publish","4":"has-post-thumbnail","6":"product_cat-concrete-block-machines","8":"first","9":"instock","10":"shipping-taxable","11":"product-type-simple"},"_links":{"self":[{"href":"https:\/\/www.cgbmgroup.com\/es\/wp-json\/wp\/v2\/product\/557","targetHints":{"allow":["GET"]}}],"collection":[{"href":"https:\/\/www.cgbmgroup.com\/es\/wp-json\/wp\/v2\/product"}],"about":[{"href":"https:\/\/www.cgbmgroup.com\/es\/wp-json\/wp\/v2\/types\/product"}],"replies":[{"embeddable":true,"href":"https:\/\/www.cgbmgroup.com\/es\/wp-json\/wp\/v2\/comments?post=557"}],"wp:featuredmedia":[{"embeddable":true,"href":"https:\/\/www.cgbmgroup.com\/es\/wp-json\/wp\/v2\/media\/558"}],"wp:attachment":[{"href":"https:\/\/www.cgbmgroup.com\/es\/wp-json\/wp\/v2\/media?parent=557"}],"wp:term":[{"taxonomy":"product_brand","embeddable":true,"href":"https:\/\/www.cgbmgroup.com\/es\/wp-json\/wp\/v2\/product_brand?post=557"},{"taxonomy":"product_cat","embeddable":true,"href":"https:\/\/www.cgbmgroup.com\/es\/wp-json\/wp\/v2\/product_cat?post=557"},{"taxonomy":"product_tag","embeddable":true,"href":"https:\/\/www.cgbmgroup.com\/es\/wp-json\/wp\/v2\/product_tag?post=557"}],"curies":[{"name":"wp","href":"https:\/\/api.w.org\/{rel}","templated":true}]}}