{"id":559,"date":"2025-11-03T11:13:06","date_gmt":"2025-11-03T03:13:06","guid":{"rendered":"http:\/\/zsj.hyhdemo.top\/?post_type=product&#038;p=559"},"modified":"2025-11-03T11:13:06","modified_gmt":"2025-11-03T03:13:06","slug":"qt12-15-bloquera-automatica","status":"publish","type":"product","link":"https:\/\/www.cgbmgroup.com\/es\/producto\/qt12-15-bloquera-automatica\/","title":{"rendered":"QT12-15 M\u00e1quina autom\u00e1tica de bloques"},"content":{"rendered":"<table width=\"702\">\n<tbody>\n<tr>\n<td colspan=\"6\" width=\"702\">Par\u00e1metro QT12-15<\/td>\n<\/tr>\n<tr>\n<td>Ciclo de moldeo<\/td>\n<td colspan=\"2\">15-20s<\/td>\n<td>Presi\u00f3n nominal<\/td>\n<td colspan=\"2\">21MPa<\/td>\n<\/tr>\n<tr>\n<td>Viberaci\u00f3n<\/td>\n<td colspan=\"2\">Vibraci\u00f3n de la mesa<\/td>\n<td>Frenquency<\/td>\n<td colspan=\"2\">2800-5100tiempo\/min.<\/td>\n<\/tr>\n<tr>\n<td>Fuerza emocionante<\/td>\n<td colspan=\"2\">110KN<\/td>\n<td>Potencia total<\/td>\n<td colspan=\"2\">67KW<\/td>\n<\/tr>\n<tr>\n<td>Dimensi\u00f3n<\/td>\n<td colspan=\"2\">\u00a09350*3200*2900mm<\/td>\n<td>Tama\u00f1o de la paleta<\/td>\n<td colspan=\"2\">1300*900*30mm<\/td>\n<\/tr>\n<tr>\n<td colspan=\"6\">QT12-15 Productividad<\/td>\n<\/tr>\n<tr>\n<td width=\"109\">Tipo<\/td>\n<td width=\"111\">Fotograf\u00eda<\/td>\n<td width=\"120\">Tama\u00f1o (mm)<\/td>\n<td width=\"111\">Por molde<\/td>\n<td width=\"120\">CANT\/Hora<\/td>\n<td width=\"129\">CANT\/D\u00eda(8hrs)<\/td>\n<\/tr>\n<tr>\n<td width=\"109\">Bloque hueco<\/td>\n<td width=\"111\"><img decoding=\"async\" class=\"alignnone size-full wp-image-521\" src=\"http:\/\/zsj.hyhdemo.top\/wp-content\/uploads\/2025\/10\/WPS\u56fe\u72471.png\" alt=\"\" width=\"55\" height=\"41\" \/><\/td>\n<td width=\"120\">390*190*190<\/td>\n<td width=\"111\">12 piezas<\/td>\n<td width=\"120\">\u00a02160-2880 unidades<\/td>\n<td width=\"129\">17280-23040 unidades<\/td>\n<\/tr>\n<tr>\n<td width=\"109\">Ladrillo adoqu\u00edn<\/td>\n<td width=\"111\"><img decoding=\"async\" class=\"alignnone size-full wp-image-518\" src=\"http:\/\/zsj.hyhdemo.top\/wp-content\/uploads\/2025\/10\/2.png\" alt=\"\" width=\"65\" height=\"49\" \/><\/td>\n<td width=\"120\">225*125*60<\/td>\n<td width=\"111\">26 piezas<\/td>\n<td width=\"120\">4680-6240pcs<\/td>\n<td width=\"129\">37440-49920pcs<\/td>\n<\/tr>\n<tr>\n<td width=\"109\">Adoqu\u00edn de color<\/td>\n<td width=\"111\"><img decoding=\"async\" class=\"alignnone size-full wp-image-519\" src=\"http:\/\/zsj.hyhdemo.top\/wp-content\/uploads\/2025\/10\/3.png\" alt=\"\" width=\"60\" height=\"37\" \/><\/td>\n<td width=\"120\">200*100*60<\/td>\n<td width=\"111\">36 unidades<\/td>\n<td width=\"120\">6480 unidades<\/td>\n<td width=\"129\">51840 unidades<\/td>\n<\/tr>\n<tr>\n<td width=\"109\">Ladrillo macizo<\/td>\n<td width=\"111\"><img loading=\"lazy\" decoding=\"async\" class=\"alignnone size-full wp-image-520\" src=\"http:\/\/zsj.hyhdemo.top\/wp-content\/uploads\/2025\/10\/4.png\" alt=\"\" width=\"68\" height=\"58\" \/><\/td>\n<td width=\"120\">240*115*53<\/td>\n<td width=\"111\">62 unidades<\/td>\n<td width=\"120\">11160-14880 unidades<\/td>\n<td width=\"129\">89280-119040 unidades<\/td>\n<\/tr>\n<\/tbody>\n<\/table>","protected":false},"excerpt":{"rendered":"<p>1. Adopta un sistema de almacenamiento y distribuci\u00f3n de materiales para gestionar el almacenamiento y la distribuci\u00f3n de materiales, a fin de garantizar una alimentaci\u00f3n exacta y un desplazamiento preciso para una densidad uniforme y una alta compacidad de los productos.<br \/>\n2. Utiliza el modo de vibraci\u00f3n sincr\u00f3nica de conversi\u00f3n de frecuencia y la frecuencia de vibraci\u00f3n puede ajustarse seg\u00fan los diferentes requisitos del proceso para lograr una alimentaci\u00f3n de baja frecuencia y un moldeo de alta frecuencia. El cambio de amplitud y frecuencia de vibraci\u00f3n en el proceso de conversi\u00f3n de frecuencia es m\u00e1s propicio para la compacidad del flujo de hormig\u00f3n.<br \/>\n3. En una variedad de sistemas de control de m\u00e1quinas de datos de producci\u00f3n, es m\u00e1s f\u00e1cil y m\u00e1s simple de operar y ajustar los cambios de material y la producci\u00f3n de diferentes productos en el proceso de producci\u00f3n.<br \/>\n4. El sistema de diagn\u00f3stico autom\u00e1tico tiene funci\u00f3n de recordatorio de alarma, que puede ayudar a la soluci\u00f3n de problemas a tiempo. Las funciones de monitorizaci\u00f3n y recuperaci\u00f3n remota de datos, actualizaci\u00f3n del sistema y diagn\u00f3stico de fallos pueden realizarse a trav\u00e9s de la conexi\u00f3n de red.<\/p>","protected":false},"featured_media":560,"comment_status":"open","ping_status":"closed","template":"","meta":[],"product_brand":[],"product_cat":[15],"product_tag":[],"class_list":{"0":"post-559","1":"product","2":"type-product","3":"status-publish","4":"has-post-thumbnail","6":"product_cat-concrete-block-machines","8":"first","9":"instock","10":"shipping-taxable","11":"product-type-simple"},"_links":{"self":[{"href":"https:\/\/www.cgbmgroup.com\/es\/wp-json\/wp\/v2\/product\/559","targetHints":{"allow":["GET"]}}],"collection":[{"href":"https:\/\/www.cgbmgroup.com\/es\/wp-json\/wp\/v2\/product"}],"about":[{"href":"https:\/\/www.cgbmgroup.com\/es\/wp-json\/wp\/v2\/types\/product"}],"replies":[{"embeddable":true,"href":"https:\/\/www.cgbmgroup.com\/es\/wp-json\/wp\/v2\/comments?post=559"}],"wp:featuredmedia":[{"embeddable":true,"href":"https:\/\/www.cgbmgroup.com\/es\/wp-json\/wp\/v2\/media\/560"}],"wp:attachment":[{"href":"https:\/\/www.cgbmgroup.com\/es\/wp-json\/wp\/v2\/media?parent=559"}],"wp:term":[{"taxonomy":"product_brand","embeddable":true,"href":"https:\/\/www.cgbmgroup.com\/es\/wp-json\/wp\/v2\/product_brand?post=559"},{"taxonomy":"product_cat","embeddable":true,"href":"https:\/\/www.cgbmgroup.com\/es\/wp-json\/wp\/v2\/product_cat?post=559"},{"taxonomy":"product_tag","embeddable":true,"href":"https:\/\/www.cgbmgroup.com\/es\/wp-json\/wp\/v2\/product_tag?post=559"}],"curies":[{"name":"wp","href":"https:\/\/api.w.org\/{rel}","templated":true}]}}