{"id":562,"date":"2025-11-03T11:18:54","date_gmt":"2025-11-03T03:18:54","guid":{"rendered":"http:\/\/zsj.hyhdemo.top\/?post_type=product&#038;p=562"},"modified":"2025-11-03T11:18:54","modified_gmt":"2025-11-03T03:18:54","slug":"gb1000-800-600t-maquina-de-presion-hidraulica","status":"publish","type":"product","link":"https:\/\/www.cgbmgroup.com\/es\/producto\/gb1000-800-600t-maquina-de-presion-hidraulica\/","title":{"rendered":"M\u00e1quina de presi\u00f3n hidr\u00e1ulica GB1000\/800\/600T"},"content":{"rendered":"<table width=\"648\">\n<tbody>\n<tr>\n<td width=\"189\">GB1000\/800\/600T<\/td>\n<td width=\"153\"><\/td>\n<td width=\"153\"><\/td>\n<td width=\"153\"><\/td>\n<\/tr>\n<tr>\n<td>Par\u00e1metro principal<\/td>\n<td>1000T<\/td>\n<td>800T<\/td>\n<td>600T<\/td>\n<\/tr>\n<tr>\n<td>Presi\u00f3n m\u00e1xima<\/td>\n<td>10000KN<\/td>\n<td>8000KN<\/td>\n<td>6000KN<\/td>\n<\/tr>\n<tr>\n<td>Ciclo de formaci\u00f3n<\/td>\n<td>19-25S<\/td>\n<td>19-25S<\/td>\n<td>19-25S<\/td>\n<\/tr>\n<tr>\n<td>Cilindro anfitri\u00f3n<\/td>\n<td>600m<\/td>\n<td>580 mm<\/td>\n<td>500 mm<\/td>\n<\/tr>\n<tr>\n<td>Formulario de prensa<\/td>\n<td>Presi\u00f3n Dobule<\/td>\n<td>Presi\u00f3n \u00fanica<\/td>\n<td>Presi\u00f3n \u00fanica<\/td>\n<\/tr>\n<tr>\n<td>Potencia del motor principal<\/td>\n<td>55 KW<\/td>\n<td>45KW<\/td>\n<td>37KW<\/td>\n<\/tr>\n<tr>\n<td>Tama\u00f1o de la paleta<\/td>\n<td>Palet Libre<\/td>\n<td>1000\u00d7880\u00d720mm<\/td>\n<td>920\u00d7580\u00d720mm<\/td>\n<\/tr>\n<tr>\n<td>Motor Vibertion<\/td>\n<td>NO<\/td>\n<td>7,5 KW\u00d72<\/td>\n<td>5,5 KW\u00d72<\/td>\n<\/tr>\n<tr>\n<td colspan=\"4\">Productividad<\/td>\n<\/tr>\n<tr>\n<td>238\u00d7115\u00d750 Ladrillo est\u00e1ndar<\/td>\n<td>32 uds.<\/td>\n<td>39 pc<\/td>\n<td>24 uds.<\/td>\n<\/tr>\n<tr>\n<td>Ladrillo para adoquines 200\u00d7100\u00d760<\/td>\n<td>16 uds.<\/td>\n<td>28 uds.<\/td>\n<td>16 uds.<\/td>\n<\/tr>\n<\/tbody>\n<\/table>","protected":false},"excerpt":{"rendered":"<p>GB1000\/800\/600T Main Parameter 1000T 800T 600T Max Pressure 10000KN 8000KN 6000KN Forming Cycle 19-25S 19-25S 19-25S Host Cylinder 600m 580mm 500mm Press Form Dobule Pressure Single Pressure Single Pressure Main Motor Power 55KW 45KW 37KW Pallet Size Pallet Free 1000\u00d7880\u00d720mm 920\u00d7580\u00d720mm Vibertion Motor NON 7.5KW\u00d72 5.5KW\u00d72 Productivity 238\u00d7115\u00d750 Standar Brick 32 pc 39 pc 24 [&hellip;]<\/p>\n","protected":false},"featured_media":563,"comment_status":"open","ping_status":"closed","template":"","meta":[],"product_brand":[],"product_cat":[15],"product_tag":[],"class_list":{"0":"post-562","1":"product","2":"type-product","3":"status-publish","4":"has-post-thumbnail","6":"product_cat-concrete-block-machines","8":"first","9":"instock","10":"shipping-taxable","11":"product-type-simple"},"_links":{"self":[{"href":"https:\/\/www.cgbmgroup.com\/es\/wp-json\/wp\/v2\/product\/562","targetHints":{"allow":["GET"]}}],"collection":[{"href":"https:\/\/www.cgbmgroup.com\/es\/wp-json\/wp\/v2\/product"}],"about":[{"href":"https:\/\/www.cgbmgroup.com\/es\/wp-json\/wp\/v2\/types\/product"}],"replies":[{"embeddable":true,"href":"https:\/\/www.cgbmgroup.com\/es\/wp-json\/wp\/v2\/comments?post=562"}],"wp:featuredmedia":[{"embeddable":true,"href":"https:\/\/www.cgbmgroup.com\/es\/wp-json\/wp\/v2\/media\/563"}],"wp:attachment":[{"href":"https:\/\/www.cgbmgroup.com\/es\/wp-json\/wp\/v2\/media?parent=562"}],"wp:term":[{"taxonomy":"product_brand","embeddable":true,"href":"https:\/\/www.cgbmgroup.com\/es\/wp-json\/wp\/v2\/product_brand?post=562"},{"taxonomy":"product_cat","embeddable":true,"href":"https:\/\/www.cgbmgroup.com\/es\/wp-json\/wp\/v2\/product_cat?post=562"},{"taxonomy":"product_tag","embeddable":true,"href":"https:\/\/www.cgbmgroup.com\/es\/wp-json\/wp\/v2\/product_tag?post=562"}],"curies":[{"name":"wp","href":"https:\/\/api.w.org\/{rel}","templated":true}]}}