{"id":592,"date":"2025-11-03T13:56:30","date_gmt":"2025-11-03T05:56:30","guid":{"rendered":"http:\/\/zsj.hyhdemo.top\/?post_type=product&#038;p=592"},"modified":"2025-11-03T14:06:39","modified_gmt":"2025-11-03T06:06:39","slug":"estacion-hidraulica-sistema-hidraulico-electrico","status":"publish","type":"product","link":"https:\/\/www.cgbmgroup.com\/es\/producto\/estacion-hidraulica-sistema-hidraulico-electrico\/","title":{"rendered":"Estaci\u00f3n hidr\u00e1ulica-Sistema el\u00e9ctrico e hidr\u00e1ulico"},"content":{"rendered":"","protected":false},"excerpt":{"rendered":"","protected":false},"featured_media":593,"comment_status":"open","ping_status":"closed","template":"","meta":[],"product_brand":[],"product_cat":[21],"product_tag":[],"class_list":{"0":"post-592","1":"product","2":"type-product","3":"status-publish","4":"has-post-thumbnail","6":"product_cat-mobile-block-machine","8":"first","9":"instock","10":"shipping-taxable","11":"product-type-simple"},"_links":{"self":[{"href":"https:\/\/www.cgbmgroup.com\/es\/wp-json\/wp\/v2\/product\/592","targetHints":{"allow":["GET"]}}],"collection":[{"href":"https:\/\/www.cgbmgroup.com\/es\/wp-json\/wp\/v2\/product"}],"about":[{"href":"https:\/\/www.cgbmgroup.com\/es\/wp-json\/wp\/v2\/types\/product"}],"replies":[{"embeddable":true,"href":"https:\/\/www.cgbmgroup.com\/es\/wp-json\/wp\/v2\/comments?post=592"}],"wp:featuredmedia":[{"embeddable":true,"href":"https:\/\/www.cgbmgroup.com\/es\/wp-json\/wp\/v2\/media\/593"}],"wp:attachment":[{"href":"https:\/\/www.cgbmgroup.com\/es\/wp-json\/wp\/v2\/media?parent=592"}],"wp:term":[{"taxonomy":"product_brand","embeddable":true,"href":"https:\/\/www.cgbmgroup.com\/es\/wp-json\/wp\/v2\/product_brand?post=592"},{"taxonomy":"product_cat","embeddable":true,"href":"https:\/\/www.cgbmgroup.com\/es\/wp-json\/wp\/v2\/product_cat?post=592"},{"taxonomy":"product_tag","embeddable":true,"href":"https:\/\/www.cgbmgroup.com\/es\/wp-json\/wp\/v2\/product_tag?post=592"}],"curies":[{"name":"wp","href":"https:\/\/api.w.org\/{rel}","templated":true}]}}