{"id":517,"date":"2025-10-30T17:25:51","date_gmt":"2025-10-30T09:25:51","guid":{"rendered":"http:\/\/zsj.hyhdemo.top\/?post_type=product&#038;p=517"},"modified":"2025-10-30T17:26:32","modified_gmt":"2025-10-30T09:26:32","slug":"qt4-15-machine-a-blocs-automatique","status":"publish","type":"product","link":"https:\/\/www.cgbmgroup.com\/fr\/produit\/qt4-15-machine-a-blocs-automatique\/","title":{"rendered":"QT4-15 Machine \u00e0 blocs automatique"},"content":{"rendered":"<table width=\"655\">\n<tbody>\n<tr>\n<td colspan=\"6\" width=\"655\">QT4-15 Param\u00e8tre<\/td>\n<\/tr>\n<tr>\n<td>Cycle de moulage<\/td>\n<td colspan=\"2\">15-20s<\/td>\n<td>Pression nominale<\/td>\n<td colspan=\"2\">16-21MPa<\/td>\n<\/tr>\n<tr>\n<td>Vibration<\/td>\n<td colspan=\"2\">Vibrations de la table<\/td>\n<td>Fr\u00e9quence<\/td>\n<td colspan=\"2\">4600-5200temps\/min.<\/td>\n<\/tr>\n<tr>\n<td>Une force excitante<\/td>\n<td colspan=\"2\">75KN<\/td>\n<td>Puissance totale<\/td>\n<td colspan=\"2\">\u00a031KW<\/td>\n<\/tr>\n<tr>\n<td>Dimension<\/td>\n<td colspan=\"2\">\u00a07100*1520*2950mm<\/td>\n<td>Taille de la palette<\/td>\n<td colspan=\"2\">900*700*30mm<\/td>\n<\/tr>\n<tr>\n<td colspan=\"6\">QT4-15 Productivit\u00e9<\/td>\n<\/tr>\n<tr>\n<td width=\"108\">Type<\/td>\n<td width=\"111\">Photo<\/td>\n<td width=\"108\">Taille (mm)<\/td>\n<td width=\"108\">Par moule<\/td>\n<td width=\"108\">QT\u00c9\/heure<\/td>\n<td width=\"108\">QT\u00c9\/8 heures<\/td>\n<\/tr>\n<tr>\n<td width=\"108\">Bloc creux<\/td>\n<td width=\"111\"><img decoding=\"async\" class=\"alignnone size-full wp-image-521\" src=\"http:\/\/zsj.hyhdemo.top\/wp-content\/uploads\/2025\/10\/WPS\u56fe\u72471.png\" alt=\"\" width=\"55\" height=\"41\" \/><\/td>\n<td width=\"108\">390*190*190<\/td>\n<td width=\"108\">4 pi\u00e8ces<\/td>\n<td width=\"108\">960 pi\u00e8ces<\/td>\n<td width=\"108\">7680 pcs<\/td>\n<\/tr>\n<tr>\n<td width=\"108\">Pav\u00e9 Brique<\/td>\n<td width=\"111\"><img decoding=\"async\" class=\"alignnone size-full wp-image-518\" src=\"http:\/\/zsj.hyhdemo.top\/wp-content\/uploads\/2025\/10\/2.png\" alt=\"\" width=\"65\" height=\"49\" \/><\/td>\n<td width=\"108\">225*125*60<\/td>\n<td width=\"108\">12 pi\u00e8ces<\/td>\n<td width=\"108\">1800 pcs<\/td>\n<td width=\"108\">14400 pcs<\/td>\n<\/tr>\n<tr>\n<td width=\"108\">Pav\u00e9 de couleur<\/td>\n<td width=\"111\"><img decoding=\"async\" class=\"alignnone size-full wp-image-519\" src=\"http:\/\/zsj.hyhdemo.top\/wp-content\/uploads\/2025\/10\/3.png\" alt=\"\" width=\"60\" height=\"37\" \/><\/td>\n<td width=\"108\">200*100*60<\/td>\n<td width=\"108\">14 pi\u00e8ces<\/td>\n<td width=\"108\">2100 pi\u00e8ces<\/td>\n<td width=\"108\">16800 pcs<\/td>\n<\/tr>\n<tr>\n<td width=\"108\">Brique pleine<\/td>\n<td width=\"111\"><img loading=\"lazy\" decoding=\"async\" class=\"alignnone size-full wp-image-520\" src=\"http:\/\/zsj.hyhdemo.top\/wp-content\/uploads\/2025\/10\/4.png\" alt=\"\" width=\"68\" height=\"58\" \/><\/td>\n<td width=\"108\">240*115*53<\/td>\n<td width=\"108\">28 pi\u00e8ces<\/td>\n<td width=\"108\">6720 pi\u00e8ces<\/td>\n<td width=\"108\">53760 pcs<\/td>\n<\/tr>\n<\/tbody>\n<\/table>","protected":false},"excerpt":{"rendered":"<p>1. Adopte un contr\u00f4le PLC intelligent, une interface homme-machine, un diagnostic automatique des d\u00e9faillances.<br \/>\n2. La commande de la vanne proportionnelle \u00e9lectro-hydraulique n'est utilis\u00e9e que dans le syst\u00e8me de vibration, qui r\u00e9alise le moulage par vibration \u00e0 basse fr\u00e9quence de Galio et \u00e0 haute fr\u00e9quence de Galio.<br \/>\n3. Installer plusieurs rang\u00e9es de syst\u00e8mes de distribution avec des fourches de m\u00e9lange, ce qui permet d'injecter rapidement et uniform\u00e9ment le mat\u00e9riau dans la bo\u00eete de moulage.<br \/>\n4. \u00c9quip\u00e9 d'un dispositif de stockage et de distribution du mat\u00e9riel, l'approvisionnement est contr\u00f4l\u00e9 par ordinateur afin d'\u00e9viter que le mat\u00e9riel ne soit affect\u00e9 par des facteurs externes et d'assurer un approvisionnement uniforme et coh\u00e9rent.<br \/>\n5. En changeant le moule, il est possible de produire divers blocs, des briques standard, des briques poreuses, des briques de plantation d'herbe.<\/p>","protected":false},"featured_media":523,"comment_status":"open","ping_status":"closed","template":"","meta":[],"product_brand":[],"product_cat":[15],"product_tag":[],"class_list":{"0":"post-517","1":"product","2":"type-product","3":"status-publish","4":"has-post-thumbnail","6":"product_cat-concrete-block-machines","8":"first","9":"instock","10":"shipping-taxable","11":"product-type-simple"},"_links":{"self":[{"href":"https:\/\/www.cgbmgroup.com\/fr\/wp-json\/wp\/v2\/product\/517","targetHints":{"allow":["GET"]}}],"collection":[{"href":"https:\/\/www.cgbmgroup.com\/fr\/wp-json\/wp\/v2\/product"}],"about":[{"href":"https:\/\/www.cgbmgroup.com\/fr\/wp-json\/wp\/v2\/types\/product"}],"replies":[{"embeddable":true,"href":"https:\/\/www.cgbmgroup.com\/fr\/wp-json\/wp\/v2\/comments?post=517"}],"wp:featuredmedia":[{"embeddable":true,"href":"https:\/\/www.cgbmgroup.com\/fr\/wp-json\/wp\/v2\/media\/523"}],"wp:attachment":[{"href":"https:\/\/www.cgbmgroup.com\/fr\/wp-json\/wp\/v2\/media?parent=517"}],"wp:term":[{"taxonomy":"product_brand","embeddable":true,"href":"https:\/\/www.cgbmgroup.com\/fr\/wp-json\/wp\/v2\/product_brand?post=517"},{"taxonomy":"product_cat","embeddable":true,"href":"https:\/\/www.cgbmgroup.com\/fr\/wp-json\/wp\/v2\/product_cat?post=517"},{"taxonomy":"product_tag","embeddable":true,"href":"https:\/\/www.cgbmgroup.com\/fr\/wp-json\/wp\/v2\/product_tag?post=517"}],"curies":[{"name":"wp","href":"https:\/\/api.w.org\/{rel}","templated":true}]}}