{"id":525,"date":"2025-11-03T09:20:45","date_gmt":"2025-11-03T01:20:45","guid":{"rendered":"http:\/\/zsj.hyhdemo.top\/?post_type=product&#038;p=525"},"modified":"2025-11-03T09:21:43","modified_gmt":"2025-11-03T01:21:43","slug":"qt4-20-machine-a-blocs-automatique","status":"publish","type":"product","link":"https:\/\/www.cgbmgroup.com\/fr\/produit\/qt4-20-machine-a-blocs-automatique\/","title":{"rendered":"QT4-20 Machine \u00e0 blocs automatique"},"content":{"rendered":"<table width=\"713\">\n<tbody>\n<tr>\n<td colspan=\"6\" width=\"713\">QT4-20 Param\u00e8tre<\/td>\n<\/tr>\n<tr>\n<td>Cycle de moulage<\/td>\n<td colspan=\"2\">20s<\/td>\n<td>Pression nominale<\/td>\n<td colspan=\"2\">16-21MPa<\/td>\n<\/tr>\n<tr>\n<td>Vibration<\/td>\n<td colspan=\"2\">Vibrations de la table<\/td>\n<td>Fr\u00e9quence<\/td>\n<td colspan=\"2\">4600 r\/min.<\/td>\n<\/tr>\n<tr>\n<td>Une force excitante<\/td>\n<td colspan=\"2\">60KN<\/td>\n<td>Puissance d'accueil<\/td>\n<td colspan=\"2\">16.4KW<\/td>\n<\/tr>\n<tr>\n<td>Dimension<\/td>\n<td colspan=\"2\">4000*1500*2860mm<\/td>\n<td>Taille de la palette<\/td>\n<td colspan=\"2\">850*550*30mm<\/td>\n<\/tr>\n<tr>\n<td colspan=\"6\">QT4-20 Productivit\u00e9<\/td>\n<\/tr>\n<tr>\n<td width=\"115\">Type<\/td>\n<td width=\"115\">Photo<\/td>\n<td width=\"138\">Taille (mm)<\/td>\n<td width=\"115\">Par moule<\/td>\n<td width=\"115\">QT\u00c9\/heure<\/td>\n<td width=\"115\">QT\u00c9\/Jour (8 heures)<\/td>\n<\/tr>\n<tr>\n<td width=\"115\">Bloc creux<\/td>\n<td width=\"115\"><img decoding=\"async\" class=\"alignnone wp-image-527\" src=\"http:\/\/zsj.hyhdemo.top\/wp-content\/uploads\/2025\/11\/1.webp\" alt=\"\" width=\"65\" height=\"45\" \/><\/td>\n<td width=\"138\">390*100*190<\/td>\n<td width=\"115\">8 pi\u00e8ces<\/td>\n<td width=\"115\">1440 pi\u00e8ces<\/td>\n<td width=\"115\">11520 pcs<\/td>\n<\/tr>\n<tr>\n<td width=\"115\">Bloc creux<\/td>\n<td width=\"115\"><img decoding=\"async\" class=\"alignnone wp-image-527\" src=\"http:\/\/zsj.hyhdemo.top\/wp-content\/uploads\/2025\/11\/1.webp\" alt=\"\" width=\"60\" height=\"42\" \/><\/td>\n<td width=\"138\">5&#8243;= 410*130*200<\/td>\n<td width=\"115\">5 pi\u00e8ces<\/td>\n<td width=\"115\">900 pi\u00e8ces<\/td>\n<td width=\"115\">7200 pi\u00e8ces<\/td>\n<\/tr>\n<tr>\n<td width=\"115\">Bloc creux<\/td>\n<td width=\"115\"><img decoding=\"async\" class=\"alignnone wp-image-527\" src=\"http:\/\/zsj.hyhdemo.top\/wp-content\/uploads\/2025\/11\/1.webp\" alt=\"\" width=\"61\" height=\"43\" \/><\/td>\n<td width=\"138\">6&#8243;= 410*150*200<\/td>\n<td width=\"115\">5 pi\u00e8ces<\/td>\n<td width=\"115\">900 pi\u00e8ces<\/td>\n<td width=\"115\">7200 pi\u00e8ces<\/td>\n<\/tr>\n<tr>\n<td width=\"115\">Pav\u00e9 Brique<\/td>\n<td width=\"115\"><img loading=\"lazy\" decoding=\"async\" class=\"alignnone size-full wp-image-518\" src=\"http:\/\/zsj.hyhdemo.top\/wp-content\/uploads\/2025\/10\/2.png\" alt=\"\" width=\"65\" height=\"49\" \/><\/td>\n<td width=\"138\">225*125*60<\/td>\n<td width=\"115\">12 pi\u00e8ces<\/td>\n<td width=\"115\">1800 pcs<\/td>\n<td width=\"115\">14400 pcs<\/td>\n<\/tr>\n<tr>\n<td width=\"115\">Pav\u00e9 de couleur<\/td>\n<td width=\"115\"><img loading=\"lazy\" decoding=\"async\" class=\"alignnone size-full wp-image-519\" src=\"http:\/\/zsj.hyhdemo.top\/wp-content\/uploads\/2025\/10\/3.png\" alt=\"\" width=\"60\" height=\"37\" \/><\/td>\n<td width=\"138\">200*100*60<\/td>\n<td width=\"115\">14 pi\u00e8ces<\/td>\n<td width=\"115\">2100 pi\u00e8ces<\/td>\n<td width=\"115\">16800 pcs<\/td>\n<\/tr>\n<tr>\n<td width=\"115\">Brique pleine<\/td>\n<td width=\"115\"><img loading=\"lazy\" decoding=\"async\" class=\"alignnone size-full wp-image-520\" src=\"http:\/\/zsj.hyhdemo.top\/wp-content\/uploads\/2025\/10\/4.png\" alt=\"\" width=\"68\" height=\"58\" \/><\/td>\n<td width=\"138\">240*115*53<\/td>\n<td width=\"115\">26 pi\u00e8ces<\/td>\n<td width=\"115\">6240 pi\u00e8ces<\/td>\n<td width=\"115\">49920 pi\u00e8ces<\/td>\n<\/tr>\n<\/tbody>\n<\/table>","protected":false},"excerpt":{"rendered":"<p>1. la machine \u00e0 former les blocs de type QT4-18 est un nouveau type d'\u00e9quipement sp\u00e9cial d\u00e9velopp\u00e9 par notre soci\u00e9t\u00e9 pour produire des blocs de b\u00e9ton. Cette machine peut largement utiliser des cendres volantes, des scories, des gangues de charbon ou d'autres d\u00e9chets industriels, du sable, des pierres, du ciment et d'autres mat\u00e9riaux pour produire des blocs creux de diverses sp\u00e9cifications et des briques de chauss\u00e9e, des briques de plantation d'herbe, des bordures de route de diverses sp\u00e9cifications en changeant le moule. Pierre, brique standard, etc.<br \/>\n2. Gr\u00e2ce \u00e0 la transmission hydraulique, \u00e0 la surveillance par d\u00e9tecteur de proximit\u00e9 sans contact, \u00e0 la machine de collecte, \u00e0 l'\u00e9lectricit\u00e9, \u00e0 la lumi\u00e8re, aux liquides et \u00e0 la technologie de vibration \u00e0 haute fr\u00e9quence, l'alimentation en carton, le tissu, la vibration par pression, le d\u00e9moulage et la sortie des briques sont r\u00e9alis\u00e9s, ce qui permet au processus de production d'\u00e9conomiser consid\u00e9rablement les ressources humaines. .<br \/>\n3. Les principaux composants \u00e9lectriques et hydrauliques de l'\u00e9quipement sont s\u00e9lectionn\u00e9s parmi des produits originaux import\u00e9s ou des produits nationaux r\u00e9put\u00e9s pour leur fiabilit\u00e9.<br \/>\n4) Utilisation de quatre arbres verticaux de guidage super-longs, d'un syst\u00e8me d'entra\u00eenement hydraulique et d'une m\u00e9thode de formage par pression et vibration m\u00e9canique. L'ensemble de la machine pr\u00e9sente les caract\u00e9ristiques suivantes : structure compacte, performances fiables, fonctionnement facile, efficacit\u00e9 \u00e9lev\u00e9e, peu de pannes et entretien ais\u00e9. La formation du bloc est principalement hydraulique, compl\u00e9t\u00e9e par des machines et compl\u00e9t\u00e9e par la vibration et la pression. La pressurisation hydraulique combin\u00e9e au formage par vibration, la compacit\u00e9 du bloc est importante et la qualit\u00e9 est bonne.<br \/>\n5. La r\u00e9sistance \u00e0 la traction des blocs produits peut atteindre plus de 15 Mpa (m\u00e9gapascals), une grande compacit\u00e9, une bonne r\u00e9sistance au gel et une imperm\u00e9abilit\u00e9, une excellente isolation acoustique, une isolation thermique et des performances d'isolation thermique, et des dimensions pr\u00e9cises. La structure de synchronisation forc\u00e9e du moule garantit une \u00e9paisseur de produit constante, un d\u00e9moulage en douceur et un rendement \u00e9lev\u00e9.<br \/>\n6. La structure de l'\u00e9quipement est simple et pratique, l'apparence est nouvelle et belle, et l'ensemble du moule peut \u00eatre \u00e9ject\u00e9 rapidement en une seule fois, ce qui permet de r\u00e9aliser une manipulation centralis\u00e9e des palettes, d'am\u00e9liorer l'efficacit\u00e9 de la production, de r\u00e9duire la consommation d'\u00e9nergie et les co\u00fbts de main-d'\u0153uvre, et est particuli\u00e8rement adapt\u00e9 \u00e0 la production de briques standard. Il est particuli\u00e8rement adapt\u00e9 \u00e0 la production de briques standard.<\/p>","protected":false},"featured_media":526,"comment_status":"open","ping_status":"closed","template":"","meta":[],"product_brand":[],"product_cat":[15],"product_tag":[],"class_list":{"0":"post-525","1":"product","2":"type-product","3":"status-publish","4":"has-post-thumbnail","6":"product_cat-concrete-block-machines","8":"first","9":"instock","10":"shipping-taxable","11":"product-type-simple"},"_links":{"self":[{"href":"https:\/\/www.cgbmgroup.com\/fr\/wp-json\/wp\/v2\/product\/525","targetHints":{"allow":["GET"]}}],"collection":[{"href":"https:\/\/www.cgbmgroup.com\/fr\/wp-json\/wp\/v2\/product"}],"about":[{"href":"https:\/\/www.cgbmgroup.com\/fr\/wp-json\/wp\/v2\/types\/product"}],"replies":[{"embeddable":true,"href":"https:\/\/www.cgbmgroup.com\/fr\/wp-json\/wp\/v2\/comments?post=525"}],"wp:featuredmedia":[{"embeddable":true,"href":"https:\/\/www.cgbmgroup.com\/fr\/wp-json\/wp\/v2\/media\/526"}],"wp:attachment":[{"href":"https:\/\/www.cgbmgroup.com\/fr\/wp-json\/wp\/v2\/media?parent=525"}],"wp:term":[{"taxonomy":"product_brand","embeddable":true,"href":"https:\/\/www.cgbmgroup.com\/fr\/wp-json\/wp\/v2\/product_brand?post=525"},{"taxonomy":"product_cat","embeddable":true,"href":"https:\/\/www.cgbmgroup.com\/fr\/wp-json\/wp\/v2\/product_cat?post=525"},{"taxonomy":"product_tag","embeddable":true,"href":"https:\/\/www.cgbmgroup.com\/fr\/wp-json\/wp\/v2\/product_tag?post=525"}],"curies":[{"name":"wp","href":"https:\/\/api.w.org\/{rel}","templated":true}]}}