{"id":528,"date":"2025-11-03T09:34:12","date_gmt":"2025-11-03T01:34:12","guid":{"rendered":"http:\/\/zsj.hyhdemo.top\/?post_type=product&#038;p=528"},"modified":"2025-11-03T09:41:51","modified_gmt":"2025-11-03T01:41:51","slug":"528","status":"publish","type":"product","link":"https:\/\/www.cgbmgroup.com\/fr\/produit\/528\/","title":{"rendered":"QT4-25 Machine \u00e0 blocs automatique"},"content":{"rendered":"<table style=\"border-collapse: collapse; width: 324.02pt;\" border=\"0\" width=\"432\" cellspacing=\"0\" cellpadding=\"0\">\n<tbody>\n<tr style=\"height: 18.75pt;\">\n<td class=\"et2\" style=\"height: 18.75pt; width: 324.00pt;\" colspan=\"6\" width=\"432\" height=\"25\">QT4-25 Param\u00e8tre<\/td>\n<\/tr>\n<tr style=\"height: 40.50pt;\">\n<td class=\"et3\" style=\"height: 40.50pt; width: 54.00pt;\" width=\"72\" height=\"54\">Cycle de moulage<\/td>\n<td class=\"et3\" style=\"width: 54.00pt;\" width=\"72\">20-25s<\/td>\n<td class=\"et3\" style=\"width: 54.00pt;\" width=\"72\">Pression nominale<\/td>\n<td class=\"et3\" style=\"width: 54.00pt;\" width=\"72\">16-21MPa<\/td>\n<td><\/td>\n<td><\/td>\n<\/tr>\n<tr style=\"height: 40.50pt;\">\n<td class=\"et4\" style=\"height: 40.50pt; width: 54.00pt;\" width=\"72\" height=\"54\">Vibrations<\/td>\n<td class=\"et4\" style=\"width: 54.00pt;\" width=\"72\">Vibrations de la table<\/td>\n<td class=\"et4\" style=\"width: 54.00pt;\" width=\"72\">Fr\u00e9quence<\/td>\n<td class=\"et4\" style=\"width: 54.00pt;\" width=\"72\">4600 r\/min<\/td>\n<td><\/td>\n<td><\/td>\n<\/tr>\n<tr style=\"height: 27.00pt;\">\n<td class=\"et4\" style=\"height: 27.00pt; width: 54.00pt;\" width=\"72\" height=\"36\">Une force excitante<\/td>\n<td class=\"et4\" style=\"width: 54.00pt;\" width=\"72\">60KN<\/td>\n<td class=\"et4\" style=\"width: 54.00pt;\" width=\"72\">Puissance totale<\/td>\n<td class=\"et4\" style=\"width: 54.00pt;\" width=\"72\">16.4KW<\/td>\n<td><\/td>\n<td><\/td>\n<\/tr>\n<tr style=\"height: 27.00pt;\">\n<td class=\"et4\" style=\"height: 27.00pt; width: 54.00pt;\" width=\"72\" height=\"36\">Dimension<\/td>\n<td class=\"et4\" style=\"width: 54.00pt;\" width=\"72\">4000<span class=\"font3\">1500<\/span><span class=\"font0\">2860mm<\/span><\/td>\n<td class=\"et4\" style=\"width: 54.00pt;\" width=\"72\">Taille de la palette<\/td>\n<td class=\"et4\" style=\"width: 54.00pt;\" width=\"72\">850<span class=\"font3\">550<\/span><span class=\"font0\">30 mm<\/span><\/td>\n<td><\/td>\n<td><\/td>\n<\/tr>\n<tr style=\"height: 18.75pt;\">\n<td class=\"et2\" style=\"height: 18.75pt;\" colspan=\"6\" height=\"25\">QT4-25 Productivit\u00e9<\/td>\n<\/tr>\n<tr style=\"height: 27.00pt;\">\n<td class=\"et3\" style=\"height: 27.00pt; width: 54.00pt;\" width=\"72\" height=\"36\">Type<\/td>\n<td class=\"et3\" style=\"width: 54.00pt;\" width=\"72\">Photo<\/td>\n<td class=\"et3\" style=\"width: 54.00pt;\" width=\"72\">Taille (mm)<\/td>\n<td class=\"et3\" style=\"width: 54.00pt;\" width=\"72\">Par moule<\/td>\n<td class=\"et3\" style=\"width: 54.00pt;\" width=\"72\">QT\u00c9\/heure<\/td>\n<td class=\"et3\" style=\"width: 54.00pt;\" width=\"72\">QT\u00c9\/8 heures<\/td>\n<\/tr>\n<tr style=\"height: 40.50pt;\">\n<td class=\"et4\" style=\"height: 40.50pt; width: 54.00pt;\" width=\"72\" height=\"54\">Bloc creux<\/td>\n<td class=\"et4\" style=\"width: 54.00pt;\" width=\"72\"><img decoding=\"async\" class=\"alignnone size-full wp-image-530\" src=\"http:\/\/zsj.hyhdemo.top\/wp-content\/uploads\/2025\/11\/1-1.webp\" alt=\"\" width=\"65\" height=\"45\" \/><\/td>\n<td class=\"et4\" style=\"width: 54.00pt;\" width=\"72\">4&#8243; = 410<span class=\"font3\">100<\/span><span class=\"font0\">200<\/span><\/td>\n<td class=\"et4\" style=\"width: 54.00pt;\" width=\"72\">7 pi\u00e8ces<\/td>\n<td class=\"et4\" style=\"width: 54.00pt;\" width=\"72\">1008 pi\u00e8ces<\/td>\n<td class=\"et4\" style=\"width: 54.00pt;\" width=\"72\">8064 pi\u00e8ces<\/td>\n<\/tr>\n<tr style=\"height: 40.50pt;\">\n<td class=\"et4\" style=\"height: 40.50pt; width: 54.00pt;\" width=\"72\" height=\"54\">Bloc creux<\/td>\n<td class=\"et4\" style=\"width: 54.00pt;\" width=\"72\"><img decoding=\"async\" class=\"alignnone size-full wp-image-530\" src=\"http:\/\/zsj.hyhdemo.top\/wp-content\/uploads\/2025\/11\/1-1.webp\" alt=\"\" width=\"65\" height=\"45\" \/><\/td>\n<td class=\"et4\" style=\"width: 54.00pt;\" width=\"72\">5&#8243; = 410<span class=\"font3\">130<\/span><span class=\"font0\">200<\/span><\/td>\n<td class=\"et4\" style=\"width: 54.00pt;\" width=\"72\">5 pi\u00e8ces<\/td>\n<td class=\"et4\" style=\"width: 54.00pt;\" width=\"72\">720 pcs<\/td>\n<td class=\"et4\" style=\"width: 54.00pt;\" width=\"72\">5760 pi\u00e8ces<\/td>\n<\/tr>\n<tr style=\"height: 40.50pt;\">\n<td class=\"et4\" style=\"height: 40.50pt; width: 54.00pt;\" width=\"72\" height=\"54\">Bloc creux<\/td>\n<td class=\"et4\" style=\"width: 54.00pt;\" width=\"72\"><img decoding=\"async\" class=\"alignnone size-full wp-image-530\" src=\"http:\/\/zsj.hyhdemo.top\/wp-content\/uploads\/2025\/11\/1-1.webp\" alt=\"\" width=\"65\" height=\"45\" \/><\/td>\n<td class=\"et4\" style=\"width: 54.00pt;\" width=\"72\">6&#8243; = 410<span class=\"font3\">150<\/span><span class=\"font0\">200<\/span><\/td>\n<td class=\"et4\" style=\"width: 54.00pt;\" width=\"72\">5 pi\u00e8ces<\/td>\n<td class=\"et4\" style=\"width: 54.00pt;\" width=\"72\">720 pcs<\/td>\n<td class=\"et4\" style=\"width: 54.00pt;\" width=\"72\">5760 pi\u00e8ces<\/td>\n<\/tr>\n<tr style=\"height: 27.00pt;\">\n<td class=\"et4\" style=\"height: 27.00pt; width: 54.00pt;\" width=\"72\" height=\"36\">Pav\u00e9 Brique<\/td>\n<td class=\"et4\" style=\"width: 54.00pt;\" width=\"72\"><img decoding=\"async\" class=\"alignnone size-full wp-image-518\" src=\"http:\/\/zsj.hyhdemo.top\/wp-content\/uploads\/2025\/10\/2.png\" alt=\"\" width=\"65\" height=\"49\" \/><\/td>\n<td class=\"et4\" style=\"width: 54.00pt;\" align=\"right\" width=\"72\">22512560<\/td>\n<td class=\"et4\" style=\"width: 54.00pt;\" width=\"72\">12 pi\u00e8ces<\/td>\n<td class=\"et4\" style=\"width: 54.00pt;\" width=\"72\">1728 pcs<\/td>\n<td class=\"et4\" style=\"width: 54.00pt;\" width=\"72\">13824 pcs<\/td>\n<\/tr>\n<tr style=\"height: 27.00pt;\">\n<td class=\"et4\" style=\"height: 27.00pt; width: 54.00pt;\" width=\"72\" height=\"36\">Pav\u00e9 de couleur<\/td>\n<td class=\"et4\" style=\"width: 54.00pt;\" width=\"72\"><img decoding=\"async\" class=\"alignnone size-full wp-image-519\" src=\"http:\/\/zsj.hyhdemo.top\/wp-content\/uploads\/2025\/10\/3.png\" alt=\"\" width=\"60\" height=\"37\" \/><\/td>\n<td class=\"et4\" style=\"width: 54.00pt;\" align=\"right\" width=\"72\">20010060<\/td>\n<td class=\"et4\" style=\"width: 54.00pt;\" width=\"72\">14 pi\u00e8ces<\/td>\n<td class=\"et4\" style=\"width: 54.00pt;\" width=\"72\">2016 pcs<\/td>\n<td class=\"et4\" style=\"width: 54.00pt;\" width=\"72\">16128 pcs<\/td>\n<\/tr>\n<tr style=\"height: 27.00pt;\">\n<td class=\"et4\" style=\"height: 27.00pt; width: 54.00pt;\" width=\"72\" height=\"36\">Brique pleine<\/td>\n<td class=\"et4\" style=\"width: 54.00pt;\" width=\"72\"><img loading=\"lazy\" decoding=\"async\" class=\"alignnone size-full wp-image-520\" src=\"http:\/\/zsj.hyhdemo.top\/wp-content\/uploads\/2025\/10\/4.png\" alt=\"\" width=\"68\" height=\"58\" \/><\/td>\n<td class=\"et4\" style=\"width: 54.00pt;\" align=\"right\" width=\"72\">24011553<\/td>\n<td class=\"et4\" style=\"width: 54.00pt;\" width=\"72\">26 pi\u00e8ces<\/td>\n<td class=\"et4\" style=\"width: 54.00pt;\" width=\"72\">3744 pcs<\/td>\n<td class=\"et4\" style=\"width: 54.00pt;\" width=\"72\">29952 pcs<\/td>\n<\/tr>\n<\/tbody>\n<\/table>\n<p>&nbsp;<\/p>","protected":false},"excerpt":{"rendered":"<ol>\n<li>\u00a0La machine \u00e0 briques de ciment QT4-25 a une forte capacit\u00e9 d'adaptation et de multiples utilisations. Elle convient non seulement \u00e0 la production de blocs de b\u00e9ton, mais aussi \u00e0 la production de blocs tels que les cendres volantes, le laitier, les scories et autres moules. Elle peut produire diff\u00e9rentes sp\u00e9cifications de murs. Blocs, briques en \u00e9cailles, briques creuses, briques poreuses, etc.<\/li>\n<li>La machine \u00e0 briques de ciment QT4-25 adopte une combinaison de technologie de vibration et de dispositif de rupture de vo\u00fbte pour r\u00e9aliser un contr\u00f4le s\u00e9par\u00e9 de la vibration de la toile et du formage, de sorte que la toile soit uniforme et le formage optimis\u00e9.<\/li>\n<li>La forme de vibration de compression du moule de table est adopt\u00e9e, mais le b\u00e9ton est enti\u00e8rement liqu\u00e9fi\u00e9 et \u00e9puis\u00e9 en deux ou trois secondes pour garantir la haute densit\u00e9 du produit. Elle est particuli\u00e8rement adapt\u00e9e \u00e0 la production de briques standard \u00e0 haute r\u00e9sistance, qui peuvent \u00eatre empil\u00e9es apr\u00e8s le formage, ce qui permet d'\u00e9conomiser beaucoup d'argent sur les palettes.<\/li>\n<li>L'adoption d'une technologie sp\u00e9ciale de vibration de sortie synth\u00e9tique \u00e0 double extr\u00e9mit\u00e9 permet d'optimiser la disposition du vibrateur, de sorte que la force d'excitation est uniform\u00e9ment r\u00e9partie dans la table \u00e0 secousses.<\/li>\n<li>Am\u00e9lioration de la technologie de contr\u00f4le \u00e9lectronique de la g\u00e9n\u00e9ration pr\u00e9c\u00e9dente, syst\u00e8me hydraulique fiable, machine int\u00e9gr\u00e9e, \u00e9lectricit\u00e9, hydraulique, contr\u00f4le automatique int\u00e9gr\u00e9, fonctionnement simple et fiable.<\/li>\n<\/ol>","protected":false},"featured_media":529,"comment_status":"open","ping_status":"closed","template":"","meta":[],"product_brand":[],"product_cat":[15],"product_tag":[],"class_list":{"0":"post-528","1":"product","2":"type-product","3":"status-publish","4":"has-post-thumbnail","6":"product_cat-concrete-block-machines","8":"first","9":"instock","10":"shipping-taxable","11":"product-type-simple"},"_links":{"self":[{"href":"https:\/\/www.cgbmgroup.com\/fr\/wp-json\/wp\/v2\/product\/528","targetHints":{"allow":["GET"]}}],"collection":[{"href":"https:\/\/www.cgbmgroup.com\/fr\/wp-json\/wp\/v2\/product"}],"about":[{"href":"https:\/\/www.cgbmgroup.com\/fr\/wp-json\/wp\/v2\/types\/product"}],"replies":[{"embeddable":true,"href":"https:\/\/www.cgbmgroup.com\/fr\/wp-json\/wp\/v2\/comments?post=528"}],"wp:featuredmedia":[{"embeddable":true,"href":"https:\/\/www.cgbmgroup.com\/fr\/wp-json\/wp\/v2\/media\/529"}],"wp:attachment":[{"href":"https:\/\/www.cgbmgroup.com\/fr\/wp-json\/wp\/v2\/media?parent=528"}],"wp:term":[{"taxonomy":"product_brand","embeddable":true,"href":"https:\/\/www.cgbmgroup.com\/fr\/wp-json\/wp\/v2\/product_brand?post=528"},{"taxonomy":"product_cat","embeddable":true,"href":"https:\/\/www.cgbmgroup.com\/fr\/wp-json\/wp\/v2\/product_cat?post=528"},{"taxonomy":"product_tag","embeddable":true,"href":"https:\/\/www.cgbmgroup.com\/fr\/wp-json\/wp\/v2\/product_tag?post=528"}],"curies":[{"name":"wp","href":"https:\/\/api.w.org\/{rel}","templated":true}]}}