{"id":540,"date":"2025-11-03T10:22:36","date_gmt":"2025-11-03T02:22:36","guid":{"rendered":"http:\/\/zsj.hyhdemo.top\/?post_type=product&#038;p=540"},"modified":"2025-11-03T10:24:40","modified_gmt":"2025-11-03T02:24:40","slug":"qt4-35-machine-a-blocs-automatique","status":"publish","type":"product","link":"https:\/\/www.cgbmgroup.com\/fr\/produit\/qt4-35-machine-a-blocs-automatique\/","title":{"rendered":"QT4-35 Machine \u00e0 blocs automatique"},"content":{"rendered":"<table width=\"652\">\n<tbody>\n<tr>\n<td colspan=\"6\" width=\"652\">QT4-35 Param\u00e8tre<\/td>\n<\/tr>\n<tr>\n<td>Cycle de moulage<\/td>\n<td colspan=\"2\">30-35s<\/td>\n<td>Pression nominale<\/td>\n<td colspan=\"2\">16-21MPa<\/td>\n<\/tr>\n<tr>\n<td>Vibration<\/td>\n<td colspan=\"2\">Vibrations de la table<\/td>\n<td>Fr\u00e9quence<\/td>\n<td colspan=\"2\">4600 r\/min.<\/td>\n<\/tr>\n<tr>\n<td>Puissance totale<\/td>\n<td colspan=\"2\">14.1KW<\/td>\n<td>Dimension<\/td>\n<td colspan=\"2\">2650*1800*1350mm<\/td>\n<\/tr>\n<tr>\n<td>Poids<\/td>\n<td colspan=\"2\">2200KG<\/td>\n<td>Taille de la palette<\/td>\n<td colspan=\"2\">850*550*30mm<\/td>\n<\/tr>\n<tr>\n<td colspan=\"6\">QT4-35 Productivit\u00e9<\/td>\n<\/tr>\n<tr>\n<td width=\"108\">Type<\/td>\n<td width=\"108\">Photo<\/td>\n<td width=\"108\">Taille (mm)<\/td>\n<td width=\"108\">Par moule<\/td>\n<td width=\"108\">QT\u00c9\/heure<\/td>\n<td width=\"108\">QT\u00c9\/8 heures<\/td>\n<\/tr>\n<tr>\n<td width=\"108\">Bloc creux<\/td>\n<td width=\"108\"><img decoding=\"async\" class=\"alignnone size-full wp-image-530\" src=\"http:\/\/zsj.hyhdemo.top\/wp-content\/uploads\/2025\/11\/1-1.webp\" alt=\"\" width=\"65\" height=\"45\" \/><\/td>\n<td width=\"108\">4&#8243;= 410*100*200<\/td>\n<td width=\"108\">7 pi\u00e8ces<\/td>\n<td width=\"108\">720 pcs<\/td>\n<td width=\"108\">5760 pi\u00e8ces<\/td>\n<\/tr>\n<tr>\n<td width=\"108\">Bloc creux<\/td>\n<td width=\"108\"><img decoding=\"async\" class=\"alignnone size-full wp-image-530\" src=\"http:\/\/zsj.hyhdemo.top\/wp-content\/uploads\/2025\/11\/1-1.webp\" alt=\"\" width=\"65\" height=\"45\" \/><\/td>\n<td width=\"108\">5&#8243;= 410*130*200<\/td>\n<td width=\"108\">5 pi\u00e8ces<\/td>\n<td width=\"108\">514 pi\u00e8ces<\/td>\n<td width=\"108\">4114 pi\u00e8ces<\/td>\n<\/tr>\n<tr>\n<td width=\"108\">Bloc creux<\/td>\n<td width=\"108\"><img decoding=\"async\" class=\"alignnone size-full wp-image-530\" src=\"http:\/\/zsj.hyhdemo.top\/wp-content\/uploads\/2025\/11\/1-1.webp\" alt=\"\" width=\"65\" height=\"45\" \/><\/td>\n<td width=\"108\">6&#8243;= 410*150*200<\/td>\n<td width=\"108\">5 pi\u00e8ces<\/td>\n<td width=\"108\">514 pi\u00e8ces<\/td>\n<td width=\"108\">4114 pi\u00e8ces<\/td>\n<\/tr>\n<tr>\n<td width=\"108\">Brique pleine<\/td>\n<td width=\"108\"><img decoding=\"async\" class=\"alignnone size-full wp-image-520\" src=\"http:\/\/zsj.hyhdemo.top\/wp-content\/uploads\/2025\/10\/4.png\" alt=\"\" width=\"68\" height=\"58\" \/><\/td>\n<td width=\"108\">240*115*53<\/td>\n<td width=\"108\">21 pi\u00e8ces<\/td>\n<td width=\"108\">2160 pi\u00e8ces<\/td>\n<td width=\"108\">17280 pcs<\/td>\n<\/tr>\n<\/tbody>\n<\/table>","protected":false},"excerpt":{"rendered":"<p>La machine \u00e0 briques de type 4-35 est con\u00e7ue par notre soci\u00e9t\u00e9 conform\u00e9ment aux sp\u00e9cifications de conception des machines \u00e0 blocs creux de petite et moyenne taille en Chine. La machine \u00e0 briques est diff\u00e9rente du processus traditionnel de fabrication de briques au four en ce qui concerne le processus de production de briques. Elle n\u00e9cessite un processus de cuisson. La machine est tr\u00e8s stable et r\u00e9sistante \u00e0 l'abrasion. Le commutateur de d\u00e9clenchement est install\u00e9, ce qui am\u00e9liore consid\u00e9rablement la qualit\u00e9 du produit, la haute pression, les bonnes performances et la facilit\u00e9 d'utilisation. Elle est \u00e9galement \u00e9quip\u00e9e d'un moteur \u00e0 frein \u00e9lectromagn\u00e9tique pour \u00e9liminer efficacement les r\u00e9pliques et am\u00e9liorer consid\u00e9rablement l'efficacit\u00e9 de la production. Il permet d'\u00e9conomiser de la main-d'\u0153uvre et de l'\u00e9nergie, a un faible investissement et des r\u00e9sultats rapides. C'est le mod\u00e8le id\u00e9al pour les petits et moyens investisseurs.<\/p>\n<p>4-35 Machine \u00e0 briques Principalement utilis\u00e9e pour les mati\u00e8res premi\u00e8res principales, telles que les cendres volantes, le sable de rivi\u00e8re, le sable de mer, le sable de montagne, la poudre de minerai, le laitier, la poudre de pierre, le laitier de charbon, la gangue de charbon, le laitier de r\u00e9sidus, le laitier chimique, etc. Les formes qui peuvent \u00eatre press\u00e9es selon diff\u00e9rents moules sont les briques standard, les briques poreuses, les briques \u00e0 trous borgnes, les briques creuses, les briques de pavage et les briques r\u00e9pondant \u00e0 des besoins sp\u00e9ciaux ; selon le processus de durcissement ult\u00e9rieur, elles peuvent \u00eatre divis\u00e9es en briques \u00e0 durcissement naturel sans combustion et en briques \u00e0 durcissement autoclave (briques autoclaves), etc. Il s'agit d'un \u00e9quipement de traitement des mat\u00e9riaux muraux respectueux de l'environnement, conforme aux politiques industrielles et \u00e0 la r\u00e9forme des nouveaux mat\u00e9riaux muraux.<\/p>\n<p>2. Avantages et caract\u00e9ristiques de la machine \u00e0 fabriquer des briques sans feu 4-35 :<br \/>\n1) Conception raisonnable, structure compacte, transmission enti\u00e8rement m\u00e9canique, faible taux de d\u00e9faillance.<br \/>\n2) Pressage de haut en bas, forte vibration, adapt\u00e9 \u00e0 la production de blocs \u00e0 haute r\u00e9sistance apr\u00e8s empilage (3-5 couches de haut)<br \/>\n3) Machine polyvalente, avec diff\u00e9rents moules pouvant produire diff\u00e9rentes sp\u00e9cifications de blocs.<br \/>\n4) L'uniformit\u00e9 et la r\u00e9sistance du bloc sont \u00e9lev\u00e9es, et ses performances sont comparables \u00e0 celles des grands \u00e9quipements.<br \/>\n5) Appareils \u00e9lectriques, roulements, performances stables et fiables.<br \/>\n6) \u00c9quip\u00e9 d'un dispositif de protection automatique, un facteur de s\u00e9curit\u00e9 \u00e9lev\u00e9, il n'est pas facile d'endommager la machine.<br \/>\n7) Haute technologie et haute qualit\u00e9.<\/p>\n<p>3. Principaux param\u00e8tres techniques de la machine \u00e0 briques 4-35 :<br \/>\nDimensions : 1200 \u00d7 1200 \u00d7 1600mm<br \/>\nCycle de moulage : 30 secondes \/ fois<br \/>\nCapacit\u00e9 de production nominale : 6000 \/ classe (dalles de pavage)<br \/>\nPuissance totale du moteur : 4,8 kW<br \/>\nQualit\u00e9 de la machine : 1 tonne<br \/>\nSp\u00e9cifications de la palette : 850 \u00d7 450 \u00d7 30mm<br \/>\nProductivit\u00e9 :<br \/>\n240 \u00d7 115 \u00d7 53 24 pi\u00e8ces \/ moule 14000-17000 pi\u00e8ces \/ 8 heures<br \/>\n390x190x190 4 pi\u00e8ces \/ moule 2000-3000 pi\u00e8ces \/ 8 heures<br \/>\nBloc hexagonal de 200 mm de long, 2 pi\u00e8ces \/ moule, 1900 pi\u00e8ces \/ 8 heures<br \/>\nBloc hexagonal de 300 mm de long, 1 bloc \/ moule, 960 blocs \/ 8 heures<\/p>\n<p>&nbsp;<\/p>","protected":false},"featured_media":541,"comment_status":"open","ping_status":"closed","template":"","meta":[],"product_brand":[],"product_cat":[15],"product_tag":[],"class_list":{"0":"post-540","1":"product","2":"type-product","3":"status-publish","4":"has-post-thumbnail","6":"product_cat-concrete-block-machines","8":"first","9":"instock","10":"shipping-taxable","11":"product-type-simple"},"_links":{"self":[{"href":"https:\/\/www.cgbmgroup.com\/fr\/wp-json\/wp\/v2\/product\/540","targetHints":{"allow":["GET"]}}],"collection":[{"href":"https:\/\/www.cgbmgroup.com\/fr\/wp-json\/wp\/v2\/product"}],"about":[{"href":"https:\/\/www.cgbmgroup.com\/fr\/wp-json\/wp\/v2\/types\/product"}],"replies":[{"embeddable":true,"href":"https:\/\/www.cgbmgroup.com\/fr\/wp-json\/wp\/v2\/comments?post=540"}],"wp:featuredmedia":[{"embeddable":true,"href":"https:\/\/www.cgbmgroup.com\/fr\/wp-json\/wp\/v2\/media\/541"}],"wp:attachment":[{"href":"https:\/\/www.cgbmgroup.com\/fr\/wp-json\/wp\/v2\/media?parent=540"}],"wp:term":[{"taxonomy":"product_brand","embeddable":true,"href":"https:\/\/www.cgbmgroup.com\/fr\/wp-json\/wp\/v2\/product_brand?post=540"},{"taxonomy":"product_cat","embeddable":true,"href":"https:\/\/www.cgbmgroup.com\/fr\/wp-json\/wp\/v2\/product_cat?post=540"},{"taxonomy":"product_tag","embeddable":true,"href":"https:\/\/www.cgbmgroup.com\/fr\/wp-json\/wp\/v2\/product_tag?post=540"}],"curies":[{"name":"wp","href":"https:\/\/api.w.org\/{rel}","templated":true}]}}