{"id":549,"date":"2025-11-03T10:44:09","date_gmt":"2025-11-03T02:44:09","guid":{"rendered":"http:\/\/zsj.hyhdemo.top\/?post_type=product&#038;p=549"},"modified":"2025-11-03T10:46:21","modified_gmt":"2025-11-03T02:46:21","slug":"qt5-15-machine-a-blocs-automatique","status":"publish","type":"product","link":"https:\/\/www.cgbmgroup.com\/fr\/produit\/qt5-15-machine-a-blocs-automatique\/","title":{"rendered":"QT5-15 Machine \u00e0 blocs automatique"},"content":{"rendered":"<table width=\"692\">\n<tbody>\n<tr>\n<td colspan=\"6\" width=\"692\">QT5-15 Param\u00e8tre<\/td>\n<\/tr>\n<tr>\n<td>Cycle de moulage<\/td>\n<td colspan=\"2\">15-20s<\/td>\n<td>Pression nominale<\/td>\n<td colspan=\"2\">16-21MPa<\/td>\n<\/tr>\n<tr>\n<td>Vibration<\/td>\n<td colspan=\"2\">Vibrations de la table<\/td>\n<td>Fr\u00e9quence<\/td>\n<td colspan=\"2\">2800-5100temps\/min.<\/td>\n<\/tr>\n<tr>\n<td>Une force excitante<\/td>\n<td colspan=\"2\">80KN<\/td>\n<td>Puissance totale<\/td>\n<td colspan=\"2\">\u00a031KW<\/td>\n<\/tr>\n<tr>\n<td>Dimension<\/td>\n<td colspan=\"2\">\u00a07100*1520*2950mm<\/td>\n<td>Taille de la palette<\/td>\n<td colspan=\"2\">900*700*30mm<\/td>\n<\/tr>\n<tr>\n<td colspan=\"6\">QT5-15 Productivit\u00e9<\/td>\n<\/tr>\n<tr>\n<td width=\"109\">Type<\/td>\n<td width=\"111\">Photo<\/td>\n<td width=\"120\">Taille (mm)<\/td>\n<td width=\"111\">Par moule<\/td>\n<td width=\"120\">QT\u00c9\/heure<\/td>\n<td width=\"120\">QT\u00c9\/Jour (8 heures)<\/td>\n<\/tr>\n<tr>\n<td width=\"109\">Bloc creux<\/td>\n<td width=\"111\"><img decoding=\"async\" class=\"alignnone size-full wp-image-521\" src=\"http:\/\/zsj.hyhdemo.top\/wp-content\/uploads\/2025\/10\/WPS\u56fe\u72471.png\" alt=\"\" width=\"55\" height=\"41\" \/><\/td>\n<td width=\"120\">390*190*190<\/td>\n<td width=\"111\">5 pi\u00e8ces<\/td>\n<td width=\"120\">1200 pi\u00e8ces<\/td>\n<td width=\"120\">9600 pi\u00e8ces<\/td>\n<\/tr>\n<tr>\n<td width=\"109\">Pav\u00e9 Brique<\/td>\n<td width=\"111\"><img decoding=\"async\" class=\"alignnone size-full wp-image-518\" src=\"http:\/\/zsj.hyhdemo.top\/wp-content\/uploads\/2025\/10\/2.png\" alt=\"\" width=\"65\" height=\"49\" \/><\/td>\n<td width=\"120\">225*125*60<\/td>\n<td width=\"111\">15 pi\u00e8ces<\/td>\n<td width=\"120\">2250 pi\u00e8ces<\/td>\n<td width=\"120\">18000 pi\u00e8ces<\/td>\n<\/tr>\n<tr>\n<td width=\"109\">Pav\u00e9 de couleur<\/td>\n<td width=\"111\"><img decoding=\"async\" class=\"alignnone size-full wp-image-519\" src=\"http:\/\/zsj.hyhdemo.top\/wp-content\/uploads\/2025\/10\/3.png\" alt=\"\" width=\"60\" height=\"37\" \/><\/td>\n<td width=\"120\">200*100*60<\/td>\n<td width=\"111\">18 pi\u00e8ces<\/td>\n<td width=\"120\">2700 pi\u00e8ces<\/td>\n<td width=\"120\">40320 pi\u00e8ces<\/td>\n<\/tr>\n<tr>\n<td width=\"109\">Brique pleine<\/td>\n<td width=\"111\"><img loading=\"lazy\" decoding=\"async\" class=\"alignnone size-full wp-image-520\" src=\"http:\/\/zsj.hyhdemo.top\/wp-content\/uploads\/2025\/10\/4.png\" alt=\"\" width=\"68\" height=\"58\" \/><\/td>\n<td width=\"120\">240*115*53<\/td>\n<td width=\"111\">32 pi\u00e8ces<\/td>\n<td width=\"120\">10080 pcs<\/td>\n<td width=\"120\">80640 pcs<\/td>\n<\/tr>\n<\/tbody>\n<\/table>","protected":false},"excerpt":{"rendered":"<p>1. La machine enti\u00e8rement automatique de fabrication de blocs de pav\u00e9s peut produire divers blocs pleins, blocs creux, pav\u00e9s et bordures en changeant les moules.<br \/>\n2. La machine de fabrication de blocs de pav\u00e9s enti\u00e8rement automatique adopte un syst\u00e8me de moulage \u00e0 pression hydraulique, de sorte que la machine \u00e0 briques a un fonctionnement plus stable et plus efficace et que les briques produites sont de meilleure qualit\u00e9, de plus grande densit\u00e9 et plus r\u00e9sistantes.<br \/>\n3. Technologie de d\u00e9coupe pr\u00e9cise des lignes et technologie de traitement par c\u00e9mentation pour prolonger la dur\u00e9e de vie du moule et augmenter la pr\u00e9cision du bloc.<br \/>\n4. Les interrupteurs sont de marque Omron (Japon) ou Schneider (France), les moteurs sont de marque Siemens ou ABB.<\/p>","protected":false},"featured_media":550,"comment_status":"open","ping_status":"closed","template":"","meta":[],"product_brand":[],"product_cat":[15],"product_tag":[],"class_list":{"0":"post-549","1":"product","2":"type-product","3":"status-publish","4":"has-post-thumbnail","6":"product_cat-concrete-block-machines","8":"first","9":"instock","10":"shipping-taxable","11":"product-type-simple"},"_links":{"self":[{"href":"https:\/\/www.cgbmgroup.com\/fr\/wp-json\/wp\/v2\/product\/549","targetHints":{"allow":["GET"]}}],"collection":[{"href":"https:\/\/www.cgbmgroup.com\/fr\/wp-json\/wp\/v2\/product"}],"about":[{"href":"https:\/\/www.cgbmgroup.com\/fr\/wp-json\/wp\/v2\/types\/product"}],"replies":[{"embeddable":true,"href":"https:\/\/www.cgbmgroup.com\/fr\/wp-json\/wp\/v2\/comments?post=549"}],"wp:featuredmedia":[{"embeddable":true,"href":"https:\/\/www.cgbmgroup.com\/fr\/wp-json\/wp\/v2\/media\/550"}],"wp:attachment":[{"href":"https:\/\/www.cgbmgroup.com\/fr\/wp-json\/wp\/v2\/media?parent=549"}],"wp:term":[{"taxonomy":"product_brand","embeddable":true,"href":"https:\/\/www.cgbmgroup.com\/fr\/wp-json\/wp\/v2\/product_brand?post=549"},{"taxonomy":"product_cat","embeddable":true,"href":"https:\/\/www.cgbmgroup.com\/fr\/wp-json\/wp\/v2\/product_cat?post=549"},{"taxonomy":"product_tag","embeddable":true,"href":"https:\/\/www.cgbmgroup.com\/fr\/wp-json\/wp\/v2\/product_tag?post=549"}],"curies":[{"name":"wp","href":"https:\/\/api.w.org\/{rel}","templated":true}]}}