{"id":557,"date":"2025-11-03T11:05:34","date_gmt":"2025-11-03T03:05:34","guid":{"rendered":"http:\/\/zsj.hyhdemo.top\/?post_type=product&#038;p=557"},"modified":"2025-11-03T11:05:34","modified_gmt":"2025-11-03T03:05:34","slug":"qt10-15-machine-a-blocs-automatique","status":"publish","type":"product","link":"https:\/\/www.cgbmgroup.com\/fr\/produit\/qt10-15-machine-a-blocs-automatique\/","title":{"rendered":"QT10-15 Machine \u00e0 blocs automatique"},"content":{"rendered":"<table width=\"692\">\n<tbody>\n<tr>\n<td colspan=\"6\" width=\"692\">QT10-15 Param\u00e8tre<\/td>\n<\/tr>\n<tr>\n<td>Cycle de moulage<\/td>\n<td colspan=\"2\">15-20s<\/td>\n<td>Pression nominale<\/td>\n<td colspan=\"2\">21MPa<\/td>\n<\/tr>\n<tr>\n<td>Vibration<\/td>\n<td colspan=\"2\">Vibrations de la table<\/td>\n<td>Fr\u00e9quence<\/td>\n<td colspan=\"2\">2800-5500temps\/min.<\/td>\n<\/tr>\n<tr>\n<td>Une force excitante<\/td>\n<td colspan=\"2\">100KN<\/td>\n<td>Puissance totale<\/td>\n<td colspan=\"2\">65KW<\/td>\n<\/tr>\n<tr>\n<td>Dimension<\/td>\n<td colspan=\"2\">\u00a09350x2520x2950mm<\/td>\n<td>Taille de la palette<\/td>\n<td colspan=\"2\">1100*900*30mm<\/td>\n<\/tr>\n<tr>\n<td colspan=\"6\">QT10-15 Productivit\u00e9<\/td>\n<\/tr>\n<tr>\n<td width=\"109\">Type<\/td>\n<td width=\"111\">Photo<\/td>\n<td width=\"120\">Taille (mm)<\/td>\n<td width=\"111\">Par moule<\/td>\n<td width=\"120\">QT\u00c9\/heure<\/td>\n<td width=\"120\">QT\u00c9\/Jour (8 heures)<\/td>\n<\/tr>\n<tr>\n<td width=\"109\">Bloc creux<\/td>\n<td width=\"111\"><img decoding=\"async\" class=\"alignnone size-full wp-image-521\" src=\"http:\/\/zsj.hyhdemo.top\/wp-content\/uploads\/2025\/10\/WPS\u56fe\u72471.png\" alt=\"\" width=\"55\" height=\"41\" \/><\/td>\n<td width=\"120\">390*190*190<\/td>\n<td width=\"111\">10 pi\u00e8ces<\/td>\n<td width=\"120\">1800-2400 pcs<\/td>\n<td width=\"120\">14400-19200 pcs<\/td>\n<\/tr>\n<tr>\n<td width=\"109\">Pav\u00e9 Brique<\/td>\n<td width=\"111\"><img decoding=\"async\" class=\"alignnone size-full wp-image-518\" src=\"http:\/\/zsj.hyhdemo.top\/wp-content\/uploads\/2025\/10\/2.png\" alt=\"\" width=\"65\" height=\"49\" \/><\/td>\n<td width=\"120\">225*125*60<\/td>\n<td width=\"111\">24 pi\u00e8ces<\/td>\n<td width=\"120\">3456-5760 pcs<\/td>\n<td width=\"120\">27648-46080 pcs<\/td>\n<\/tr>\n<tr>\n<td width=\"109\">Pav\u00e9 de couleur<\/td>\n<td width=\"111\"><img decoding=\"async\" class=\"alignnone size-full wp-image-519\" src=\"http:\/\/zsj.hyhdemo.top\/wp-content\/uploads\/2025\/10\/3.png\" alt=\"\" width=\"60\" height=\"37\" \/><\/td>\n<td width=\"120\">200*100*60<\/td>\n<td width=\"111\">31 pi\u00e8ces<\/td>\n<td width=\"120\">5580 pi\u00e8ces<\/td>\n<td width=\"120\">44640 pcs<\/td>\n<\/tr>\n<tr>\n<td width=\"109\">Brique pleine<\/td>\n<td width=\"111\"><img loading=\"lazy\" decoding=\"async\" class=\"alignnone size-full wp-image-520\" src=\"http:\/\/zsj.hyhdemo.top\/wp-content\/uploads\/2025\/10\/4.png\" alt=\"\" width=\"68\" height=\"58\" \/><\/td>\n<td width=\"120\">240*115*53<\/td>\n<td width=\"111\">51 pi\u00e8ces<\/td>\n<td width=\"120\">9360-12480 pcs<\/td>\n<td width=\"120\">74880-99840 pcs<\/td>\n<\/tr>\n<\/tbody>\n<\/table>","protected":false},"excerpt":{"rendered":"<p>La machine \u00e0 briques creuses QT10-15 a une conception raisonnable, une structure compacte et un \u00e9quilibre fiable. Gr\u00e2ce \u00e0 son efficacit\u00e9 \u00e9lev\u00e9e et \u00e0 la conception de son syst\u00e8me de vibration, elle augmente consid\u00e9rablement la densit\u00e9 et l'efficacit\u00e9 de production du produit. La machine de fabrication de briques en b\u00e9ton adopte un syst\u00e8me de contr\u00f4le PLC et est dans les meilleures conditions de fonctionnement. La ligne de production est \u00e9quip\u00e9e d'un empileur hydraulique, ce qui permet d'\u00e9conomiser de la main d'\u0153uvre et d'avoir une productivit\u00e9 \u00e9lev\u00e9e.<br \/>\n1. Le syst\u00e8me \u00e9lectrique utilise l'automate programmable pour contr\u00f4ler les dispositifs d'entr\u00e9e et de sortie des donn\u00e9es, le syst\u00e8me de contr\u00f4le comprend le contr\u00f4le de la logique de s\u00e9curit\u00e9 et le syst\u00e8me de diagnostic des d\u00e9faillances.<br \/>\n2. Joints informatiques et \u00e9lectroniques import\u00e9s, composants hydrauliques avec vanne proportionnelle \u00e0 haute performance dynamique, afin de contr\u00f4ler avec pr\u00e9cision l'action des pi\u00e8ces cl\u00e9s.<br \/>\n3. Le corps de cette machine de fabrication de briques de cendres volantes utilise des pi\u00e8ces en acier de haute pr\u00e9cision et de haute r\u00e9sistance ainsi qu'une technologie et des mat\u00e9riaux de soudage sp\u00e9ciaux pour obtenir une bonne rigidit\u00e9, une bonne r\u00e9sistance aux vibrations et une longue dur\u00e9e de vie.<br \/>\n4. La machine de fabrication de briques de cendres volantes adopte un syst\u00e8me de guidage \u00e0 quatre barres pour assurer le mouvement pr\u00e9cis de la t\u00eate de presse et du moule.<br \/>\n5. Gr\u00e2ce \u00e0 la technologie d'int\u00e9gration de la m\u00e9canique, de l'\u00e9lectricit\u00e9 et des liquides, le processus de fonctionnement de cette machine reste le m\u00eame, ce qui permet d'obtenir des produits d'une grande stabilit\u00e9 et d'un faible taux de rejet.<\/p>","protected":false},"featured_media":558,"comment_status":"open","ping_status":"closed","template":"","meta":[],"product_brand":[],"product_cat":[15],"product_tag":[],"class_list":{"0":"post-557","1":"product","2":"type-product","3":"status-publish","4":"has-post-thumbnail","6":"product_cat-concrete-block-machines","8":"first","9":"instock","10":"shipping-taxable","11":"product-type-simple"},"_links":{"self":[{"href":"https:\/\/www.cgbmgroup.com\/fr\/wp-json\/wp\/v2\/product\/557","targetHints":{"allow":["GET"]}}],"collection":[{"href":"https:\/\/www.cgbmgroup.com\/fr\/wp-json\/wp\/v2\/product"}],"about":[{"href":"https:\/\/www.cgbmgroup.com\/fr\/wp-json\/wp\/v2\/types\/product"}],"replies":[{"embeddable":true,"href":"https:\/\/www.cgbmgroup.com\/fr\/wp-json\/wp\/v2\/comments?post=557"}],"wp:featuredmedia":[{"embeddable":true,"href":"https:\/\/www.cgbmgroup.com\/fr\/wp-json\/wp\/v2\/media\/558"}],"wp:attachment":[{"href":"https:\/\/www.cgbmgroup.com\/fr\/wp-json\/wp\/v2\/media?parent=557"}],"wp:term":[{"taxonomy":"product_brand","embeddable":true,"href":"https:\/\/www.cgbmgroup.com\/fr\/wp-json\/wp\/v2\/product_brand?post=557"},{"taxonomy":"product_cat","embeddable":true,"href":"https:\/\/www.cgbmgroup.com\/fr\/wp-json\/wp\/v2\/product_cat?post=557"},{"taxonomy":"product_tag","embeddable":true,"href":"https:\/\/www.cgbmgroup.com\/fr\/wp-json\/wp\/v2\/product_tag?post=557"}],"curies":[{"name":"wp","href":"https:\/\/api.w.org\/{rel}","templated":true}]}}