{"id":559,"date":"2025-11-03T11:13:06","date_gmt":"2025-11-03T03:13:06","guid":{"rendered":"http:\/\/zsj.hyhdemo.top\/?post_type=product&#038;p=559"},"modified":"2025-11-03T11:13:06","modified_gmt":"2025-11-03T03:13:06","slug":"qt12-15-machine-a-blocs-automatique","status":"publish","type":"product","link":"https:\/\/www.cgbmgroup.com\/fr\/produit\/qt12-15-machine-a-blocs-automatique\/","title":{"rendered":"QT12-15 Machine \u00e0 blocs automatique"},"content":{"rendered":"<table width=\"702\">\n<tbody>\n<tr>\n<td colspan=\"6\" width=\"702\">QT12-15 Param\u00e8tre<\/td>\n<\/tr>\n<tr>\n<td>Cycle de moulage<\/td>\n<td colspan=\"2\">15-20s<\/td>\n<td>Pression nominale<\/td>\n<td colspan=\"2\">21MPa<\/td>\n<\/tr>\n<tr>\n<td>Vibration<\/td>\n<td colspan=\"2\">Vibrations de la table<\/td>\n<td>Fr\u00e9quence<\/td>\n<td colspan=\"2\">2800-5100temps\/min.<\/td>\n<\/tr>\n<tr>\n<td>Une force excitante<\/td>\n<td colspan=\"2\">110KN<\/td>\n<td>Puissance totale<\/td>\n<td colspan=\"2\">67KW<\/td>\n<\/tr>\n<tr>\n<td>Dimension<\/td>\n<td colspan=\"2\">\u00a09350*3200*2900mm<\/td>\n<td>Taille de la palette<\/td>\n<td colspan=\"2\">1300*900*30mm<\/td>\n<\/tr>\n<tr>\n<td colspan=\"6\">QT12-15 Productivit\u00e9<\/td>\n<\/tr>\n<tr>\n<td width=\"109\">Type<\/td>\n<td width=\"111\">Photo<\/td>\n<td width=\"120\">Taille (mm)<\/td>\n<td width=\"111\">Par moule<\/td>\n<td width=\"120\">QT\u00c9\/heure<\/td>\n<td width=\"129\">QT\u00c9\/Jour (8 heures)<\/td>\n<\/tr>\n<tr>\n<td width=\"109\">Bloc creux<\/td>\n<td width=\"111\"><img decoding=\"async\" class=\"alignnone size-full wp-image-521\" src=\"http:\/\/zsj.hyhdemo.top\/wp-content\/uploads\/2025\/10\/WPS\u56fe\u72471.png\" alt=\"\" width=\"55\" height=\"41\" \/><\/td>\n<td width=\"120\">390*190*190<\/td>\n<td width=\"111\">12 pi\u00e8ces<\/td>\n<td width=\"120\">\u00a02160-2880 pi\u00e8ces<\/td>\n<td width=\"129\">17280-23040 pcs<\/td>\n<\/tr>\n<tr>\n<td width=\"109\">Pav\u00e9 Brique<\/td>\n<td width=\"111\"><img decoding=\"async\" class=\"alignnone size-full wp-image-518\" src=\"http:\/\/zsj.hyhdemo.top\/wp-content\/uploads\/2025\/10\/2.png\" alt=\"\" width=\"65\" height=\"49\" \/><\/td>\n<td width=\"120\">225*125*60<\/td>\n<td width=\"111\">26 pi\u00e8ces<\/td>\n<td width=\"120\">4680-6240pcs<\/td>\n<td width=\"129\">37440-49920pcs<\/td>\n<\/tr>\n<tr>\n<td width=\"109\">Pav\u00e9 de couleur<\/td>\n<td width=\"111\"><img decoding=\"async\" class=\"alignnone size-full wp-image-519\" src=\"http:\/\/zsj.hyhdemo.top\/wp-content\/uploads\/2025\/10\/3.png\" alt=\"\" width=\"60\" height=\"37\" \/><\/td>\n<td width=\"120\">200*100*60<\/td>\n<td width=\"111\">36 pi\u00e8ces<\/td>\n<td width=\"120\">6480 pi\u00e8ces<\/td>\n<td width=\"129\">51840 pcs<\/td>\n<\/tr>\n<tr>\n<td width=\"109\">Brique pleine<\/td>\n<td width=\"111\"><img loading=\"lazy\" decoding=\"async\" class=\"alignnone size-full wp-image-520\" src=\"http:\/\/zsj.hyhdemo.top\/wp-content\/uploads\/2025\/10\/4.png\" alt=\"\" width=\"68\" height=\"58\" \/><\/td>\n<td width=\"120\">240*115*53<\/td>\n<td width=\"111\">62 pi\u00e8ces<\/td>\n<td width=\"120\">11160-14880 pcs<\/td>\n<td width=\"129\">89280-119040 pcs<\/td>\n<\/tr>\n<\/tbody>\n<\/table>","protected":false},"excerpt":{"rendered":"<p>1. Il adopte un syst\u00e8me de stockage et de distribution des mat\u00e9riaux pour g\u00e9rer le stockage et la distribution des mat\u00e9riaux de mani\u00e8re \u00e0 assurer une alimentation et un d\u00e9placement pr\u00e9cis pour une densit\u00e9 homog\u00e8ne et une grande compacit\u00e9 des produits.<br \/>\n2. Il utilise le mode de vibration synchrone \u00e0 conversion de fr\u00e9quence et la fr\u00e9quence de vibration peut \u00eatre ajust\u00e9e en fonction des diff\u00e9rentes exigences du processus pour obtenir une alimentation \u00e0 basse fr\u00e9quence et un moulage \u00e0 haute fr\u00e9quence. Le changement d'amplitude et de fr\u00e9quence de vibration dans le processus de conversion de fr\u00e9quence est plus propice \u00e0 la compacit\u00e9 de l'\u00e9coulement du b\u00e9ton.<br \/>\n3. Dans une vari\u00e9t\u00e9 de syst\u00e8mes de contr\u00f4le des machines de donn\u00e9es de production, il est plus facile et plus simple d'op\u00e9rer et d'ajuster les changements de mat\u00e9riaux et la production de diff\u00e9rents produits dans le processus de production.<br \/>\n4. Le syst\u00e8me de diagnostic automatique est dot\u00e9 d'une fonction de rappel des alarmes, ce qui permet un d\u00e9pannage rapide. Les fonctions de surveillance et de r\u00e9cup\u00e9ration des donn\u00e9es \u00e0 distance, de mise \u00e0 niveau du syst\u00e8me et de diagnostic des d\u00e9faillances peuvent \u00eatre r\u00e9alis\u00e9es par le biais d'une connexion r\u00e9seau.<\/p>","protected":false},"featured_media":560,"comment_status":"open","ping_status":"closed","template":"","meta":[],"product_brand":[],"product_cat":[15],"product_tag":[],"class_list":{"0":"post-559","1":"product","2":"type-product","3":"status-publish","4":"has-post-thumbnail","6":"product_cat-concrete-block-machines","8":"first","9":"instock","10":"shipping-taxable","11":"product-type-simple"},"_links":{"self":[{"href":"https:\/\/www.cgbmgroup.com\/fr\/wp-json\/wp\/v2\/product\/559","targetHints":{"allow":["GET"]}}],"collection":[{"href":"https:\/\/www.cgbmgroup.com\/fr\/wp-json\/wp\/v2\/product"}],"about":[{"href":"https:\/\/www.cgbmgroup.com\/fr\/wp-json\/wp\/v2\/types\/product"}],"replies":[{"embeddable":true,"href":"https:\/\/www.cgbmgroup.com\/fr\/wp-json\/wp\/v2\/comments?post=559"}],"wp:featuredmedia":[{"embeddable":true,"href":"https:\/\/www.cgbmgroup.com\/fr\/wp-json\/wp\/v2\/media\/560"}],"wp:attachment":[{"href":"https:\/\/www.cgbmgroup.com\/fr\/wp-json\/wp\/v2\/media?parent=559"}],"wp:term":[{"taxonomy":"product_brand","embeddable":true,"href":"https:\/\/www.cgbmgroup.com\/fr\/wp-json\/wp\/v2\/product_brand?post=559"},{"taxonomy":"product_cat","embeddable":true,"href":"https:\/\/www.cgbmgroup.com\/fr\/wp-json\/wp\/v2\/product_cat?post=559"},{"taxonomy":"product_tag","embeddable":true,"href":"https:\/\/www.cgbmgroup.com\/fr\/wp-json\/wp\/v2\/product_tag?post=559"}],"curies":[{"name":"wp","href":"https:\/\/api.w.org\/{rel}","templated":true}]}}