{"id":566,"date":"2025-11-03T11:27:59","date_gmt":"2025-11-03T03:27:59","guid":{"rendered":"http:\/\/zsj.hyhdemo.top\/?post_type=product&#038;p=566"},"modified":"2025-11-03T11:27:59","modified_gmt":"2025-11-03T03:27:59","slug":"concasseur-a-machoires-machine-de-traitement-des-materiaux","status":"publish","type":"product","link":"https:\/\/www.cgbmgroup.com\/fr\/produit\/concasseur-a-machoires-machine-de-traitement-des-materiaux\/","title":{"rendered":"Concasseur \u00e0 m\u00e2choires - Machine de traitement des mat\u00e9riaux"},"content":{"rendered":"","protected":false},"excerpt":{"rendered":"","protected":false},"featured_media":567,"comment_status":"open","ping_status":"closed","template":"","meta":[],"product_brand":[],"product_cat":[21],"product_tag":[],"class_list":{"0":"post-566","1":"product","2":"type-product","3":"status-publish","4":"has-post-thumbnail","6":"product_cat-mobile-block-machine","8":"first","9":"instock","10":"shipping-taxable","11":"product-type-simple"},"_links":{"self":[{"href":"https:\/\/www.cgbmgroup.com\/fr\/wp-json\/wp\/v2\/product\/566","targetHints":{"allow":["GET"]}}],"collection":[{"href":"https:\/\/www.cgbmgroup.com\/fr\/wp-json\/wp\/v2\/product"}],"about":[{"href":"https:\/\/www.cgbmgroup.com\/fr\/wp-json\/wp\/v2\/types\/product"}],"replies":[{"embeddable":true,"href":"https:\/\/www.cgbmgroup.com\/fr\/wp-json\/wp\/v2\/comments?post=566"}],"wp:featuredmedia":[{"embeddable":true,"href":"https:\/\/www.cgbmgroup.com\/fr\/wp-json\/wp\/v2\/media\/567"}],"wp:attachment":[{"href":"https:\/\/www.cgbmgroup.com\/fr\/wp-json\/wp\/v2\/media?parent=566"}],"wp:term":[{"taxonomy":"product_brand","embeddable":true,"href":"https:\/\/www.cgbmgroup.com\/fr\/wp-json\/wp\/v2\/product_brand?post=566"},{"taxonomy":"product_cat","embeddable":true,"href":"https:\/\/www.cgbmgroup.com\/fr\/wp-json\/wp\/v2\/product_cat?post=566"},{"taxonomy":"product_tag","embeddable":true,"href":"https:\/\/www.cgbmgroup.com\/fr\/wp-json\/wp\/v2\/product_tag?post=566"}],"curies":[{"name":"wp","href":"https:\/\/api.w.org\/{rel}","templated":true}]}}