{"id":579,"date":"2025-11-03T11:56:59","date_gmt":"2025-11-03T03:56:59","guid":{"rendered":"http:\/\/zsj.hyhdemo.top\/?post_type=product&#038;p=579"},"modified":"2025-11-03T11:57:00","modified_gmt":"2025-11-03T03:57:00","slug":"machine-de-dosage","status":"publish","type":"product","link":"https:\/\/www.cgbmgroup.com\/fr\/produit\/machine-de-dosage\/","title":{"rendered":"Machine de dosage"},"content":{"rendered":"<table style=\"border-collapse: collapse; width: 564.02pt;\" border=\"0\" width=\"752\" cellspacing=\"0\" cellpadding=\"0\">\n<tbody>\n<tr style=\"height: 15.00pt;\">\n<td class=\"et2\" style=\"height: 15.00pt; width: 564.00pt;\" colspan=\"4\" width=\"752\" height=\"20\">Machine de dosage<\/td>\n<\/tr>\n<tr style=\"height: 13.50pt;\">\n<td class=\"et3\" style=\"height: 13.50pt;\" height=\"18\">Mod\u00e8le<\/td>\n<td class=\"et3\">PL800<\/td>\n<td class=\"et3\">PL1200-III<\/td>\n<td class=\"et3\">PL1600-III<\/td>\n<\/tr>\n<tr style=\"height: 13.50pt;\">\n<td class=\"et3\" style=\"height: 13.50pt;\" height=\"18\">Volume de la tr\u00e9mie de pes\u00e9e (m\u00b3)<\/td>\n<td class=\"et3\">0.8<\/td>\n<td class=\"et3\">1.2<\/td>\n<td class=\"et3\">1.6m\u00b3<\/td>\n<\/tr>\n<tr style=\"height: 13.50pt;\">\n<td class=\"et3\" style=\"height: 13.50pt;\" height=\"18\">Volume de la tr\u00e9mie de r\u00e9serve (m\u00b3)<\/td>\n<td class=\"et3\">2\u00d72<\/td>\n<td class=\"et3\">3\u00d74<\/td>\n<td class=\"et3\">3\u00d76m\u00b3<\/td>\n<\/tr>\n<tr style=\"height: 13.50pt;\">\n<td class=\"et3\" style=\"height: 13.50pt;\" height=\"18\">Productivit\u00e9 (m\u00b3\/h)<\/td>\n<td class=\"et3\">48<\/td>\n<td class=\"et3\">72<\/td>\n<td class=\"et3\">96m\u00b3\/h<\/td>\n<\/tr>\n<tr style=\"height: 13.50pt;\">\n<td class=\"et3\" style=\"height: 13.50pt;\" height=\"18\">Pr\u00e9cision de la mise en lots (%)<\/td>\n<td class=\"et3\">\u00b12<\/td>\n<td class=\"et3\">\u00b12<\/td>\n<td class=\"et3\">\u00b12%<\/td>\n<\/tr>\n<tr style=\"height: 13.50pt;\">\n<td class=\"et3\" style=\"height: 13.50pt;\" height=\"18\">Poids max. M\u00e9trage(kg)<\/td>\n<td class=\"et3\">1500<\/td>\n<td class=\"et3\">2000<\/td>\n<td class=\"et3\">2800<\/td>\n<\/tr>\n<tr style=\"height: 13.50pt;\">\n<td class=\"et3\" style=\"height: 13.50pt;\" height=\"18\">Cat\u00e9gorie de mise en lots<\/td>\n<td class=\"et3\">2<\/td>\n<td class=\"et3\">3<\/td>\n<td class=\"et3\">3<\/td>\n<\/tr>\n<tr style=\"height: 13.50pt;\">\n<td class=\"et3\" style=\"height: 13.50pt;\" height=\"18\">Hauteur de chargement (mm)<\/td>\n<td class=\"et3\">2645<\/td>\n<td class=\"et3\">2550<\/td>\n<td class=\"et3\">2750<\/td>\n<\/tr>\n<tr style=\"height: 13.50pt;\">\n<td class=\"et3\" style=\"height: 13.50pt;\" height=\"18\">Mesures<\/td>\n<td class=\"et3\">\u00c9lectronique<\/td>\n<td class=\"et3\">\u00c9lectronique<\/td>\n<td class=\"et3\">\u00c9lectronique<\/td>\n<\/tr>\n<tr style=\"height: 13.50pt;\">\n<td class=\"et3\" style=\"height: 13.50pt;\" height=\"18\">Puissance (kW)<\/td>\n<td class=\"et3\">6.6<\/td>\n<td class=\"et3\">11.7<\/td>\n<td class=\"et3\">14.6<\/td>\n<\/tr>\n<tr style=\"height: 13.50pt;\">\n<td class=\"et3\" style=\"height: 13.50pt;\" height=\"18\">Poids (kg)<\/td>\n<td class=\"et3\">2500<\/td>\n<td class=\"et3\">4000<\/td>\n<td class=\"et3\">4800<\/td>\n<\/tr>\n<tr style=\"height: 13.50pt;\">\n<td class=\"et3\" style=\"height: 13.50pt;\" height=\"18\">Dimension(L\u00d7L\u00d7H)(mm)<\/td>\n<td class=\"et3\">5630\u00d71930\u00d72970<\/td>\n<td class=\"et3\">8485\u00d72475\u00d72875<\/td>\n<td class=\"et3\">9600\u00d72200\u00d73405 mm<\/td>\n<\/tr>\n<\/tbody>\n<\/table>","protected":false},"excerpt":{"rendered":"<p>Batching Machine Model PL800 PL1200-III PL1600-III Cubage of weighing hopper(m\u00b3) 0.8 1.2 1.6m\u00b3 Cubage of reserve hopper(m\u00b3) 2\u00d72 3\u00d74 3\u00d76m\u00b3 Productivity(m\u00b3\/h) 48 72 96m\u00b3\/h Batching precision(%) \u00b12 \u00b12 \u00b12% Max. Metage(kg) 1500 2000 2800 Batching category 2 3 3 Loading height(mm) 2645 2550 2750 Measurement Electronic Electronic Electronic Power(kW) 6.6 11.7 14.6 Weight(kg) 2500 4000 [&hellip;]<\/p>\n","protected":false},"featured_media":580,"comment_status":"open","ping_status":"closed","template":"","meta":[],"product_brand":[],"product_cat":[21],"product_tag":[],"class_list":{"0":"post-579","1":"product","2":"type-product","3":"status-publish","4":"has-post-thumbnail","6":"product_cat-mobile-block-machine","8":"first","9":"instock","10":"shipping-taxable","11":"product-type-simple"},"_links":{"self":[{"href":"https:\/\/www.cgbmgroup.com\/fr\/wp-json\/wp\/v2\/product\/579","targetHints":{"allow":["GET"]}}],"collection":[{"href":"https:\/\/www.cgbmgroup.com\/fr\/wp-json\/wp\/v2\/product"}],"about":[{"href":"https:\/\/www.cgbmgroup.com\/fr\/wp-json\/wp\/v2\/types\/product"}],"replies":[{"embeddable":true,"href":"https:\/\/www.cgbmgroup.com\/fr\/wp-json\/wp\/v2\/comments?post=579"}],"wp:featuredmedia":[{"embeddable":true,"href":"https:\/\/www.cgbmgroup.com\/fr\/wp-json\/wp\/v2\/media\/580"}],"wp:attachment":[{"href":"https:\/\/www.cgbmgroup.com\/fr\/wp-json\/wp\/v2\/media?parent=579"}],"wp:term":[{"taxonomy":"product_brand","embeddable":true,"href":"https:\/\/www.cgbmgroup.com\/fr\/wp-json\/wp\/v2\/product_brand?post=579"},{"taxonomy":"product_cat","embeddable":true,"href":"https:\/\/www.cgbmgroup.com\/fr\/wp-json\/wp\/v2\/product_cat?post=579"},{"taxonomy":"product_tag","embeddable":true,"href":"https:\/\/www.cgbmgroup.com\/fr\/wp-json\/wp\/v2\/product_tag?post=579"}],"curies":[{"name":"wp","href":"https:\/\/api.w.org\/{rel}","templated":true}]}}