{"id":601,"date":"2025-11-03T14:14:28","date_gmt":"2025-11-03T06:14:28","guid":{"rendered":"http:\/\/zsj.hyhdemo.top\/?post_type=product&#038;p=601"},"modified":"2025-12-01T10:22:29","modified_gmt":"2025-12-01T02:22:29","slug":"moules-carbonises","status":"publish","type":"product","link":"https:\/\/www.cgbmgroup.com\/fr\/produit\/moules-carbonises\/","title":{"rendered":"Moules carbonis\u00e9s"},"content":{"rendered":"<p>Nous produisons toutes sortes de moules pour machines \u00e0 briques non combustibles, moules pour machines \u00e0 briques qt6-15, moules pour machines \u00e0 briques gt8-i5, moules pour machines \u00e0 briques gt8-i5, etc.<br \/>\nmoule, moule pour machine \u00e0 briques gtl0-15 et moule pour briques perfor\u00e9es, moule pour machine \u00e0 briques \u00e0 pression statique, moule pour machine \u00e0 briques de protection des pentes, moule pour briques de couleur<br \/>\nmoule pour machine \u00e0 briques, moule pour machine \u00e0 briques creuses, moule pour machine \u00e0 briques en blocs, moule pour machine \u00e0 briques en ciment, moule pour machine \u00e0 briques hydrauliques, moule pour pierre de bordure<br \/>\nmoules pour machines \u00e0 briques, etc., \u00e0 des prix raisonnables et de premi\u00e8re qualit\u00e9, nous vous invitons \u00e0 nous contacter et \u00e0 passer commande.<\/p>","protected":false},"excerpt":{"rendered":"<p>We produce al kinds of no burning brick machine mould, qt6-15 brick machine mould, gt8-i5 brick machine mould, gtl0-15 brick machine mould and perforated brick mould, static press brick machine mould, slope protection brick machine mould, color brick machine mould, holow brick machine mould, block brick machine mould, cement brick machine mould,hydrauic brick machine mould, [&hellip;]<\/p>\n","protected":false},"featured_media":602,"comment_status":"open","ping_status":"closed","template":"","meta":[],"product_brand":[],"product_cat":[20],"product_tag":[],"class_list":{"0":"post-601","1":"product","2":"type-product","3":"status-publish","4":"has-post-thumbnail","6":"product_cat-supporting-equipment","8":"first","9":"instock","10":"shipping-taxable","11":"product-type-simple"},"_links":{"self":[{"href":"https:\/\/www.cgbmgroup.com\/fr\/wp-json\/wp\/v2\/product\/601","targetHints":{"allow":["GET"]}}],"collection":[{"href":"https:\/\/www.cgbmgroup.com\/fr\/wp-json\/wp\/v2\/product"}],"about":[{"href":"https:\/\/www.cgbmgroup.com\/fr\/wp-json\/wp\/v2\/types\/product"}],"replies":[{"embeddable":true,"href":"https:\/\/www.cgbmgroup.com\/fr\/wp-json\/wp\/v2\/comments?post=601"}],"wp:featuredmedia":[{"embeddable":true,"href":"https:\/\/www.cgbmgroup.com\/fr\/wp-json\/wp\/v2\/media\/602"}],"wp:attachment":[{"href":"https:\/\/www.cgbmgroup.com\/fr\/wp-json\/wp\/v2\/media?parent=601"}],"wp:term":[{"taxonomy":"product_brand","embeddable":true,"href":"https:\/\/www.cgbmgroup.com\/fr\/wp-json\/wp\/v2\/product_brand?post=601"},{"taxonomy":"product_cat","embeddable":true,"href":"https:\/\/www.cgbmgroup.com\/fr\/wp-json\/wp\/v2\/product_cat?post=601"},{"taxonomy":"product_tag","embeddable":true,"href":"https:\/\/www.cgbmgroup.com\/fr\/wp-json\/wp\/v2\/product_tag?post=601"}],"curies":[{"name":"wp","href":"https:\/\/api.w.org\/{rel}","templated":true}]}}