{"id":88,"date":"2025-10-23T16:09:07","date_gmt":"2025-10-23T08:09:07","guid":{"rendered":"http:\/\/zsj.hyhdemo.top\/?post_type=product&#038;p=88"},"modified":"2025-11-03T15:08:24","modified_gmt":"2025-11-03T07:08:24","slug":"moteur-diesel-gb2-25","status":"publish","type":"product","link":"https:\/\/www.cgbmgroup.com\/fr\/produit\/moteur-diesel-gb2-25\/","title":{"rendered":"GB2-25 Machine \u00e0 bloc automatique pour moteur diesel"},"content":{"rendered":"<p>Le syst\u00e8me prend en charge le ciment, le sable, le gravier, les cendres volantes, le laitier et les fines recycl\u00e9es ; les rapports eau\/ciment sont optimis\u00e9s pour la r\u00e9sistance et la finition. Produits typiques : Blocs creux 390\u00d7190\u00d7190, pav\u00e9s 200\u00d7100\u00d760, pierres de bordure, briques pleines, pav\u00e9s de gazon. La s\u00e9curit\u00e9 est int\u00e9gr\u00e9e gr\u00e2ce \u00e0 des barri\u00e8res immat\u00e9rielles, des circuits d'urgence et des protections contre le couple et la pression. L'assistance \u00e0 distance et l'interface utilisateur multilingue r\u00e9duisent le temps de mise en service et les co\u00fbts de formation. Conforme aux normes CE\/ISO.<\/p>\n<p>&nbsp;<\/p>\n<table style=\"border-collapse: collapse; width: 659.27pt;\" border=\"0\" width=\"879\" cellspacing=\"0\" cellpadding=\"0\">\n<tbody>\n<tr style=\"height: 13.50pt;\">\n<td class=\"et2\" style=\"height: 13.50pt; width: 246.00pt;\" width=\"328\" height=\"18\">Objet<\/td>\n<td class=\"et2\" style=\"width: 413.25pt;\" width=\"551\">Sp\u00e9cifications<\/td>\n<\/tr>\n<tr style=\"height: 13.50pt;\">\n<td style=\"height: 13.50pt;\" height=\"18\">M\u00e9thode de contr\u00f4le<\/td>\n<td>Contr\u00f4le manuel<\/td>\n<\/tr>\n<tr style=\"height: 13.50pt;\">\n<td style=\"height: 13.50pt;\" height=\"18\">Cycle de moulage<\/td>\n<td>30~40s<\/td>\n<\/tr>\n<tr style=\"height: 13.50pt;\">\n<td style=\"height: 13.50pt;\" height=\"18\">Force de pression maximale<\/td>\n<td>75kN<\/td>\n<\/tr>\n<tr style=\"height: 13.50pt;\">\n<td style=\"height: 13.50pt;\" height=\"18\">Force de d\u00e9moulage maximale<\/td>\n<td>75kN<\/td>\n<\/tr>\n<tr style=\"height: 13.50pt;\">\n<td style=\"height: 13.50pt;\" height=\"18\">Pression nominale<\/td>\n<td>16Mpa<\/td>\n<\/tr>\n<tr style=\"height: 13.50pt;\">\n<td style=\"height: 13.50pt;\" height=\"18\">Temp\u00e9rature d'huile maximale admissible<\/td>\n<td>60\u2103<\/td>\n<\/tr>\n<tr style=\"height: 13.50pt;\">\n<td style=\"height: 13.50pt;\" height=\"18\">Brique \u00e0 embo\u00eetement<\/td>\n<td>300\u00d7150\u00d7200 (2 pi\u00e8ces\/moule)<\/td>\n<\/tr>\n<tr style=\"height: 13.50pt;\">\n<td style=\"height: 13.50pt;\" height=\"18\">Brique creuse<\/td>\n<td>240\u00d7115\u00d790 (2 pi\u00e8ces\/moule)<\/td>\n<\/tr>\n<tr style=\"height: 13.50pt;\">\n<td style=\"height: 13.50pt;\" height=\"18\">Brique standard<\/td>\n<td>240\u00d7115\u00d753 (4 pi\u00e8ces\/moule)<\/td>\n<\/tr>\n<tr style=\"height: 13.50pt;\">\n<td style=\"height: 13.50pt;\" height=\"18\">Pav\u00e9 Brique<\/td>\n<td>200\u00d7100\u00d760 (2 pi\u00e8ces\/moule)<\/td>\n<\/tr>\n<tr style=\"height: 13.50pt;\">\n<td style=\"height: 13.50pt;\" height=\"18\">Brique en S<\/td>\n<td>225\u00d7112,5\u00d760 (2 pi\u00e8ces\/moule)<\/td>\n<\/tr>\n<tr style=\"height: 13.50pt;\">\n<td style=\"height: 13.50pt;\" height=\"18\">Pompe hydraulique<\/td>\n<td>Pompe \u00e0 engrenages CBT-F310, Cylindr\u00e9e 10ml\/r<\/td>\n<\/tr>\n<tr style=\"height: 13.50pt;\">\n<td style=\"height: 13.50pt;\" height=\"18\">Puissance de fonctionnement<\/td>\n<td>3kW<\/td>\n<\/tr>\n<tr style=\"height: 13.50pt;\">\n<td style=\"height: 13.50pt;\" height=\"18\">Moteur de la station hydraulique<\/td>\n<td>Y100L-2-4, 3.0kW, 1400r\/min<\/td>\n<\/tr>\n<tr style=\"height: 13.50pt;\">\n<td style=\"height: 13.50pt;\" height=\"18\">Dimensions g\u00e9n\u00e9rales<\/td>\n<td>L1200\u00d7L900\u00d7H1460mm<\/td>\n<\/tr>\n<\/tbody>\n<\/table>","protected":false},"excerpt":{"rendered":"<p>Con\u00e7ue pour les usines de produits en b\u00e9ton \u00e0 haut rendement, la machine \u00e0 blocs offre une qualit\u00e9 reproductible tout en r\u00e9duisant la main-d'\u0153uvre et la consommation d'\u00e9nergie. La table vibrante adopte des excitateurs multipoints \u00e0 haute fr\u00e9quence synchronis\u00e9s avec une presse hydraulique pour compacter le m\u00e9lange rapidement et uniform\u00e9ment et obtenir une densit\u00e9 \u00e9lev\u00e9e, l'int\u00e9grit\u00e9 des bords et une faible absorption d'eau. Les entra\u00eenements \u00e0 fr\u00e9quence variable (VFD) optimisent l'amplitude des vibrations en fonction du type de produit, prot\u00e9geant ainsi les moules tout en r\u00e9duisant la dur\u00e9e du cycle.<\/p>\n<p>Les modules configurables comprennent<\/p>\n<ul>\n<li>Dosage et m\u00e9lange d'agr\u00e9gats (sec\/humide, pr\u00eat \u00e0 l'emploi)<\/li>\n<li>Distributeur automatique de palettes et graisseur de brosses<\/li>\n<li>\u00c9l\u00e9vateur c\u00f4t\u00e9 humide, chariot \u00e0 doigts et \u00e9tag\u00e8res de s\u00e9chage (vapeur ou naturel)<\/li>\n<li>Abaisseur \u00e0 sec, ligne tampon et cubeur robotis\u00e9<\/li>\n<li>Cerclage en ligne et sortie des palettes finies<\/li>\n<\/ul>","protected":false},"featured_media":93,"comment_status":"open","ping_status":"closed","template":"","meta":[],"product_brand":[],"product_cat":[15],"product_tag":[],"class_list":{"0":"post-88","1":"product","2":"type-product","3":"status-publish","4":"has-post-thumbnail","6":"product_cat-concrete-block-machines","8":"first","9":"instock","10":"shipping-taxable","11":"product-type-simple"},"_links":{"self":[{"href":"https:\/\/www.cgbmgroup.com\/fr\/wp-json\/wp\/v2\/product\/88","targetHints":{"allow":["GET"]}}],"collection":[{"href":"https:\/\/www.cgbmgroup.com\/fr\/wp-json\/wp\/v2\/product"}],"about":[{"href":"https:\/\/www.cgbmgroup.com\/fr\/wp-json\/wp\/v2\/types\/product"}],"replies":[{"embeddable":true,"href":"https:\/\/www.cgbmgroup.com\/fr\/wp-json\/wp\/v2\/comments?post=88"}],"wp:featuredmedia":[{"embeddable":true,"href":"https:\/\/www.cgbmgroup.com\/fr\/wp-json\/wp\/v2\/media\/93"}],"wp:attachment":[{"href":"https:\/\/www.cgbmgroup.com\/fr\/wp-json\/wp\/v2\/media?parent=88"}],"wp:term":[{"taxonomy":"product_brand","embeddable":true,"href":"https:\/\/www.cgbmgroup.com\/fr\/wp-json\/wp\/v2\/product_brand?post=88"},{"taxonomy":"product_cat","embeddable":true,"href":"https:\/\/www.cgbmgroup.com\/fr\/wp-json\/wp\/v2\/product_cat?post=88"},{"taxonomy":"product_tag","embeddable":true,"href":"https:\/\/www.cgbmgroup.com\/fr\/wp-json\/wp\/v2\/product_tag?post=88"}],"curies":[{"name":"wp","href":"https:\/\/api.w.org\/{rel}","templated":true}]}}