{"id":562,"date":"2025-11-03T11:18:54","date_gmt":"2025-11-03T03:18:54","guid":{"rendered":"http:\/\/zsj.hyhdemo.top\/?post_type=product&#038;p=562"},"modified":"2025-11-03T11:18:54","modified_gmt":"2025-11-03T03:18:54","slug":"gb1000-800-600t-%d0%b3%d0%b8%d0%b4%d1%80%d0%b0%d0%b2%d0%bb%d0%b8%d1%87%d0%b5%d1%81%d0%ba%d0%b0%d1%8f-%d0%bc%d0%b0%d1%88%d0%b8%d0%bd%d0%b0-%d0%b4%d0%b0%d0%b2%d0%bb%d0%b5%d0%bd%d0%b8%d1%8f","status":"publish","type":"product","link":"https:\/\/www.cgbmgroup.com\/ru\/product\/gb1000-800-600t-%d0%b3%d0%b8%d0%b4%d1%80%d0%b0%d0%b2%d0%bb%d0%b8%d1%87%d0%b5%d1%81%d0%ba%d0%b0%d1%8f-%d0%bc%d0%b0%d1%88%d0%b8%d0%bd%d0%b0-%d0%b4%d0%b0%d0%b2%d0%bb%d0%b5%d0%bd%d0%b8%d1%8f\/","title":{"rendered":"GB1000\/800\/600T \u0413\u0438\u0434\u0440\u0430\u0432\u043b\u0438\u0447\u0435\u0441\u043a\u0430\u044f \u043c\u0430\u0448\u0438\u043d\u0430 \u0434\u0430\u0432\u043b\u0435\u043d\u0438\u044f"},"content":{"rendered":"<table width=\"648\">\n<tbody>\n<tr>\n<td width=\"189\">GB1000\/800\/600T<\/td>\n<td width=\"153\"><\/td>\n<td width=\"153\"><\/td>\n<td width=\"153\"><\/td>\n<\/tr>\n<tr>\n<td>\u041e\u0441\u043d\u043e\u0432\u043d\u043e\u0439 \u043f\u0430\u0440\u0430\u043c\u0435\u0442\u0440<\/td>\n<td>1000T<\/td>\n<td>800T<\/td>\n<td>600T<\/td>\n<\/tr>\n<tr>\n<td>\u041c\u0430\u043a\u0441\u0438\u043c\u0430\u043b\u044c\u043d\u043e\u0435 \u0434\u0430\u0432\u043b\u0435\u043d\u0438\u0435<\/td>\n<td>10000KN<\/td>\n<td>8000KN<\/td>\n<td>6000KN<\/td>\n<\/tr>\n<tr>\n<td>\u0426\u0438\u043a\u043b \u0444\u043e\u0440\u043c\u043e\u0432\u043a\u0438<\/td>\n<td>19-25S<\/td>\n<td>19-25S<\/td>\n<td>19-25S<\/td>\n<\/tr>\n<tr>\n<td>\u0426\u0438\u043b\u0438\u043d\u0434\u0440 \u0445\u043e\u0437\u044f\u0438\u043d\u0430<\/td>\n<td>600m<\/td>\n<td>580 \u043c\u043c<\/td>\n<td>500 \u043c\u043c<\/td>\n<\/tr>\n<tr>\n<td>\u041f\u0440\u0435\u0441\u0441-\u0444\u043e\u0440\u043c\u0430<\/td>\n<td>\u0414\u0430\u0432\u043b\u0435\u043d\u0438\u0435 \u0414\u043e\u0431\u0443\u043b\u044f<\/td>\n<td>\u041e\u0434\u0438\u043d\u043e\u0447\u043d\u043e\u0435 \u0434\u0430\u0432\u043b\u0435\u043d\u0438\u0435<\/td>\n<td>\u041e\u0434\u0438\u043d\u043e\u0447\u043d\u043e\u0435 \u0434\u0430\u0432\u043b\u0435\u043d\u0438\u0435<\/td>\n<\/tr>\n<tr>\n<td>\u041c\u043e\u0449\u043d\u043e\u0441\u0442\u044c \u0433\u043b\u0430\u0432\u043d\u043e\u0433\u043e \u0434\u0432\u0438\u0433\u0430\u0442\u0435\u043b\u044f<\/td>\n<td>55 \u041a\u0412\u0422<\/td>\n<td>45 \u041a\u0412\u0422<\/td>\n<td>37 \u041a\u0412\u0422<\/td>\n<\/tr>\n<tr>\n<td>\u0420\u0430\u0437\u043c\u0435\u0440 \u043f\u043e\u0434\u0434\u043e\u043d\u0430<\/td>\n<td>\u0421\u0432\u043e\u0431\u043e\u0434\u043d\u044b\u0439 \u043f\u043e\u0434\u0434\u043e\u043d<\/td>\n<td>1000\u00d7880\u00d720 \u043c\u043c<\/td>\n<td>920\u00d7580\u00d720 \u043c\u043c<\/td>\n<\/tr>\n<tr>\n<td>Vibertion Motor<\/td>\n<td>\u041d\u0415<\/td>\n<td>7,5 \u041a\u0412\u0422 \u00d7 2<\/td>\n<td>5,5 \u041a\u0412\u0422 \u00d7 2<\/td>\n<\/tr>\n<tr>\n<td colspan=\"4\">\u041f\u0440\u043e\u0438\u0437\u0432\u043e\u0434\u0438\u0442\u0435\u043b\u044c\u043d\u043e\u0441\u0442\u044c<\/td>\n<\/tr>\n<tr>\n<td>238\u00d7115\u00d750 \u0421\u0442\u0430\u043d\u0434\u0430\u0440\u0442\u043d\u044b\u0439 \u043a\u0438\u0440\u043f\u0438\u0447<\/td>\n<td>32 \u0448\u0442.<\/td>\n<td>39 \u0448\u0442.<\/td>\n<td>24 \u0448\u0442.<\/td>\n<\/tr>\n<tr>\n<td>\u041a\u0438\u0440\u043f\u0438\u0447 \u0434\u043b\u044f \u043c\u043e\u0441\u0442\u043e\u0432\u043e\u0439 200\u00d7100\u00d760<\/td>\n<td>16 \u0448\u0442.<\/td>\n<td>28 \u0448\u0442.<\/td>\n<td>16 \u0448\u0442.<\/td>\n<\/tr>\n<\/tbody>\n<\/table>","protected":false},"excerpt":{"rendered":"<p>GB1000\/800\/600T Main Parameter 1000T 800T 600T Max Pressure 10000KN 8000KN 6000KN Forming Cycle 19-25S 19-25S 19-25S Host Cylinder 600m 580mm 500mm Press Form Dobule Pressure Single Pressure Single Pressure Main Motor Power 55KW 45KW 37KW Pallet Size Pallet Free 1000\u00d7880\u00d720mm 920\u00d7580\u00d720mm Vibertion Motor NON 7.5KW\u00d72 5.5KW\u00d72 Productivity 238\u00d7115\u00d750 Standar Brick 32 pc 39 pc 24 [&hellip;]<\/p>\n","protected":false},"featured_media":563,"comment_status":"open","ping_status":"closed","template":"","meta":[],"product_brand":[],"product_cat":[15],"product_tag":[],"class_list":{"0":"post-562","1":"product","2":"type-product","3":"status-publish","4":"has-post-thumbnail","6":"product_cat-concrete-block-machines","8":"first","9":"instock","10":"shipping-taxable","11":"product-type-simple"},"_links":{"self":[{"href":"https:\/\/www.cgbmgroup.com\/ru\/wp-json\/wp\/v2\/product\/562","targetHints":{"allow":["GET"]}}],"collection":[{"href":"https:\/\/www.cgbmgroup.com\/ru\/wp-json\/wp\/v2\/product"}],"about":[{"href":"https:\/\/www.cgbmgroup.com\/ru\/wp-json\/wp\/v2\/types\/product"}],"replies":[{"embeddable":true,"href":"https:\/\/www.cgbmgroup.com\/ru\/wp-json\/wp\/v2\/comments?post=562"}],"wp:featuredmedia":[{"embeddable":true,"href":"https:\/\/www.cgbmgroup.com\/ru\/wp-json\/wp\/v2\/media\/563"}],"wp:attachment":[{"href":"https:\/\/www.cgbmgroup.com\/ru\/wp-json\/wp\/v2\/media?parent=562"}],"wp:term":[{"taxonomy":"product_brand","embeddable":true,"href":"https:\/\/www.cgbmgroup.com\/ru\/wp-json\/wp\/v2\/product_brand?post=562"},{"taxonomy":"product_cat","embeddable":true,"href":"https:\/\/www.cgbmgroup.com\/ru\/wp-json\/wp\/v2\/product_cat?post=562"},{"taxonomy":"product_tag","embeddable":true,"href":"https:\/\/www.cgbmgroup.com\/ru\/wp-json\/wp\/v2\/product_tag?post=562"}],"curies":[{"name":"wp","href":"https:\/\/api.w.org\/{rel}","templated":true}]}}