{"id":574,"date":"2025-11-03T11:44:53","date_gmt":"2025-11-03T03:44:53","guid":{"rendered":"http:\/\/zsj.hyhdemo.top\/?post_type=product&#038;p=574"},"modified":"2025-11-03T11:47:50","modified_gmt":"2025-11-03T03:47:50","slug":"%d0%b1%d0%b5%d1%82%d0%be%d0%bd%d0%be%d0%bc%d0%b5%d1%88%d0%b0%d0%bb%d0%ba%d0%b0-js","status":"publish","type":"product","link":"https:\/\/www.cgbmgroup.com\/ru\/product\/%d0%b1%d0%b5%d1%82%d0%be%d0%bd%d0%be%d0%bc%d0%b5%d1%88%d0%b0%d0%bb%d0%ba%d0%b0-js\/","title":{"rendered":"JS \u0411\u0435\u0442\u043e\u043d\u043e\u043c\u0435\u0448\u0430\u043b\u043a\u0430"},"content":{"rendered":"<table style=\"border-collapse: collapse; width: 822.02pt;\" border=\"0\" width=\"1096\" cellspacing=\"0\" cellpadding=\"0\">\n<tbody>\n<tr style=\"height: 18.75pt;\">\n<td class=\"et2\" style=\"height: 18.75pt; width: 822.00pt;\" colspan=\"8\" width=\"1096\" height=\"25\">\u0411\u0415\u0422\u041e\u041d\u041e\u041c\u0415\u0428\u0410\u041b\u041a\u0410 JS<\/td>\n<\/tr>\n<tr style=\"height: 13.50pt;\">\n<td class=\"et4\" style=\"height: 13.50pt;\" height=\"18\">\u041d\u0415\u0422<\/td>\n<td class=\"et4\">\u0412\u0432\u043e\u0434 (L)<\/td>\n<td class=\"et4\">\u0412\u044b\u0445\u043e\u0434 (L)<\/td>\n<td class=\"et4\">\u041f\u0440\u043e\u0438\u0437\u0432\u043e\u0434\u0438\u0442\u0435\u043b\u044c\u043d\u043e\u0441\u0442\u044c (\u043c\u00b3\/\u0447)<\/td>\n<td class=\"et4\">\u041c\u0430\u043a\u0441\u0438\u043c\u0430\u043b\u044c\u043d\u043e\u0435 \u043a\u043e\u043b\u0438\u0447\u0435\u0441\u0442\u0432\u043e \u0437\u0430\u043f\u043e\u043b\u043d\u0438\u0442\u0435\u043b\u044f (\u043c\u043c)<\/td>\n<td class=\"et4\">\u0420\u0430\u0437\u043c\u0435\u0440 (\u043c\u043c)<\/td>\n<td class=\"et4\">\u0420\u0430\u0437\u043c\u0435\u0440 \u0443\u043f\u0430\u043a\u043e\u0432\u043a\u0438 (\u043c\u043c)<\/td>\n<td class=\"et4\">\u041e\u0431\u0449\u0438\u0439 \u0432\u0435\u0441 (\u043a\u0433)<\/td>\n<\/tr>\n<tr style=\"height: 13.50pt;\">\n<td class=\"et4\" style=\"height: 13.50pt;\" height=\"18\">JS500<\/td>\n<td class=\"et4\">500<\/td>\n<td class=\"et4\">800<\/td>\n<td class=\"et4\">\u226525<\/td>\n<td class=\"et4\">80\/60<\/td>\n<td class=\"et4\">4461\u00d73050\u00d75225<\/td>\n<td class=\"et4\">3050\u00d72300\u00d72680<\/td>\n<td class=\"et4\">4000<\/td>\n<\/tr>\n<tr style=\"height: 13.50pt;\">\n<td class=\"et4\" style=\"height: 13.50pt;\" height=\"18\">JS750<\/td>\n<td class=\"et4\">750<\/td>\n<td class=\"et4\">1200<\/td>\n<td class=\"et4\">\u226537.5<\/td>\n<td class=\"et4\">80\/60<\/td>\n<td class=\"et4\">4951\u00d73650\u00d76225<\/td>\n<td class=\"et4\">3650\u00d72600\u00d72890<\/td>\n<td class=\"et4\">5500<\/td>\n<\/tr>\n<tr style=\"height: 13.50pt;\">\n<td class=\"et4\" style=\"height: 13.50pt;\" height=\"18\">JS1000<\/td>\n<td class=\"et4\">1000<\/td>\n<td class=\"et4\">1600<\/td>\n<td class=\"et4\">\u226550<\/td>\n<td class=\"et4\">80\/60<\/td>\n<td class=\"et4\">8765\u00d73436\u00d79540<\/td>\n<td class=\"et4\">4640\u00d72250\u00d72250<\/td>\n<td class=\"et4\">8700<\/td>\n<\/tr>\n<tr style=\"height: 13.50pt;\">\n<td class=\"et4\" style=\"height: 13.50pt;\" height=\"18\">JS1500<\/td>\n<td class=\"et4\">1500<\/td>\n<td class=\"et4\">2400<\/td>\n<td class=\"et4\">\u226575<\/td>\n<td class=\"et4\">80\/60<\/td>\n<td class=\"et4\">9645\u00d73436\u00d79700<\/td>\n<td class=\"et4\">5058\u00d72250\u00d72440<\/td>\n<td class=\"et4\">11300<\/td>\n<\/tr>\n<tr style=\"height: 13.50pt;\">\n<td class=\"et4\" style=\"height: 13.50pt;\" height=\"18\">JS2000<\/td>\n<td class=\"et4\">2000<\/td>\n<td class=\"et4\">3200<\/td>\n<td class=\"et4\">\u2265100<\/td>\n<td class=\"et4\">80\/60<\/td>\n<td class=\"et4\">10720\u00d73876\u00d710726<\/td>\n<td class=\"et4\">5860\u00d72250\u00d72735<\/td>\n<td class=\"et4\">15000<\/td>\n<\/tr>\n<\/tbody>\n<\/table>","protected":false},"excerpt":{"rendered":"<p>JS CONCRETE MIXER NO Imput (L) Output (L) Capacity (m\u00b3\/h) Max Aggregate (mm) Dimension (mm) Packing Size (mm) Total Weight (kg) JS500 500 800 \u226525 80\/60 4461\u00d73050\u00d75225 3050\u00d72300\u00d72680 4000 JS750 750 1200 \u226537.5 80\/60 4951\u00d73650\u00d76225 3650\u00d72600\u00d72890 5500 JS1000 1000 1600 \u226550 80\/60 8765\u00d73436\u00d79540 4640\u00d72250\u00d72250 8700 JS1500 1500 2400 \u226575 80\/60 9645\u00d73436\u00d79700 5058\u00d72250\u00d72440 11300 JS2000 2000 [&hellip;]<\/p>\n","protected":false},"featured_media":575,"comment_status":"open","ping_status":"closed","template":"","meta":[],"product_brand":[],"product_cat":[21],"product_tag":[],"class_list":{"0":"post-574","1":"product","2":"type-product","3":"status-publish","4":"has-post-thumbnail","6":"product_cat-mobile-block-machine","8":"first","9":"instock","10":"shipping-taxable","11":"product-type-simple"},"_links":{"self":[{"href":"https:\/\/www.cgbmgroup.com\/ru\/wp-json\/wp\/v2\/product\/574","targetHints":{"allow":["GET"]}}],"collection":[{"href":"https:\/\/www.cgbmgroup.com\/ru\/wp-json\/wp\/v2\/product"}],"about":[{"href":"https:\/\/www.cgbmgroup.com\/ru\/wp-json\/wp\/v2\/types\/product"}],"replies":[{"embeddable":true,"href":"https:\/\/www.cgbmgroup.com\/ru\/wp-json\/wp\/v2\/comments?post=574"}],"wp:featuredmedia":[{"embeddable":true,"href":"https:\/\/www.cgbmgroup.com\/ru\/wp-json\/wp\/v2\/media\/575"}],"wp:attachment":[{"href":"https:\/\/www.cgbmgroup.com\/ru\/wp-json\/wp\/v2\/media?parent=574"}],"wp:term":[{"taxonomy":"product_brand","embeddable":true,"href":"https:\/\/www.cgbmgroup.com\/ru\/wp-json\/wp\/v2\/product_brand?post=574"},{"taxonomy":"product_cat","embeddable":true,"href":"https:\/\/www.cgbmgroup.com\/ru\/wp-json\/wp\/v2\/product_cat?post=574"},{"taxonomy":"product_tag","embeddable":true,"href":"https:\/\/www.cgbmgroup.com\/ru\/wp-json\/wp\/v2\/product_tag?post=574"}],"curies":[{"name":"wp","href":"https:\/\/api.w.org\/{rel}","templated":true}]}}