{"id":577,"date":"2025-11-03T11:52:17","date_gmt":"2025-11-03T03:52:17","guid":{"rendered":"http:\/\/zsj.hyhdemo.top\/?post_type=product&#038;p=577"},"modified":"2025-11-03T11:52:17","modified_gmt":"2025-11-03T03:52:17","slug":"%d0%b1%d0%b5%d1%82%d0%be%d0%bd%d0%be%d0%bc%d0%b5%d1%88%d0%b0%d0%bb%d0%ba%d0%b0-jzc","status":"publish","type":"product","link":"https:\/\/www.cgbmgroup.com\/ru\/product\/%d0%b1%d0%b5%d1%82%d0%be%d0%bd%d0%be%d0%bc%d0%b5%d1%88%d0%b0%d0%bb%d0%ba%d0%b0-jzc\/","title":{"rendered":"\u0411\u0435\u0442\u043e\u043d\u043e\u043c\u0435\u0448\u0430\u043b\u043a\u0430 JZC"},"content":{"rendered":"<table style=\"border-collapse: collapse; width: 714.02pt;\" border=\"0\" width=\"952\" cellspacing=\"0\" cellpadding=\"0\">\n<tbody>\n<tr style=\"height: 18.75pt;\">\n<td class=\"et2\" style=\"height: 18.75pt; width: 714.00pt;\" colspan=\"7\" width=\"952\" height=\"25\">\u0411\u0415\u0422\u041e\u041d\u041e\u041c\u0415\u0428\u0410\u041b\u041a\u0410 JZC<\/td>\n<\/tr>\n<tr style=\"height: 13.50pt;\">\n<td class=\"et4\" style=\"height: 13.50pt;\" height=\"18\">\u041d\u0415\u0422<\/td>\n<td class=\"et4\">\u0412\u0432\u043e\u0434 (L)<\/td>\n<td class=\"et4\">\u0412\u044b\u0445\u043e\u0434 (L)<\/td>\n<td class=\"et4\">\u041f\u0440\u043e\u0438\u0437\u0432\u043e\u0434\u0438\u0442\u0435\u043b\u044c\u043d\u043e\u0441\u0442\u044c (\u043c\u00b3\/\u0447)<\/td>\n<td class=\"et4\">\u041c\u0430\u043a\u0441\u0438\u043c\u0430\u043b\u044c\u043d\u043e\u0435 \u043a\u043e\u043b\u0438\u0447\u0435\u0441\u0442\u0432\u043e \u0437\u0430\u043f\u043e\u043b\u043d\u0438\u0442\u0435\u043b\u044f (\u043c\u043c)<\/td>\n<td class=\"et4\">\u0420\u0430\u0437\u043c\u0435\u0440 (L*W*H)<\/td>\n<td class=\"et4\">\u0420\u0430\u0437\u043c\u0435\u0440 \u0443\u043f\u0430\u043a\u043e\u0432\u043a\u0438<\/td>\n<\/tr>\n<tr style=\"height: 13.50pt;\">\n<td class=\"et4\" style=\"height: 13.50pt;\" height=\"18\">JZC350<\/td>\n<td class=\"et4\">560<\/td>\n<td class=\"et4\">350<\/td>\n<td class=\"et4\">10-14<\/td>\n<td class=\"et4\">60<\/td>\n<td class=\"et4\">4010\u00d72140\u00d73340<\/td>\n<td class=\"et4\">2765\u00d72140\u00d72980<\/td>\n<\/tr>\n<tr style=\"height: 13.50pt;\">\n<td class=\"et4\" style=\"height: 13.50pt;\" height=\"18\">JZC350B<\/td>\n<td class=\"et4\">560<\/td>\n<td class=\"et4\">350<\/td>\n<td class=\"et4\">10-14<\/td>\n<td class=\"et4\">60<\/td>\n<td class=\"et4\">4310\u00d72140\u00d74180<\/td>\n<td class=\"et4\">2950\u00d72140\u00d73350<\/td>\n<\/tr>\n<tr style=\"height: 13.50pt;\">\n<td class=\"et4\" style=\"height: 13.50pt;\" height=\"18\">JZC500<\/td>\n<td class=\"et4\">800<\/td>\n<td class=\"et4\">500<\/td>\n<td class=\"et4\">18-20<\/td>\n<td class=\"et4\">60<\/td>\n<td class=\"et4\">5230\u00d72300\u00d75450<\/td>\n<td class=\"et4\">4170\u00d72300\u00d72130<\/td>\n<\/tr>\n<tr style=\"height: 13.50pt;\">\n<td class=\"et4\" style=\"height: 13.50pt;\" height=\"18\">JZC750<\/td>\n<td class=\"et4\">1200<\/td>\n<td class=\"et4\">750<\/td>\n<td class=\"et4\">20-22.5<\/td>\n<td class=\"et4\">80<\/td>\n<td class=\"et4\">6107\u00d72050\u00d76070<\/td>\n<td class=\"et4\">4080\u00d72050\u00d72210<\/td>\n<\/tr>\n<tr style=\"height: 13.50pt;\">\n<td class=\"et4\" style=\"height: 13.50pt;\" height=\"18\">JZC1000<\/td>\n<td class=\"et4\">1600<\/td>\n<td class=\"et4\">1000<\/td>\n<td class=\"et4\">25-30<\/td>\n<td class=\"et4\">100<\/td>\n<td class=\"et4\">7600\u00d72200\u00d77455<\/td>\n<td class=\"et4\">4238\u00d72200\u00d74073<\/td>\n<\/tr>\n<tr style=\"height: 13.50pt;\">\n<td class=\"et5\" style=\"height: 13.50pt;\" colspan=\"7\" height=\"18\">\u0423\u043a\u0430\u0437\u0430\u043d\u043d\u044b\u0435 \u0432\u044b\u0448\u0435 \u043f\u0430\u0440\u0430\u043c\u0435\u0442\u0440\u044b \u043c\u043e\u0433\u0443\u0442 \u0438\u0437\u043c\u0435\u043d\u044f\u0442\u044c\u0441\u044f \u0432 \u0437\u0430\u0432\u0438\u0441\u0438\u043c\u043e\u0441\u0442\u0438 \u043e\u0442 \u0444\u0430\u043a\u0442\u0438\u0447\u0435\u0441\u043a\u0438\u0445 \u043f\u0430\u0440\u0430\u043c\u0435\u0442\u0440\u043e\u0432 \u0438\u0437\u0434\u0435\u043b\u0438\u044f.<\/td>\n<\/tr>\n<\/tbody>\n<\/table>","protected":false},"excerpt":{"rendered":"<p>JZC CONCRETE MIXER NO Imput (L) Output (L) Capacity (m\u00b3\/h) Max Aggregate (mm) Dimension (L*W*H) Packing Size JZC350 560 350 10-14 60 4010\u00d72140\u00d73340 2765\u00d72140\u00d72980 JZC350B 560 350 10-14 60 4310\u00d72140\u00d74180 2950\u00d72140\u00d73350 JZC500 800 500 18-20 60 5230\u00d72300\u00d75450 4170\u00d72300\u00d72130 JZC750 1200 750 20-22.5 80 6107\u00d72050\u00d76070 4080\u00d72050\u00d72210 JZC1000 1600 1000 25-30 100 7600\u00d72200\u00d77455 4238\u00d72200\u00d74073 The above parameters [&hellip;]<\/p>\n","protected":false},"featured_media":578,"comment_status":"open","ping_status":"closed","template":"","meta":[],"product_brand":[],"product_cat":[21],"product_tag":[],"class_list":{"0":"post-577","1":"product","2":"type-product","3":"status-publish","4":"has-post-thumbnail","6":"product_cat-mobile-block-machine","8":"first","9":"instock","10":"shipping-taxable","11":"product-type-simple"},"_links":{"self":[{"href":"https:\/\/www.cgbmgroup.com\/ru\/wp-json\/wp\/v2\/product\/577","targetHints":{"allow":["GET"]}}],"collection":[{"href":"https:\/\/www.cgbmgroup.com\/ru\/wp-json\/wp\/v2\/product"}],"about":[{"href":"https:\/\/www.cgbmgroup.com\/ru\/wp-json\/wp\/v2\/types\/product"}],"replies":[{"embeddable":true,"href":"https:\/\/www.cgbmgroup.com\/ru\/wp-json\/wp\/v2\/comments?post=577"}],"wp:featuredmedia":[{"embeddable":true,"href":"https:\/\/www.cgbmgroup.com\/ru\/wp-json\/wp\/v2\/media\/578"}],"wp:attachment":[{"href":"https:\/\/www.cgbmgroup.com\/ru\/wp-json\/wp\/v2\/media?parent=577"}],"wp:term":[{"taxonomy":"product_brand","embeddable":true,"href":"https:\/\/www.cgbmgroup.com\/ru\/wp-json\/wp\/v2\/product_brand?post=577"},{"taxonomy":"product_cat","embeddable":true,"href":"https:\/\/www.cgbmgroup.com\/ru\/wp-json\/wp\/v2\/product_cat?post=577"},{"taxonomy":"product_tag","embeddable":true,"href":"https:\/\/www.cgbmgroup.com\/ru\/wp-json\/wp\/v2\/product_tag?post=577"}],"curies":[{"name":"wp","href":"https:\/\/api.w.org\/{rel}","templated":true}]}}