{"id":579,"date":"2025-11-03T11:56:59","date_gmt":"2025-11-03T03:56:59","guid":{"rendered":"http:\/\/zsj.hyhdemo.top\/?post_type=product&#038;p=579"},"modified":"2025-11-03T11:57:00","modified_gmt":"2025-11-03T03:57:00","slug":"%d0%b4%d0%be%d0%b7%d0%b0%d1%82%d0%be%d1%80","status":"publish","type":"product","link":"https:\/\/www.cgbmgroup.com\/ru\/product\/%d0%b4%d0%be%d0%b7%d0%b0%d1%82%d0%be%d1%80\/","title":{"rendered":"\u0414\u043e\u0437\u0438\u0440\u0443\u044e\u0449\u0430\u044f \u043c\u0430\u0448\u0438\u043d\u0430"},"content":{"rendered":"<table style=\"border-collapse: collapse; width: 564.02pt;\" border=\"0\" width=\"752\" cellspacing=\"0\" cellpadding=\"0\">\n<tbody>\n<tr style=\"height: 15.00pt;\">\n<td class=\"et2\" style=\"height: 15.00pt; width: 564.00pt;\" colspan=\"4\" width=\"752\" height=\"20\">\u0414\u043e\u0437\u0438\u0440\u0443\u044e\u0449\u0430\u044f \u043c\u0430\u0448\u0438\u043d\u0430<\/td>\n<\/tr>\n<tr style=\"height: 13.50pt;\">\n<td class=\"et3\" style=\"height: 13.50pt;\" height=\"18\">\u041c\u043e\u0434\u0435\u043b\u044c<\/td>\n<td class=\"et3\">PL800<\/td>\n<td class=\"et3\">PL1200-III<\/td>\n<td class=\"et3\">PL1600-III<\/td>\n<\/tr>\n<tr style=\"height: 13.50pt;\">\n<td class=\"et3\" style=\"height: 13.50pt;\" height=\"18\">\u041e\u0431\u044a\u0435\u043c \u0432\u0435\u0441\u043e\u0432\u043e\u0433\u043e \u0431\u0443\u043d\u043a\u0435\u0440\u0430 (\u043c\u00b3)<\/td>\n<td class=\"et3\">0.8<\/td>\n<td class=\"et3\">1.2<\/td>\n<td class=\"et3\">1.6m\u00b3<\/td>\n<\/tr>\n<tr style=\"height: 13.50pt;\">\n<td class=\"et3\" style=\"height: 13.50pt;\" height=\"18\">\u041e\u0431\u044a\u0435\u043c \u0440\u0435\u0437\u0435\u0440\u0432\u043d\u043e\u0433\u043e \u0431\u0443\u043d\u043a\u0435\u0440\u0430 (\u043c\u00b3)<\/td>\n<td class=\"et3\">2\u00d72<\/td>\n<td class=\"et3\">3\u00d74<\/td>\n<td class=\"et3\">3\u00d76m\u00b3<\/td>\n<\/tr>\n<tr style=\"height: 13.50pt;\">\n<td class=\"et3\" style=\"height: 13.50pt;\" height=\"18\">\u041f\u0440\u043e\u0438\u0437\u0432\u043e\u0434\u0438\u0442\u0435\u043b\u044c\u043d\u043e\u0441\u0442\u044c (\u043c\u00b3\/\u0447)<\/td>\n<td class=\"et3\">48<\/td>\n<td class=\"et3\">72<\/td>\n<td class=\"et3\">96 \u043c\u00b3\/\u0447<\/td>\n<\/tr>\n<tr style=\"height: 13.50pt;\">\n<td class=\"et3\" style=\"height: 13.50pt;\" height=\"18\">\u0422\u043e\u0447\u043d\u043e\u0441\u0442\u044c \u0434\u043e\u0437\u0438\u0440\u043e\u0432\u0430\u043d\u0438\u044f (%)<\/td>\n<td class=\"et3\">\u00b12<\/td>\n<td class=\"et3\">\u00b12<\/td>\n<td class=\"et3\">\u00b12%<\/td>\n<\/tr>\n<tr style=\"height: 13.50pt;\">\n<td class=\"et3\" style=\"height: 13.50pt;\" height=\"18\">\u041c\u0430\u043a\u0441. \u041c\u0435\u0442\u0440\u0430\u0436 (\u043a\u0433)<\/td>\n<td class=\"et3\">1500<\/td>\n<td class=\"et3\">2000<\/td>\n<td class=\"et3\">2800<\/td>\n<\/tr>\n<tr style=\"height: 13.50pt;\">\n<td class=\"et3\" style=\"height: 13.50pt;\" height=\"18\">\u041a\u0430\u0442\u0435\u0433\u043e\u0440\u0438\u044f \u0434\u043e\u0437\u0438\u0440\u043e\u0432\u0430\u043d\u0438\u044f<\/td>\n<td class=\"et3\">2<\/td>\n<td class=\"et3\">3<\/td>\n<td class=\"et3\">3<\/td>\n<\/tr>\n<tr style=\"height: 13.50pt;\">\n<td class=\"et3\" style=\"height: 13.50pt;\" height=\"18\">\u0412\u044b\u0441\u043e\u0442\u0430 \u043f\u043e\u0433\u0440\u0443\u0437\u043a\u0438 (\u043c\u043c)<\/td>\n<td class=\"et3\">2645<\/td>\n<td class=\"et3\">2550<\/td>\n<td class=\"et3\">2750<\/td>\n<\/tr>\n<tr style=\"height: 13.50pt;\">\n<td class=\"et3\" style=\"height: 13.50pt;\" height=\"18\">\u0418\u0437\u043c\u0435\u0440\u0435\u043d\u0438\u0435<\/td>\n<td class=\"et3\">\u042d\u043b\u0435\u043a\u0442\u0440\u043e\u043d\u043d\u0430\u044f<\/td>\n<td class=\"et3\">\u042d\u043b\u0435\u043a\u0442\u0440\u043e\u043d\u043d\u0430\u044f<\/td>\n<td class=\"et3\">\u042d\u043b\u0435\u043a\u0442\u0440\u043e\u043d\u043d\u0430\u044f<\/td>\n<\/tr>\n<tr style=\"height: 13.50pt;\">\n<td class=\"et3\" style=\"height: 13.50pt;\" height=\"18\">\u041c\u043e\u0449\u043d\u043e\u0441\u0442\u044c (\u043a\u0412\u0442)<\/td>\n<td class=\"et3\">6.6<\/td>\n<td class=\"et3\">11.7<\/td>\n<td class=\"et3\">14.6<\/td>\n<\/tr>\n<tr style=\"height: 13.50pt;\">\n<td class=\"et3\" style=\"height: 13.50pt;\" height=\"18\">\u0412\u0435\u0441 (\u043a\u0433)<\/td>\n<td class=\"et3\">2500<\/td>\n<td class=\"et3\">4000<\/td>\n<td class=\"et3\">4800<\/td>\n<\/tr>\n<tr style=\"height: 13.50pt;\">\n<td class=\"et3\" style=\"height: 13.50pt;\" height=\"18\">\u0420\u0430\u0437\u043c\u0435\u0440 (\u0414\u00d7\u0428\u00d7\u0413) (\u043c\u043c)<\/td>\n<td class=\"et3\">5630\u00d71930\u00d72970<\/td>\n<td class=\"et3\">8485\u00d72475\u00d72875<\/td>\n<td class=\"et3\">9600\u00d72200\u00d73405 \u043c\u043c<\/td>\n<\/tr>\n<\/tbody>\n<\/table>","protected":false},"excerpt":{"rendered":"<p>Batching Machine Model PL800 PL1200-III PL1600-III Cubage of weighing hopper(m\u00b3) 0.8 1.2 1.6m\u00b3 Cubage of reserve hopper(m\u00b3) 2\u00d72 3\u00d74 3\u00d76m\u00b3 Productivity(m\u00b3\/h) 48 72 96m\u00b3\/h Batching precision(%) \u00b12 \u00b12 \u00b12% Max. Metage(kg) 1500 2000 2800 Batching category 2 3 3 Loading height(mm) 2645 2550 2750 Measurement Electronic Electronic Electronic Power(kW) 6.6 11.7 14.6 Weight(kg) 2500 4000 [&hellip;]<\/p>\n","protected":false},"featured_media":580,"comment_status":"open","ping_status":"closed","template":"","meta":[],"product_brand":[],"product_cat":[21],"product_tag":[],"class_list":{"0":"post-579","1":"product","2":"type-product","3":"status-publish","4":"has-post-thumbnail","6":"product_cat-mobile-block-machine","8":"first","9":"instock","10":"shipping-taxable","11":"product-type-simple"},"_links":{"self":[{"href":"https:\/\/www.cgbmgroup.com\/ru\/wp-json\/wp\/v2\/product\/579","targetHints":{"allow":["GET"]}}],"collection":[{"href":"https:\/\/www.cgbmgroup.com\/ru\/wp-json\/wp\/v2\/product"}],"about":[{"href":"https:\/\/www.cgbmgroup.com\/ru\/wp-json\/wp\/v2\/types\/product"}],"replies":[{"embeddable":true,"href":"https:\/\/www.cgbmgroup.com\/ru\/wp-json\/wp\/v2\/comments?post=579"}],"wp:featuredmedia":[{"embeddable":true,"href":"https:\/\/www.cgbmgroup.com\/ru\/wp-json\/wp\/v2\/media\/580"}],"wp:attachment":[{"href":"https:\/\/www.cgbmgroup.com\/ru\/wp-json\/wp\/v2\/media?parent=579"}],"wp:term":[{"taxonomy":"product_brand","embeddable":true,"href":"https:\/\/www.cgbmgroup.com\/ru\/wp-json\/wp\/v2\/product_brand?post=579"},{"taxonomy":"product_cat","embeddable":true,"href":"https:\/\/www.cgbmgroup.com\/ru\/wp-json\/wp\/v2\/product_cat?post=579"},{"taxonomy":"product_tag","embeddable":true,"href":"https:\/\/www.cgbmgroup.com\/ru\/wp-json\/wp\/v2\/product_tag?post=579"}],"curies":[{"name":"wp","href":"https:\/\/api.w.org\/{rel}","templated":true}]}}